{"id":987591504,"date":"2026-03-25T11:55:02","date_gmt":"2026-03-25T14:55:02","guid":{"rendered":"https:\/\/www.efan.com.br\/universidade\/?page_id=987591504"},"modified":"2026-03-25T15:26:24","modified_gmt":"2026-03-25T18:26:24","slug":"parceria-amefa-efas","status":"publish","type":"page","link":"https:\/\/www.efan.com.br\/universidade\/a-faculdade\/beneficios-e-descontos\/parceria-amefa-efas\/","title":{"rendered":"Parceria AMEFA + EFAs"},"content":{"rendered":"<p>[et_pb_section fb_built=&#8221;1&#8243; _builder_version=&#8221;4.27.6&#8243; _module_preset=&#8221;default&#8221; background_color=&#8221;gcid-15a64b5a-5c56-46f3-99c0-666a66a3e92c&#8221; custom_padding=&#8221;||14px|||&#8221; global_colors_info=&#8221;{%22gcid-15a64b5a-5c56-46f3-99c0-666a66a3e92c%22:%91%22background_color%22%93}&#8221;][et_pb_row _builder_version=&#8221;4.27.6&#8243; _module_preset=&#8221;default&#8221; custom_margin=&#8221;-47px|auto||auto||&#8221; global_colors_info=&#8221;{}&#8221;][et_pb_column type=&#8221;4_4&#8243; _builder_version=&#8221;4.27.6&#8243; _module_preset=&#8221;default&#8221; global_colors_info=&#8221;{}&#8221;][et_pb_text admin_label=&#8221;T\u00cdTULO DA P\u00c1GINA&#8221; _builder_version=&#8221;4.27.6&#8243; _module_preset=&#8221;default&#8221; hover_enabled=&#8221;0&#8243; global_colors_info=&#8221;{}&#8221; sticky_enabled=&#8221;0&#8243; header_font_size_last_edited=&#8221;on|phone&#8221; header_font_size_phone=&#8221;29px&#8221;]<\/p>\n<h1 class=\"et_pb_module_header\" style=\"text-align: center;\">Parceria AMEFA + EFAs<\/h1>\n<p>[\/et_pb_text][\/et_pb_column][\/et_pb_row][\/et_pb_section][et_pb_section fb_built=&#8221;1&#8243; _builder_version=&#8221;4.27.6&#8243; _module_preset=&#8221;default&#8221; custom_padding=&#8221;16px|||||&#8221; global_colors_info=&#8221;{}&#8221;][et_pb_row _builder_version=&#8221;4.27.6&#8243; _module_preset=&#8221;default&#8221; width=&#8221;90%&#8221; max_width=&#8221;1280px&#8221; module_alignment=&#8221;center&#8221; global_colors_info=&#8221;{}&#8221;][et_pb_column type=&#8221;4_4&#8243; _builder_version=&#8221;4.27.6&#8243; _module_preset=&#8221;default&#8221; global_colors_info=&#8221;{}&#8221;][et_pb_text _builder_version=&#8221;4.27.6&#8243; _module_preset=&#8221;default&#8221; header_4_text_color=&#8221;gcid-b4e5221b-725e-41b2-9f22-9b0a184c0015&#8243; global_colors_info=&#8221;{%22gcid-b4e5221b-725e-41b2-9f22-9b0a184c0015%22:%91%22header_4_text_color%22%93}&#8221;]<\/p>\n<h4>Conectando educa\u00e7\u00e3o, territ\u00f3rio e transforma\u00e7\u00e3o social.<\/h4>\n<p>&nbsp;<\/p>\n<p>A Faculdade EFAN mant\u00e9m uma s\u00f3lida parceria institucional com a AMEFA \u2013 Associa\u00e7\u00e3o Mineira das Escolas Fam\u00edlia Agr\u00edcola, fortalecendo um modelo educacional que valoriza a forma\u00e7\u00e3o integral, o desenvolvimento territorial e a conex\u00e3o entre educa\u00e7\u00e3o e realidade.<br \/>As Escolas Fam\u00edlia Agr\u00edcola (EFAs) est\u00e3o presentes em diversas regi\u00f5es de Minas Gerais e do Brasil, desempenhando um papel fundamental na forma\u00e7\u00e3o de jovens por meio da pedagogia da altern\u00e2ncia, que integra o aprendizado acad\u00eamico com a viv\u00eancia pr\u00e1tica nas comunidades. Esse modelo contribui para o fortalecimento da identidade, da autonomia e do protagonismo dos estudantes.<br \/>A EFAN atua em parceria com todas as EFAs de Minas Gerais, al\u00e9m de manter conex\u00e3o com EFAs de outros estados, ampliando o alcance das a\u00e7\u00f5es educacionais e promovendo a integra\u00e7\u00e3o entre diferentes territ\u00f3rios e realidades.<br \/>Como parte dessa atua\u00e7\u00e3o, a institui\u00e7\u00e3o realiza o Conecta EFA, um evento que re\u00fane estudantes, educadores e representantes das EFAs de todo o Brasil. O encontro promove troca de experi\u00eancias, integra\u00e7\u00e3o entre institui\u00e7\u00f5es e fortalecimento da educa\u00e7\u00e3o do campo, consolidando a EFAN como um ponto de conex\u00e3o nacional entre as Escolas Fam\u00edlia Agr\u00edcola.<br \/>Essa parceria amplia as possibilidades de forma\u00e7\u00e3o acad\u00eamica, permitindo que os estudantes avancem no ensino superior sem perder a conex\u00e3o com suas origens, seus territ\u00f3rios e suas viv\u00eancias.<br \/>A integra\u00e7\u00e3o entre a EFAN, a AMEFA e as EFAs refor\u00e7a o compromisso com uma educa\u00e7\u00e3o inovadora, inclusiva e voltada para o desenvolvimento social e sustent\u00e1vel.<\/p>\n<p>&nbsp;<\/p>\n<p>[\/et_pb_text][\/et_pb_column][\/et_pb_row][et_pb_row _builder_version=&#8221;4.27.6&#8243; _module_preset=&#8221;default&#8221; custom_padding=&#8221;1px|||||&#8221; global_colors_info=&#8221;{}&#8221;][et_pb_column type=&#8221;4_4&#8243; _builder_version=&#8221;4.27.6&#8243; _module_preset=&#8221;default&#8221; global_colors_info=&#8221;{}&#8221;][et_pb_text _builder_version=&#8221;4.27.6&#8243; _module_preset=&#8221;default&#8221; global_colors_info=&#8221;{}&#8221;]<\/p>\nngg_shortcode_0_placeholder\n<p>[\/et_pb_text][\/et_pb_column][\/et_pb_row][\/et_pb_section]<\/p>\n","protected":false},"excerpt":{"rendered":"<p>Parceria AMEFA + EFAsConectando educa\u00e7\u00e3o, territ\u00f3rio e transforma\u00e7\u00e3o social. &nbsp; A Faculdade EFAN mant\u00e9m uma s\u00f3lida parceria institucional com a AMEFA \u2013 Associa\u00e7\u00e3o Mineira das Escolas Fam\u00edlia Agr\u00edcola, fortalecendo um modelo educacional que valoriza a forma\u00e7\u00e3o integral, o desenvolvimento territorial e a conex\u00e3o entre educa\u00e7\u00e3o e realidade.As Escolas Fam\u00edlia Agr\u00edcola (EFAs) est\u00e3o presentes em diversas [&hellip;]<\/p>\n","protected":false},"author":1,"featured_media":0,"parent":370264,"menu_order":5,"comment_status":"closed","ping_status":"closed","template":"","meta":{"_et_pb_use_builder":"on","_et_pb_old_content":"","_et_gb_content_width":"","ngg_post_thumbnail":0,"_joinchat":[],"footnotes":"","_links_to":"","_links_to_target":""},"class_list":["post-987591504","page","type-page","status-publish","hentry"],"_links":{"self":[{"href":"https:\/\/www.efan.com.br\/universidade\/wp-json\/wp\/v2\/pages\/987591504","targetHints":{"allow":["GET"]}}],"collection":[{"href":"https:\/\/www.efan.com.br\/universidade\/wp-json\/wp\/v2\/pages"}],"about":[{"href":"https:\/\/www.efan.com.br\/universidade\/wp-json\/wp\/v2\/types\/page"}],"author":[{"embeddable":true,"href":"https:\/\/www.efan.com.br\/universidade\/wp-json\/wp\/v2\/users\/1"}],"replies":[{"embeddable":true,"href":"https:\/\/www.efan.com.br\/universidade\/wp-json\/wp\/v2\/comments?post=987591504"}],"version-history":[{"count":7,"href":"https:\/\/www.efan.com.br\/universidade\/wp-json\/wp\/v2\/pages\/987591504\/revisions"}],"predecessor-version":[{"id":987591593,"href":"https:\/\/www.efan.com.br\/universidade\/wp-json\/wp\/v2\/pages\/987591504\/revisions\/987591593"}],"up":[{"embeddable":true,"href":"https:\/\/www.efan.com.br\/universidade\/wp-json\/wp\/v2\/pages\/370264"}],"wp:attachment":[{"href":"https:\/\/www.efan.com.br\/universidade\/wp-json\/wp\/v2\/media?parent=987591504"}],"curies":[{"name":"wp","href":"https:\/\/api.w.org\/{rel}","templated":true}]}}