{"id":987591208,"date":"2026-03-23T14:16:46","date_gmt":"2026-03-23T17:16:46","guid":{"rendered":"https:\/\/www.efan.com.br\/universidade\/?page_id=987591208"},"modified":"2026-03-23T14:23:37","modified_gmt":"2026-03-23T17:23:37","slug":"financiamento-pravaler","status":"publish","type":"page","link":"https:\/\/www.efan.com.br\/universidade\/financiamento-pravaler\/","title":{"rendered":"Financiamento Pravaler"},"content":{"rendered":"<p>[et_pb_section fb_built=&#8221;1&#8243; _builder_version=&#8221;4.27.6&#8243; _module_preset=&#8221;default&#8221; background_color=&#8221;gcid-15a64b5a-5c56-46f3-99c0-666a66a3e92c&#8221; custom_padding=&#8221;||14px|||&#8221; global_colors_info=&#8221;{%22gcid-15a64b5a-5c56-46f3-99c0-666a66a3e92c%22:%91%22background_color%22%93}&#8221;][et_pb_row _builder_version=&#8221;4.27.6&#8243; _module_preset=&#8221;default&#8221; custom_margin=&#8221;-47px|auto||auto||&#8221; global_colors_info=&#8221;{}&#8221;][et_pb_column type=&#8221;4_4&#8243; _builder_version=&#8221;4.27.6&#8243; _module_preset=&#8221;default&#8221; global_colors_info=&#8221;{}&#8221;][et_pb_text admin_label=&#8221;T\u00cdTULO DA P\u00c1GINA&#8221; _builder_version=&#8221;4.27.6&#8243; _module_preset=&#8221;default&#8221; global_colors_info=&#8221;{}&#8221;]<\/p>\n<h1 class=\"et_pb_module_header\" style=\"text-align: center;\">Financiamento Pravaler<\/h1>\n<p>[\/et_pb_text][\/et_pb_column][\/et_pb_row][\/et_pb_section][et_pb_section fb_built=&#8221;1&#8243; _builder_version=&#8221;4.27.6&#8243; _module_preset=&#8221;default&#8221; background_enable_image=&#8221;off&#8221; width=&#8221;100%&#8221; max_width=&#8221;1280px&#8221; module_alignment=&#8221;center&#8221; custom_padding=&#8221;40px|0px|0px|0px|false|true&#8221; hover_enabled=&#8221;0&#8243; global_module=&#8221;987590912&#8243; saved_tabs=&#8221;all&#8221; global_colors_info=&#8221;{}&#8221; sticky_enabled=&#8221;0&#8243; custom_margin=&#8221;|0px||0px|false|true&#8221;][et_pb_row column_structure=&#8221;1_3,1_3,1_3&#8243; use_custom_gutter=&#8221;on&#8221; gutter_width=&#8221;1&#8243; make_equal=&#8221;on&#8221; _builder_version=&#8221;4.27.6&#8243; _module_preset=&#8221;default&#8221; z_index=&#8221;999&#8243; width=&#8221;94%&#8221; max_width=&#8221;1280px&#8221; hover_enabled=&#8221;0&#8243; global_colors_info=&#8221;{}&#8221; gutter_width__hover_enabled=&#8221;on|desktop&#8221; module_alignment=&#8221;center&#8221; sticky_enabled=&#8221;0&#8243; gutter_width__hover=&#8221;1&#8243;][et_pb_column type=&#8221;1_3&#8243; _builder_version=&#8221;4.27.6&#8243; _module_preset=&#8221;default&#8221; global_colors_info=&#8221;{}&#8221;][et_pb_text _builder_version=&#8221;4.27.6&#8243; _module_preset=&#8221;default&#8221; text_text_color=&#8221;#FFFFFF&#8221; header_3_text_color=&#8221;#FCAC00&#8243; header_4_text_color=&#8221;#B77900&#8243; background_color=&#8221;gcid-15a64b5a-5c56-46f3-99c0-666a66a3e92c&#8221; width=&#8221;96%&#8221; module_alignment=&#8221;center&#8221; custom_padding=&#8221;15px|15px|15px|15px|true|true&#8221; hover_enabled=&#8221;0&#8243; border_radii=&#8221;on|15px|15px|15px|15px&#8221; global_colors_info=&#8221;{%22gcid-15a64b5a-5c56-46f3-99c0-666a66a3e92c%22:%91%22background_color%22%93}&#8221; sticky_enabled=&#8221;0&#8243; custom_padding_last_edited=&#8221;on|phone&#8221; custom_margin=&#8221;||25px||false|false&#8221; custom_padding_tablet=&#8221;15px|15px|15px|15px|true|true&#8221; custom_padding_phone=&#8221;15px|15px|15px|15px|true|true&#8221;]<\/p>\n<h3><strong>Modalidades de ingresso<\/strong><\/h3>\n<p><strong><\/strong><\/p>\n<p><strong>1- Avalia\u00e7\u00e3o e Compet\u00eancias<\/strong><\/p>\n<p>O vestibular contar\u00e1 com uma reda\u00e7\u00e3o valendo 1000 pontos, onde voc\u00ea ser\u00e1 avaliado em compet\u00eancias essenciais para solucionar problemas sociais contempor\u00e2neos. A distribui\u00e7\u00e3o da pontua\u00e7\u00e3o ser\u00e1 da seguinte forma:<\/p>\n<p>Capacidade cr\u00edtica e anal\u00edtica: 300 pontos<br \/>Habilidade de argumenta\u00e7\u00e3o: 250 pontos<br \/>Criatividade: 200 pontos<br \/>Organiza\u00e7\u00e3o e coes\u00e3o textual: 250 pontos<\/p>\n<p><strong>2- Uso da Nota do ENEM<\/strong><\/p>\n<p>Se voc\u00ea participou do ENEM em 2023 ou 2024, pode enviar sua nota de reda\u00e7\u00e3o durante a inscri\u00e7\u00e3o, utilizando-a como parte do processo seletivo. Sua nota no ENEM ter\u00e1 a mesma equival\u00eancia da reda\u00e7\u00e3o do vestibular, garantindo transpar\u00eancia na avalia\u00e7\u00e3o.<\/p>\n<p>[\/et_pb_text][\/et_pb_column][et_pb_column type=&#8221;1_3&#8243; _builder_version=&#8221;4.27.6&#8243; _module_preset=&#8221;default&#8221; global_colors_info=&#8221;{}&#8221;][et_pb_text _builder_version=&#8221;4.27.6&#8243; _module_preset=&#8221;default&#8221; text_text_color=&#8221;#FFFFFF&#8221; header_3_text_color=&#8221;#FCAC00&#8243; header_4_text_color=&#8221;#B77900&#8243; background_color=&#8221;gcid-15a64b5a-5c56-46f3-99c0-666a66a3e92c&#8221; width=&#8221;96%&#8221; module_alignment=&#8221;center&#8221; custom_padding=&#8221;15px|15px|15px|15px|true|true&#8221; hover_enabled=&#8221;0&#8243; border_radii=&#8221;on|15px|15px|15px|15px&#8221; global_colors_info=&#8221;{%22gcid-15a64b5a-5c56-46f3-99c0-666a66a3e92c%22:%91%22background_color%22%93}&#8221; custom_margin_last_edited=&#8221;on|phone&#8221; sticky_enabled=&#8221;0&#8243; custom_margin_phone=&#8221;||25px||false|false&#8221;]<\/p>\n<h3><strong>Bolsas e financiamento<\/strong><\/h3>\n<p><strong><\/strong><\/p>\n<p style=\"text-align: left;\"><strong>Bolsas de Estudo com at\u00e9 100% de Desconto<\/strong><\/p>\n<p style=\"text-align: left;\">A nota na reda\u00e7\u00e3o ser\u00e1 crucial para o percentual de desconto nas bolsas de estudo, que podem chegar a 100% de desconto para o primeiro per\u00edodo do curso. Para concorrer \u00e0s bolsas integrais, \u00e9 necess\u00e1rio realizar o vestibular em novembro.<\/p>\n<p style=\"text-align: left;\">Candidatos que fizerem o vestibular ap\u00f3s novembro ainda poder\u00e3o ingressar, mas n\u00e3o estar\u00e3o concorrendo \u00e0s bolsas integrais de at\u00e9 100%.<\/p>\n<p style=\"text-align: left;\">[\/et_pb_text][\/et_pb_column][et_pb_column type=&#8221;1_3&#8243; _builder_version=&#8221;4.27.6&#8243; _module_preset=&#8221;default&#8221; global_colors_info=&#8221;{}&#8221;][et_pb_text _builder_version=&#8221;4.27.6&#8243; _module_preset=&#8221;default&#8221; text_text_color=&#8221;#FFFFFF&#8221; header_3_text_color=&#8221;#FCAC00&#8243; header_4_text_color=&#8221;#B77900&#8243; background_color=&#8221;gcid-15a64b5a-5c56-46f3-99c0-666a66a3e92c&#8221; width=&#8221;96%&#8221; module_alignment=&#8221;center&#8221; custom_padding=&#8221;15px|15px|15px|15px|true|true&#8221; border_radii=&#8221;on|15px|15px|15px|15px&#8221; global_colors_info=&#8221;{%22gcid-15a64b5a-5c56-46f3-99c0-666a66a3e92c%22:%91%22background_color%22%93}&#8221;]<\/p>\n<h3><strong>Financiamento Pr\u00e1tico e Acess\u00edvel<\/strong><\/h3>\n<p>Na EFAN, acreditamos que o acesso \u00e0 educa\u00e7\u00e3o de qualidade deve ser poss\u00edvel para todos \u2014 e que o investimento no seu futuro n\u00e3o precisa pesar no seu presente.<\/p>\n<p>Com o PRAVALER, voc\u00ea conta com uma forma inteligente de pagamento: o valor do semestre \u00e9 dilu\u00eddo em um per\u00edodo maior, permitindo parcelas mais leves e acess\u00edveis. Na pr\u00e1tica, isso significa que o que seria pago em menos tempo pode ser dividido em um prazo maior, facilitando sua organiza\u00e7\u00e3o financeira ao longo do curso.<\/p>\n<p>Essa modalidade possibilita que voc\u00ea estude agora e pague de forma planejada, mantendo o equil\u00edbrio do seu or\u00e7amento durante toda a gradua\u00e7\u00e3o.<\/p>\n<p>Invista na sua forma\u00e7\u00e3o com mais tranquilidade, previsibilidade e seguran\u00e7a.<\/p>\n<p>Fa\u00e7a agora sua simula\u00e7\u00e3o com o PRAVALER e descubra como come\u00e7ar hoje mesmo sua jornada na EFAN.<\/p>\n[et_pb_section global_module=\"1089133\"][\/et_pb_section]\n<p>&nbsp;<\/p>\n<p>[\/et_pb_text][\/et_pb_column][\/et_pb_row][\/et_pb_section]<\/p>\n","protected":false},"excerpt":{"rendered":"<p>Financiamento PravalerModalidades de ingresso 1- Avalia\u00e7\u00e3o e Compet\u00eancias O vestibular contar\u00e1 com uma reda\u00e7\u00e3o valendo 1000 pontos, onde voc\u00ea ser\u00e1 avaliado em compet\u00eancias essenciais para solucionar problemas sociais contempor\u00e2neos. A distribui\u00e7\u00e3o da pontua\u00e7\u00e3o ser\u00e1 da seguinte forma: Capacidade cr\u00edtica e anal\u00edtica: 300 pontosHabilidade de argumenta\u00e7\u00e3o: 250 pontosCriatividade: 200 pontosOrganiza\u00e7\u00e3o e coes\u00e3o textual: 250 pontos 2- [&hellip;]<\/p>\n","protected":false},"author":1,"featured_media":0,"parent":0,"menu_order":0,"comment_status":"closed","ping_status":"closed","template":"","meta":{"_et_pb_use_builder":"on","_et_pb_old_content":"","_et_gb_content_width":"","ngg_post_thumbnail":0,"_joinchat":[],"footnotes":"","_links_to":"","_links_to_target":""},"class_list":["post-987591208","page","type-page","status-publish","hentry"],"_links":{"self":[{"href":"https:\/\/www.efan.com.br\/universidade\/wp-json\/wp\/v2\/pages\/987591208","targetHints":{"allow":["GET"]}}],"collection":[{"href":"https:\/\/www.efan.com.br\/universidade\/wp-json\/wp\/v2\/pages"}],"about":[{"href":"https:\/\/www.efan.com.br\/universidade\/wp-json\/wp\/v2\/types\/page"}],"author":[{"embeddable":true,"href":"https:\/\/www.efan.com.br\/universidade\/wp-json\/wp\/v2\/users\/1"}],"replies":[{"embeddable":true,"href":"https:\/\/www.efan.com.br\/universidade\/wp-json\/wp\/v2\/comments?post=987591208"}],"version-history":[{"count":5,"href":"https:\/\/www.efan.com.br\/universidade\/wp-json\/wp\/v2\/pages\/987591208\/revisions"}],"predecessor-version":[{"id":987591223,"href":"https:\/\/www.efan.com.br\/universidade\/wp-json\/wp\/v2\/pages\/987591208\/revisions\/987591223"}],"wp:attachment":[{"href":"https:\/\/www.efan.com.br\/universidade\/wp-json\/wp\/v2\/media?parent=987591208"}],"curies":[{"name":"wp","href":"https:\/\/api.w.org\/{rel}","templated":true}]}}