{"id":987496722,"date":"2025-12-22T23:28:56","date_gmt":"2025-12-23T02:28:56","guid":{"rendered":"https:\/\/www.efan.com.br\/universidade\/?page_id=987496722"},"modified":"2026-03-25T15:35:47","modified_gmt":"2026-03-25T18:35:47","slug":"portarias","status":"publish","type":"page","link":"https:\/\/www.efan.com.br\/universidade\/a-faculdade\/sobre\/portarias\/","title":{"rendered":"Portarias"},"content":{"rendered":"<p>[et_pb_section fb_built=&#8221;1&#8243; _builder_version=&#8221;4.27.6&#8243; _module_preset=&#8221;default&#8221; background_color=&#8221;gcid-15a64b5a-5c56-46f3-99c0-666a66a3e92c&#8221; custom_padding=&#8221;||14px|||&#8221; hover_enabled=&#8221;0&#8243; global_colors_info=&#8221;{%22gcid-15a64b5a-5c56-46f3-99c0-666a66a3e92c%22:%91%22background_color%22%93}&#8221; sticky_enabled=&#8221;0&#8243;][et_pb_row _builder_version=&#8221;4.27.6&#8243; _module_preset=&#8221;default&#8221; custom_margin=&#8221;-47px|auto||auto||&#8221; hover_enabled=&#8221;0&#8243; global_colors_info=&#8221;{}&#8221; width=&#8221;90%&#8221; max_width=&#8221;1280px&#8221; module_alignment=&#8221;center&#8221; sticky_enabled=&#8221;0&#8243;][et_pb_column type=&#8221;4_4&#8243; _builder_version=&#8221;4.27.6&#8243; _module_preset=&#8221;default&#8221; global_colors_info=&#8221;{}&#8221;][et_pb_text admin_label=&#8221;T\u00cdTULO DA P\u00c1GINA&#8221; _builder_version=&#8221;4.27.6&#8243; _module_preset=&#8221;default&#8221; global_colors_info=&#8221;{}&#8221;]<\/p>\n<h1 class=\"et_pb_module_header\" style=\"text-align: center;\">Portarias<\/h1>\n<p>[\/et_pb_text][\/et_pb_column][\/et_pb_row][\/et_pb_section][et_pb_section fb_built=&#8221;1&#8243; _builder_version=&#8221;4.27.6&#8243; _module_preset=&#8221;default&#8221; background_color=&#8221;RGBA(255,255,255,0)&#8221; background_enable_mask_style=&#8221;on&#8221; background_mask_style=&#8221;chevrons&#8221; background_mask_color=&#8221;RGBA(255,255,255,0)&#8221; background_mask_aspect_ratio=&#8221;square&#8221; custom_margin=&#8221;33px||90px||false|false&#8221; custom_padding=&#8221;7px||0px|||&#8221; global_colors_info=&#8221;{}&#8221;][et_pb_row column_structure=&#8221;1_2,1_2&#8243; use_custom_gutter=&#8221;on&#8221; gutter_width=&#8221;2&#8243; make_equal=&#8221;on&#8221; _builder_version=&#8221;4.27.6&#8243; _module_preset=&#8221;default&#8221; width=&#8221;90%&#8221; max_width=&#8221;1280px&#8221; module_alignment=&#8221;center&#8221; global_colors_info=&#8221;{}&#8221;][et_pb_column type=&#8221;1_2&#8243; _builder_version=&#8221;4.27.6&#8243; _module_preset=&#8221;default&#8221; global_colors_info=&#8221;{}&#8221;][et_pb_toggle title=&#8221;Docs Institucionais&#8221; open=&#8221;on&#8221; open_toggle_text_color=&#8221;#000000&#8243; open_toggle_background_color=&#8221;#FFFFFF&#8221; closed_toggle_background_color=&#8221;#FFFFFF&#8221; icon_color=&#8221;gcid-15a64b5a-5c56-46f3-99c0-666a66a3e92c&#8221; toggle_icon=&#8221;&#x3f;||divi||400&#8243; open_icon_color=&#8221;gcid-15a64b5a-5c56-46f3-99c0-666a66a3e92c&#8221; _builder_version=&#8221;4.27.6&#8243; _module_preset=&#8221;default&#8221; title_text_color=&#8221;gcid-b4e5221b-725e-41b2-9f22-9b0a184c0015&#8243; title_font_size=&#8221;19px&#8221; global_colors_info=&#8221;{%22gcid-15a64b5a-5c56-46f3-99c0-666a66a3e92c%22:%91%22open_icon_color%22,%22icon_color%22%93,%22gcid-b4e5221b-725e-41b2-9f22-9b0a184c0015%22:%91%22title_text_color%22%93}&#8221;]<\/p>\n<ul>\n<li><a href=\"https:\/\/www.efan.com.br\/universidade\/wp-content\/uploads\/2026\/03\/ANEXOS-DO-PDI-EFAN.pdf\" target=\"_blank\" rel=\"noopener\">ANEXOS DO PDI &#8211; EFAN<\/a><br \/><a href=\"https:\/\/www.efan.com.br\/universidade\/wp-content\/uploads\/2026\/03\/Estatuto-AEFAN-2024.pdf\" target=\"_blank\" rel=\"noopener\"><\/a><\/li>\n<li><a href=\"https:\/\/www.efan.com.br\/universidade\/wp-content\/uploads\/2026\/03\/Estatuto-AEFAN-2024.pdf\" target=\"_blank\" rel=\"noopener\">Estatuto AEFAN 2024<\/a><br \/><a href=\"https:\/\/www.efan.com.br\/universidade\/wp-content\/uploads\/2026\/03\/PDI-EFAN.pdf\" target=\"_blank\" rel=\"noopener\"><\/a><\/li>\n<li><a href=\"https:\/\/www.efan.com.br\/universidade\/wp-content\/uploads\/2026\/03\/PDI-EFAN.pdf\" target=\"_blank\" rel=\"noopener\">PDI EFAN<\/a><br \/><a href=\"https:\/\/www.efan.com.br\/universidade\/wp-content\/uploads\/2026\/03\/Politicas-de-atendimento-no-ambito-do-curso.pdf\" target=\"_blank\" rel=\"noopener\"><\/a><\/li>\n<li><a href=\"https:\/\/www.efan.com.br\/universidade\/wp-content\/uploads\/2026\/03\/Politicas-de-atendimento-no-ambito-do-curso.pdf\" target=\"_blank\" rel=\"noopener\">Pol\u00edticas de atendimento no \u00e2mbito do curso<\/a><br \/><a href=\"https:\/\/www.efan.com.br\/universidade\/wp-content\/uploads\/2026\/03\/PPC-PSICOLOGIA-u-v.pdf\" target=\"_blank\" rel=\"noopener\"><\/a><\/li>\n<li><a href=\"https:\/\/www.efan.com.br\/universidade\/wp-content\/uploads\/2026\/03\/PPC-PSICOLOGIA-u-v.pdf\" target=\"_blank\" rel=\"noopener\">PPC PSICOLOGIA<\/a><\/li>\n<\/ul>\n<p>[\/et_pb_toggle][\/et_pb_column][et_pb_column type=&#8221;1_2&#8243; _builder_version=&#8221;4.27.6&#8243; _module_preset=&#8221;default&#8221; global_colors_info=&#8221;{}&#8221;][et_pb_toggle title=&#8221;Portarias&#8221; open=&#8221;on&#8221; open_toggle_text_color=&#8221;#000000&#8243; open_toggle_background_color=&#8221;#FFFFFF&#8221; closed_toggle_background_color=&#8221;#FFFFFF&#8221; icon_color=&#8221;gcid-15a64b5a-5c56-46f3-99c0-666a66a3e92c&#8221; toggle_icon=&#8221;&#x3f;||divi||400&#8243; open_icon_color=&#8221;gcid-15a64b5a-5c56-46f3-99c0-666a66a3e92c&#8221; _builder_version=&#8221;4.27.6&#8243; _module_preset=&#8221;default&#8221; title_text_color=&#8221;gcid-b4e5221b-725e-41b2-9f22-9b0a184c0015&#8243; title_font_size=&#8221;19px&#8221; global_colors_info=&#8221;{%22gcid-15a64b5a-5c56-46f3-99c0-666a66a3e92c%22:%91%22open_icon_color%22,%22icon_color%22,%22open_icon_color%22,%22icon_color%22,%22open_icon_color%22,%22icon_color%22%93,%22gcid-b4e5221b-725e-41b2-9f22-9b0a184c0015%22:%91%22title_text_color%22,%22title_text_color%22,%22open_toggle_text_color%22,%22title_text_color%22%93}&#8221;]<\/p>\n<ul>\n<li><a href=\"https:\/\/www.efan.com.br\/universidade\/wp-content\/uploads\/2025\/12\/Portaria-2-periodo-2025.pdf\" target=\"_blank\" rel=\"noopener\">Portaria 2\u00ba Per\u00edodo 2025<\/a><br \/><a href=\"https:\/\/www.efan.com.br\/universidade\/wp-content\/uploads\/2025\/12\/portaria-3-periodo-2025.pdf\" target=\"_blank\" rel=\"noopener\"><\/a><\/li>\n<li><a href=\"https:\/\/www.efan.com.br\/universidade\/wp-content\/uploads\/2025\/12\/portaria-3-periodo-2025.pdf\" target=\"_blank\" rel=\"noopener\">Portaria 3\u00ba Per\u00edodo 2025<\/a><\/li>\n<li><a href=\"https:\/\/www.efan.com.br\/universidade\/wp-content\/uploads\/2026\/03\/PORT.DIRECAO-GERAL-04.2026-NDE-PSCOLOGIA.pdf\" target=\"_blank\" rel=\"noopener\">PORT.DIRECAO GERAL 04.2026- NDE-PSICOLOGIA<\/a><br \/><a href=\"https:\/\/www.efan.com.br\/universidade\/wp-content\/uploads\/2026\/03\/PORT.DIRECAO-GERAL-05.2026-COLEGIADO-PSCOLOGIA.pdf\" target=\"_blank\" rel=\"noopener\"><\/a><\/li>\n<li><a href=\"https:\/\/www.efan.com.br\/universidade\/wp-content\/uploads\/2026\/03\/PORT.DIRECAO-GERAL-05.2026-COLEGIADO-PSCOLOGIA.pdf\" target=\"_blank\" rel=\"noopener\">PORT.DIRECAO GERAL 05.2026- COLEGIADO-PSICOLOGIA<\/a><br \/><a href=\"https:\/\/www.efan.com.br\/universidade\/wp-content\/uploads\/2026\/03\/PORT.DIRECAO-GERAL-08.2025-NDE-PSCOLOGIA-1.pdf\" target=\"_blank\" rel=\"noopener\"><\/a><\/li>\n<li><a href=\"https:\/\/www.efan.com.br\/universidade\/wp-content\/uploads\/2026\/03\/PORT.DIRECAO-GERAL-08.2025-NDE-PSCOLOGIA-1.pdf\" target=\"_blank\" rel=\"noopener\">PORT.DIRECAO GERAL 08.2025- NDE-PSICOLOGIA<\/a><br \/><a href=\"https:\/\/www.efan.com.br\/universidade\/wp-content\/uploads\/2026\/03\/PORT.DIRECAO-GERAL-09.2025-COLEGIADO-PSCOLOGIA.pdf\" target=\"_blank\" rel=\"noopener\"><\/a><\/li>\n<li><a href=\"https:\/\/www.efan.com.br\/universidade\/wp-content\/uploads\/2026\/03\/PORT.DIRECAO-GERAL-09.2025-COLEGIADO-PSCOLOGIA.pdf\" target=\"_blank\" rel=\"noopener\">PORT.DIRECAO GERAL 09.2025- COLEGIADO-PSICOLOGIA<\/a><br \/><a href=\"https:\/\/www.efan.com.br\/universidade\/wp-content\/uploads\/2026\/03\/PORTARIA-DE-NOMEACAO-NUCLEO-DE-RESPONSABILIDADE-SOCIAL-E-SUSTENTABILIDADE.pdf\" target=\"_blank\" rel=\"noopener\"><\/a><\/li>\n<li><a href=\"https:\/\/www.efan.com.br\/universidade\/wp-content\/uploads\/2026\/03\/PORTARIA-DE-NOMEACAO-NUCLEO-DE-RESPONSABILIDADE-SOCIAL-E-SUSTENTABILIDADE.pdf\" target=\"_blank\" rel=\"noopener\">PORT\u00c1RIA DE NOMEA\u00c7\u00c3O, NUCLEO DE RESPONSABILIDADE SOCIAL E SUSTENTABILIDADE<\/a><br \/><a href=\"https:\/\/www.efan.com.br\/universidade\/wp-content\/uploads\/2026\/03\/PORTARIA-DE-NOMEACAO-TECNOLOGIA-E-INOVACAO-PEDAGOGICA.pdf\" target=\"_blank\" rel=\"noopener\"><\/a><\/li>\n<li><a href=\"https:\/\/www.efan.com.br\/universidade\/wp-content\/uploads\/2026\/03\/PORTARIA-DE-NOMEACAO-TECNOLOGIA-E-INOVACAO-PEDAGOGICA.pdf\" target=\"_blank\" rel=\"noopener\">PORT\u00c1RIA DE NOMEA\u00c7\u00c3O, TECNOLOGIA E INOVA\u00c7\u00c3O PEDAG\u00d3GICA<\/a><br \/><a href=\"https:\/\/www.efan.com.br\/universidade\/wp-content\/uploads\/2026\/03\/PORTARIA-DE-NOMEACAONucleo-de-APOIO-FINANCEIRO.pdf\" target=\"_blank\" rel=\"noopener\"><\/a><\/li>\n<li><a href=\"https:\/\/www.efan.com.br\/universidade\/wp-content\/uploads\/2026\/03\/PORTARIA-DE-NOMEACAONucleo-de-APOIO-FINANCEIRO.pdf\" target=\"_blank\" rel=\"noopener\">PORT\u00c1RIA DE NOMEA\u00c7\u00c3O, N\u00facleo de APOIO FINANCEIRO<\/a><br \/><a href=\"https:\/\/www.efan.com.br\/universidade\/wp-content\/uploads\/2026\/03\/PORTARIA-DE-NOMEACAONucleo-de-Integracao-Estudantil-e-PAE.pdf\" target=\"_blank\" rel=\"noopener\"><\/a><\/li>\n<li><a href=\"https:\/\/www.efan.com.br\/universidade\/wp-content\/uploads\/2026\/03\/PORTARIA-DE-NOMEACAONucleo-de-Integracao-Estudantil-e-PAE.pdf\" target=\"_blank\" rel=\"noopener\">PORT\u00c1RIA DE NOMEA\u00c7\u00c3O, N\u00facleo de Integra\u00e7\u00e3o Estudantil e PAE<\/a><br \/><a href=\"https:\/\/www.efan.com.br\/universidade\/wp-content\/uploads\/2026\/03\/PORTARIA-Nucleo-BIBLIOTECA.pdf\" target=\"_blank\" rel=\"noopener\"><\/a><\/li>\n<li><a href=\"https:\/\/www.efan.com.br\/universidade\/wp-content\/uploads\/2026\/03\/PORTARIA-Nucleo-BIBLIOTECA.pdf\" target=\"_blank\" rel=\"noopener\">PORTARIA-N\u00facleo BIBLIOTECA<\/a><br \/><a href=\"https:\/\/www.efan.com.br\/universidade\/wp-content\/uploads\/2026\/03\/PORTARIA-Nucleo-CAE-CENTRO-DE-APOIO-AO-ESTUDANTE.pdf\" target=\"_blank\" rel=\"noopener\"><\/a><\/li>\n<li><a href=\"https:\/\/www.efan.com.br\/universidade\/wp-content\/uploads\/2026\/03\/PORTARIA-Nucleo-CAE-CENTRO-DE-APOIO-AO-ESTUDANTE.pdf\" target=\"_blank\" rel=\"noopener\">PORTARIA-N\u00facleo CAE-CENTRO DE APOIO AO ESTUDANTE<\/a><br \/><a href=\"https:\/\/www.efan.com.br\/universidade\/wp-content\/uploads\/2026\/03\/PORTARIA-Nucleo-CENTRO-DE-EMPRENDEDORIMO.pdf\" target=\"_blank\" rel=\"noopener\"><\/a><\/li>\n<li><a href=\"https:\/\/www.efan.com.br\/universidade\/wp-content\/uploads\/2026\/03\/PORTARIA-Nucleo-CENTRO-DE-EMPRENDEDORIMO.pdf\" target=\"_blank\" rel=\"noopener\">PORTARIA-N\u00facleo CENTRO DE EMPRENDEDORISMO<\/a><br \/><a href=\"https:\/\/www.efan.com.br\/universidade\/wp-content\/uploads\/2026\/03\/PORTARIA-Nucleo-de-ESTAGIO-E-CARREIRA.pdf\" target=\"_blank\" rel=\"noopener\"><\/a><\/li>\n<li><a href=\"https:\/\/www.efan.com.br\/universidade\/wp-content\/uploads\/2026\/03\/PORTARIA-Nucleo-de-ESTAGIO-E-CARREIRA.pdf\" target=\"_blank\" rel=\"noopener\">PORTARIA-N\u00facleo de EST\u00c1GIO E CARREIRA<\/a><br \/><a href=\"https:\/\/www.efan.com.br\/universidade\/wp-content\/uploads\/2026\/03\/PORTARIA-Nucleo-de-Pesquisa-Extensao-e-Pos-Graduacao.pdf\" target=\"_blank\" rel=\"noopener\"><\/a><\/li>\n<li><a href=\"https:\/\/www.efan.com.br\/universidade\/wp-content\/uploads\/2026\/03\/PORTARIA-Nucleo-de-Pesquisa-Extensao-e-Pos-Graduacao.pdf\" target=\"_blank\" rel=\"noopener\">PORTARIA-N\u00facleo de Pesquisa, Extens\u00e3o e P\u00f3s-Gradua\u00e7\u00e3o\u00a0<\/a><br \/><a href=\"https:\/\/www.efan.com.br\/universidade\/wp-content\/uploads\/2026\/03\/PORTARIA-Nucleo-DE-PRATICAS-JURIDICAS.pdf\" target=\"_blank\" rel=\"noopener\"><\/a><\/li>\n<li><a href=\"https:\/\/www.efan.com.br\/universidade\/wp-content\/uploads\/2026\/03\/PORTARIA-Nucleo-DE-PRATICAS-JURIDICAS.pdf\" target=\"_blank\" rel=\"noopener\">PORTARIA-N\u00facleo DE PR\u00c1TICAS JUR\u00cdDICAS<\/a><br \/><a href=\"https:\/\/www.efan.com.br\/universidade\/wp-content\/uploads\/2026\/03\/PORTARIA-Nucleo-DE-RETENCAO.pdf\" target=\"_blank\" rel=\"noopener\"><\/a><\/li>\n<li><a href=\"https:\/\/www.efan.com.br\/universidade\/wp-content\/uploads\/2026\/03\/PORTARIA-Nucleo-DE-RETENCAO.pdf\" target=\"_blank\" rel=\"noopener\">PORTARIA-N\u00facleo DE RETEN\u00c7\u00c3O<\/a><br \/><a href=\"https:\/\/www.efan.com.br\/universidade\/wp-content\/uploads\/2026\/03\/PORTARIA-Nucleo-DIREITOS-HUMANOS.pdf\" target=\"_blank\" rel=\"noopener\"><\/a><\/li>\n<li><a href=\"https:\/\/www.efan.com.br\/universidade\/wp-content\/uploads\/2026\/03\/PORTARIA-Nucleo-DIREITOS-HUMANOS.pdf\" target=\"_blank\" rel=\"noopener\">PORTARIA-N\u00facleo DIREITOS HUMANOS<\/a><br \/><a href=\"https:\/\/www.efan.com.br\/universidade\/wp-content\/uploads\/2026\/03\/PORTARIA-Nucleo-Ouvidoria.pdf\" target=\"_blank\" rel=\"noopener\"><\/a><\/li>\n<li><a href=\"https:\/\/www.efan.com.br\/universidade\/wp-content\/uploads\/2026\/03\/PORTARIA-Nucleo-Ouvidoria.pdf\" target=\"_blank\" rel=\"noopener\">PORTARIA-N\u00facleo Ouvidoria<\/a><br \/><a href=\"https:\/\/www.efan.com.br\/universidade\/wp-content\/uploads\/2026\/03\/PORTARIA-Nucleo-PSICOPEDAGOGICO.pdf\" target=\"_blank\" rel=\"noopener\"><\/a><\/li>\n<li><a href=\"https:\/\/www.efan.com.br\/universidade\/wp-content\/uploads\/2026\/03\/PORTARIA-Nucleo-PSICOPEDAGOGICO.pdf\" target=\"_blank\" rel=\"noopener\">PORTARIA-N\u00facleo PSICOPEDAG\u00d3GICO<\/a><\/li>\n<\/ul>\n<p>&nbsp;<\/p>\n<p>[\/et_pb_toggle][\/et_pb_column][\/et_pb_row][\/et_pb_section]<\/p>\n","protected":false},"excerpt":{"rendered":"<p>Portarias ANEXOS DO PDI &#8211; EFAN Estatuto AEFAN 2024 PDI EFAN Pol\u00edticas de atendimento no \u00e2mbito do curso PPC PSICOLOGIA Portaria 2\u00ba Per\u00edodo 2025 Portaria 3\u00ba Per\u00edodo 2025 PORT.DIRECAO GERAL 04.2026- NDE-PSICOLOGIA PORT.DIRECAO GERAL 05.2026- COLEGIADO-PSICOLOGIA PORT.DIRECAO GERAL 08.2025- NDE-PSICOLOGIA PORT.DIRECAO GERAL 09.2025- COLEGIADO-PSICOLOGIA PORT\u00c1RIA DE NOMEA\u00c7\u00c3O, NUCLEO DE RESPONSABILIDADE SOCIAL E SUSTENTABILIDADE PORT\u00c1RIA DE [&hellip;]<\/p>\n","protected":false},"author":1,"featured_media":0,"parent":370248,"menu_order":0,"comment_status":"closed","ping_status":"closed","template":"","meta":{"_et_pb_use_builder":"on","_et_pb_old_content":"","_et_gb_content_width":"","ngg_post_thumbnail":0,"_joinchat":[],"footnotes":"","_links_to":"","_links_to_target":""},"class_list":["post-987496722","page","type-page","status-publish","hentry"],"_links":{"self":[{"href":"https:\/\/www.efan.com.br\/universidade\/wp-json\/wp\/v2\/pages\/987496722","targetHints":{"allow":["GET"]}}],"collection":[{"href":"https:\/\/www.efan.com.br\/universidade\/wp-json\/wp\/v2\/pages"}],"about":[{"href":"https:\/\/www.efan.com.br\/universidade\/wp-json\/wp\/v2\/types\/page"}],"author":[{"embeddable":true,"href":"https:\/\/www.efan.com.br\/universidade\/wp-json\/wp\/v2\/users\/1"}],"replies":[{"embeddable":true,"href":"https:\/\/www.efan.com.br\/universidade\/wp-json\/wp\/v2\/comments?post=987496722"}],"version-history":[{"count":10,"href":"https:\/\/www.efan.com.br\/universidade\/wp-json\/wp\/v2\/pages\/987496722\/revisions"}],"predecessor-version":[{"id":987591600,"href":"https:\/\/www.efan.com.br\/universidade\/wp-json\/wp\/v2\/pages\/987496722\/revisions\/987591600"}],"up":[{"embeddable":true,"href":"https:\/\/www.efan.com.br\/universidade\/wp-json\/wp\/v2\/pages\/370248"}],"wp:attachment":[{"href":"https:\/\/www.efan.com.br\/universidade\/wp-json\/wp\/v2\/media?parent=987496722"}],"curies":[{"name":"wp","href":"https:\/\/api.w.org\/{rel}","templated":true}]}}