{"id":370348,"date":"2024-02-29T10:03:48","date_gmt":"2024-02-29T13:03:48","guid":{"rendered":"https:\/\/www.efan.com.br\/universidade\/?page_id=370348"},"modified":"2026-04-10T16:32:37","modified_gmt":"2026-04-10T19:32:37","slug":"fale-conosco","status":"publish","type":"page","link":"https:\/\/www.efan.com.br\/universidade\/contatos\/fale-conosco\/","title":{"rendered":"Fale conosco"},"content":{"rendered":"<p>[et_pb_section fb_built=&#8221;1&#8243; _builder_version=&#8221;4.27.6&#8243; _module_preset=&#8221;default&#8221; background_color=&#8221;gcid-15a64b5a-5c56-46f3-99c0-666a66a3e92c&#8221; custom_padding=&#8221;||14px|||&#8221; global_colors_info=&#8221;{%22gcid-15a64b5a-5c56-46f3-99c0-666a66a3e92c%22:%91%22background_color%22%93}&#8221;][et_pb_row _builder_version=&#8221;4.27.6&#8243; _module_preset=&#8221;default&#8221; custom_margin=&#8221;-47px|auto||auto||&#8221; global_colors_info=&#8221;{}&#8221;][et_pb_column type=&#8221;4_4&#8243; _builder_version=&#8221;4.27.6&#8243; _module_preset=&#8221;default&#8221; global_colors_info=&#8221;{}&#8221;][et_pb_text admin_label=&#8221;T\u00cdTULO DA P\u00c1GINA&#8221; _builder_version=&#8221;4.27.6&#8243; _module_preset=&#8221;default&#8221; global_colors_info=&#8221;{}&#8221;]<\/p>\n<h2 style=\"text-align: center;\">Fale conosco<\/h2>\n<p>[\/et_pb_text][\/et_pb_column][\/et_pb_row][\/et_pb_section][et_pb_section fb_built=&#8221;1&#8243; _builder_version=&#8221;4.27.6&#8243; _module_preset=&#8221;default&#8221; background_last_edited=&#8221;on|phone&#8221; use_background_color_gradient_tablet=&#8221;on&#8221; background_color_gradient_stops_tablet=&#8221;#ffffff 70%|rgba(0,0,0,0) 70%&#8221; background_color_gradient_end_tablet=&#8221;rgba(0,0,0,0)&#8221; global_colors_info=&#8221;{}&#8221;][et_pb_row column_structure=&#8221;1_2,1_2&#8243; _builder_version=&#8221;4.16&#8243; _module_preset=&#8221;default&#8221; global_colors_info=&#8221;{}&#8221; custom_margin=&#8221;|auto|34px|auto||&#8221;][et_pb_column type=&#8221;1_2&#8243; _builder_version=&#8221;4.16&#8243; _module_preset=&#8221;default&#8221; global_colors_info=&#8221;{}&#8221;][et_pb_text _builder_version=&#8221;4.27.6&#8243; _module_preset=&#8221;default&#8221; text_font=&#8221;Quicksand||||||||&#8221; text_font_size=&#8221;16px&#8221; text_line_height=&#8221;1.6em&#8221; header_2_font=&#8221;|700|||||||&#8221; header_2_text_align=&#8221;left&#8221; header_2_text_color=&#8221;#B77900&#8243; header_2_font_size=&#8221;40px&#8221; header_2_letter_spacing=&#8221;1px&#8221; header_4_text_color=&#8221;gcid-b4e5221b-725e-41b2-9f22-9b0a184c0015&#8243; header_4_line_height=&#8221;1.4em&#8221; text_font_size_tablet=&#8221;&#8221; text_font_size_phone=&#8221;14px&#8221; text_font_size_last_edited=&#8221;on|phone&#8221; header_2_font_size_tablet=&#8221;40px&#8221; header_2_font_size_phone=&#8221;35px&#8221; header_2_font_size_last_edited=&#8221;on|phone&#8221; global_colors_info=&#8221;{%22gcid-b4e5221b-725e-41b2-9f22-9b0a184c0015%22:%91%22header_4_text_color%22%93}&#8221;]<\/p>\n<h4>Tire suas d\u00favidas com nossa equipe de especialistas<\/h4>\n<p>[\/et_pb_text][et_pb_blurb title=&#8221;ENDERE\u00c7O&#8221; use_icon=&#8221;on&#8221; font_icon=&#8221;&#xe081;||divi||400&#8243; icon_color=&#8221;rgba(0,79,0,0.7)&#8221; icon_placement=&#8221;left&#8221; image_icon_width=&#8221;26px&#8221; _builder_version=&#8221;4.27.6&#8243; _module_preset=&#8221;default&#8221; header_font=&#8221;||||||||&#8221; header_text_color=&#8221;gcid-b4e5221b-725e-41b2-9f22-9b0a184c0015&#8243; header_font_size=&#8221;22px&#8221; header_line_height=&#8221;1.2em&#8221; body_font=&#8221;Roboto||||||||&#8221; body_text_color=&#8221;#333333&#8243; body_font_size=&#8221;20px&#8221; body_line_height=&#8221;1.6em&#8221; animation=&#8221;off&#8221; body_font_size_tablet=&#8221;&#8221; body_font_size_phone=&#8221;16px&#8221; body_font_size_last_edited=&#8221;on|phone&#8221; icon_font_size=&#8221;26px&#8221; global_colors_info=&#8221;{%22gcid-b4e5221b-725e-41b2-9f22-9b0a184c0015%22:%91%22header_text_color%22%93}&#8221;]<\/p>\n<p>P.A. Saco do Rio Preto, lote 10 &#8211; Natal\u00e2ndia &#8211; MG<\/p>\n<p>[\/et_pb_blurb][et_pb_blurb title=&#8221;TELEFONE&#8221; use_icon=&#8221;on&#8221; font_icon=&#8221;&#xe090;||divi||400&#8243; icon_color=&#8221;rgba(0,79,0,0.7)&#8221; icon_placement=&#8221;left&#8221; image_icon_width=&#8221;26px&#8221; _builder_version=&#8221;4.27.6&#8243; _module_preset=&#8221;default&#8221; header_font=&#8221;||||||||&#8221; header_text_color=&#8221;gcid-b4e5221b-725e-41b2-9f22-9b0a184c0015&#8243; header_font_size=&#8221;22px&#8221; header_line_height=&#8221;1.2em&#8221; body_font=&#8221;Roboto||||||||&#8221; body_text_color=&#8221;#333333&#8243; body_font_size=&#8221;20px&#8221; body_line_height=&#8221;1.6em&#8221; animation=&#8221;off&#8221; body_font_size_tablet=&#8221;&#8221; body_font_size_phone=&#8221;16px&#8221; body_font_size_last_edited=&#8221;on|phone&#8221; icon_font_size=&#8221;26px&#8221; global_colors_info=&#8221;{%22gcid-b4e5221b-725e-41b2-9f22-9b0a184c0015%22:%91%22header_text_color%22%93}&#8221;]<\/p>\n<p>(38) 3562-3644<\/p>\n<p>[\/et_pb_blurb][et_pb_blurb title=&#8221;FALE CONOSCO&#8221; use_icon=&#8221;on&#8221; font_icon=&#8221;&#xe076;||divi||400&#8243; icon_color=&#8221;rgba(0,79,0,0.7)&#8221; icon_placement=&#8221;left&#8221; image_icon_width=&#8221;26px&#8221; _builder_version=&#8221;4.25.2&#8243; _module_preset=&#8221;default&#8221; header_font=&#8221;||||||||&#8221; header_text_color=&#8221;gcid-b4e5221b-725e-41b2-9f22-9b0a184c0015&#8243; header_font_size=&#8221;22px&#8221; header_line_height=&#8221;1.2em&#8221; body_font=&#8221;Roboto||||||||&#8221; body_text_color=&#8221;#333333&#8243; body_font_size=&#8221;20px&#8221; body_line_height=&#8221;1.6em&#8221; animation=&#8221;off&#8221; body_font_size_tablet=&#8221;&#8221; body_font_size_phone=&#8221;16px&#8221; body_font_size_last_edited=&#8221;on|phone&#8221; icon_font_size=&#8221;26px&#8221; global_colors_info=&#8221;{%22gcid-b4e5221b-725e-41b2-9f22-9b0a184c0015%22:%91%22header_text_color%22%93}&#8221;]<\/p>\n<p>faleconosco@efan.com.br<span><\/span><\/p>\n<p>[\/et_pb_blurb][\/et_pb_column][et_pb_column type=&#8221;1_2&#8243; _builder_version=&#8221;4.16&#8243; _module_preset=&#8221;default&#8221; global_colors_info=&#8221;{}&#8221;][et_pb_contact_form custom_message=&#8221;- Mensagem: ||et_pb_line_break_holder||||et_pb_line_break_holder||Nome: %%Name%%||et_pb_line_break_holder||||et_pb_line_break_holder||Email: %%Email%%||et_pb_line_break_holder||||et_pb_line_break_holder||Mensagem: ||et_pb_line_break_holder||%%Message%%&#8221; success_message=&#8221;Mensagem enviada com sucesso!&#8221; submit_button_text=&#8221;ENVIAR&#8221; admin_label=&#8221;Formul\u00e1rio Fale conosco&#8221; module_class=&#8221;dd-contact-04&#8243; _builder_version=&#8221;4.27.6&#8243; _module_preset=&#8221;default&#8221; _unique_id=&#8221;fale_conosco&#8221; form_field_background_color=&#8221;#FFFFFF&#8221; form_field_text_color=&#8221;rgba(0,79,0,0.54)&#8221; title_font=&#8221;Alegreya|700|||||||&#8221; title_font_size=&#8221;32px&#8221; form_field_font=&#8221;Roboto||||||||&#8221; background_color=&#8221;#FFFFFF&#8221; custom_button=&#8221;on&#8221; button_text_color=&#8221;#F0F5F0&#8243; button_bg_color=&#8221;gcid-b4e5221b-725e-41b2-9f22-9b0a184c0015&#8243; button_border_width=&#8221;0px&#8221; button_border_radius=&#8221;31px&#8221; button_font=&#8221;Roboto||||||||&#8221; button_icon=&#8221;&#x45;||divi||400&#8243; custom_padding=&#8221;24px|24px|24px|24px|true|true&#8221; title_font_size_tablet=&#8221;&#8221; title_font_size_phone=&#8221;26px&#8221; title_font_size_last_edited=&#8221;on|phone&#8221; button_text_size_tablet=&#8221;&#8221; button_text_size_phone=&#8221;18px&#8221; button_text_size_last_edited=&#8221;on|phone&#8221; custom_css_main_element=&#8221;border: 4px solid;&#8221; custom_css_contact_button=&#8221;margin-top: 8px;&#8221; use_conditional_emails=&#8221;on&#8221; conditional_email_pattern=&#8221;Field_4::Coordena\u00e7\u00e3o administra\u00e7\u00e3o:coordenacaoadministracao@efan.com.br|Coordena\u00e7\u00e3o agronomia:coordenacaoagronomia@efan.com.br|Coordena\u00e7\u00e3o direito:coordenacaodireito@efan.com.br|CPA:cpa@efan.com.br|Dire\u00e7\u00e3o acad\u00eamica:direcaoacademica@efan.com.br|<br \/>\nDire\u00e7\u00e3o  financeira:direcaofinanceira@efan.com.br|Dire\u00e7\u00e3o  geral:direcaogeral@efan.com.br|<br \/>\nFale conosco:faleconosco@efan.com.br|Ouvidoria:ouvidoria@efan.com.br|RG:aqui@rg@efan.com.br|RI:ri@efan.com.br|<br \/>\nSecretaria acad\u00eamica:secretariaacademica@efan.com.br|Secretaria docente:secretariadocente@efan.com.br|&#8221; border_width_all=&#8221;1px&#8221; border_color_all=&#8221;gcid-b4e5221b-725e-41b2-9f22-9b0a184c0015&#8243; global_colors_info=&#8221;{%22gcid-b4e5221b-725e-41b2-9f22-9b0a184c0015%22:%91%22border_color_all%22,%22button_bg_color%22%93}&#8221;][et_pb_contact_field field_id=&#8221;Name&#8221; field_title=&#8221;Nome&#8221; fullwidth_field=&#8221;on&#8221; _builder_version=&#8221;4.24.2&#8243; global_colors_info=&#8221;{}&#8221; button_text_size__hover_enabled=&#8221;off&#8221; button_one_text_size__hover_enabled=&#8221;off&#8221; button_two_text_size__hover_enabled=&#8221;off&#8221; button_text_color__hover_enabled=&#8221;off&#8221; button_one_text_color__hover_enabled=&#8221;off&#8221; button_two_text_color__hover_enabled=&#8221;off&#8221; button_border_width__hover_enabled=&#8221;off&#8221; button_one_border_width__hover_enabled=&#8221;off&#8221; button_two_border_width__hover_enabled=&#8221;off&#8221; button_border_color__hover_enabled=&#8221;off&#8221; button_one_border_color__hover_enabled=&#8221;off&#8221; button_two_border_color__hover_enabled=&#8221;off&#8221; button_border_radius__hover_enabled=&#8221;off&#8221; button_one_border_radius__hover_enabled=&#8221;off&#8221; button_two_border_radius__hover_enabled=&#8221;off&#8221; button_letter_spacing__hover_enabled=&#8221;off&#8221; button_one_letter_spacing__hover_enabled=&#8221;off&#8221; button_two_letter_spacing__hover_enabled=&#8221;off&#8221; button_bg_color__hover_enabled=&#8221;off&#8221; button_one_bg_color__hover_enabled=&#8221;off&#8221; button_two_bg_color__hover_enabled=&#8221;off&#8221;][\/et_pb_contact_field][et_pb_contact_field field_id=&#8221;Email&#8221; field_title=&#8221;Email&#8221; field_type=&#8221;email&#8221; fullwidth_field=&#8221;on&#8221; _builder_version=&#8221;4.24.2&#8243; global_colors_info=&#8221;{}&#8221; button_text_size__hover_enabled=&#8221;off&#8221; button_one_text_size__hover_enabled=&#8221;off&#8221; button_two_text_size__hover_enabled=&#8221;off&#8221; button_text_color__hover_enabled=&#8221;off&#8221; button_one_text_color__hover_enabled=&#8221;off&#8221; button_two_text_color__hover_enabled=&#8221;off&#8221; button_border_width__hover_enabled=&#8221;off&#8221; button_one_border_width__hover_enabled=&#8221;off&#8221; button_two_border_width__hover_enabled=&#8221;off&#8221; button_border_color__hover_enabled=&#8221;off&#8221; button_one_border_color__hover_enabled=&#8221;off&#8221; button_two_border_color__hover_enabled=&#8221;off&#8221; button_border_radius__hover_enabled=&#8221;off&#8221; button_one_border_radius__hover_enabled=&#8221;off&#8221; button_two_border_radius__hover_enabled=&#8221;off&#8221; button_letter_spacing__hover_enabled=&#8221;off&#8221; button_one_letter_spacing__hover_enabled=&#8221;off&#8221; button_two_letter_spacing__hover_enabled=&#8221;off&#8221; button_bg_color__hover_enabled=&#8221;off&#8221; button_one_bg_color__hover_enabled=&#8221;off&#8221; button_two_bg_color__hover_enabled=&#8221;off&#8221;][\/et_pb_contact_field][et_pb_contact_field field_id=&#8221;Message&#8221; field_title=&#8221;Mensagem&#8221; field_type=&#8221;text&#8221; fullwidth_field=&#8221;on&#8221; _builder_version=&#8221;4.24.2&#8243; global_colors_info=&#8221;{}&#8221; button_text_size__hover_enabled=&#8221;off&#8221; button_one_text_size__hover_enabled=&#8221;off&#8221; button_two_text_size__hover_enabled=&#8221;off&#8221; button_text_color__hover_enabled=&#8221;off&#8221; button_one_text_color__hover_enabled=&#8221;off&#8221; button_two_text_color__hover_enabled=&#8221;off&#8221; button_border_width__hover_enabled=&#8221;off&#8221; button_one_border_width__hover_enabled=&#8221;off&#8221; button_two_border_width__hover_enabled=&#8221;off&#8221; button_border_color__hover_enabled=&#8221;off&#8221; button_one_border_color__hover_enabled=&#8221;off&#8221; button_two_border_color__hover_enabled=&#8221;off&#8221; button_border_radius__hover_enabled=&#8221;off&#8221; button_one_border_radius__hover_enabled=&#8221;off&#8221; button_two_border_radius__hover_enabled=&#8221;off&#8221; button_letter_spacing__hover_enabled=&#8221;off&#8221; button_one_letter_spacing__hover_enabled=&#8221;off&#8221; button_two_letter_spacing__hover_enabled=&#8221;off&#8221; button_bg_color__hover_enabled=&#8221;off&#8221; button_one_bg_color__hover_enabled=&#8221;off&#8221; button_two_bg_color__hover_enabled=&#8221;off&#8221;][\/et_pb_contact_field][et_pb_contact_field field_id=&#8221;Field_4&#8243; field_title=&#8221;Enviar email para:&#8221; field_type=&#8221;select&#8221; select_options=&#8221;%91{%22value%22:%22Coordena\u00e7\u00e3o administra\u00e7\u00e3o%22,%22checked%22:0,%22dragID%22:-1},{%22value%22:%22Coordena\u00e7\u00e3o agronomia%22,%22checked%22:0,%22dragID%22:0},{%22value%22:%22Coordena\u00e7\u00e3o direito%22,%22checked%22:0,%22dragID%22:1},{%22value%22:%22CPA%22,%22checked%22:0,%22dragID%22:2},{%22value%22:%22Dire\u00e7\u00e3o acad\u00eamica%22,%22checked%22:0,%22dragID%22:3},{%22value%22:%22Dire\u00e7\u00e3o  financeira%22,%22checked%22:0,%22dragID%22:4},{%22value%22:%22Dire\u00e7\u00e3o  geral%22,%22checked%22:0,%22dragID%22:5},{%22value%22:%22Faculdade%22,%22checked%22:0,%22dragID%22:6},{%22value%22:%22Fale conosco%22,%22checked%22:0,%22dragID%22:7},{%22value%22:%22Ouvidoria%22,%22checked%22:0,%22dragID%22:8},{%22value%22:%22RG%22,%22checked%22:0,%22dragID%22:9},{%22value%22:%22RI%22,%22checked%22:0,%22dragID%22:10},{%22value%22:%22Secretaria acad\u00eamica%22,%22checked%22:0,%22dragID%22:11},{%22value%22:%22Secretaria Docente%22,%22checked%22:0,%22dragID%22:12}%93&#8243; fullwidth_field=&#8221;on&#8221; _builder_version=&#8221;4.27.6&#8243; _module_preset=&#8221;default&#8221; global_colors_info=&#8221;{}&#8221;][\/et_pb_contact_field][\/et_pb_contact_form][et_pb_code _builder_version=&#8221;4.27.6&#8243; _module_preset=&#8221;default&#8221; global_colors_info=&#8221;{}&#8221;]<\/p>\n<style><!-- [et_pb_line_break_holder] --><!-- [et_pb_line_break_holder] -->  .dd-contact-04 .et_contact_bottom_container {<!-- [et_pb_line_break_holder] -->    float: left;<!-- [et_pb_line_break_holder] -->  }<!-- [et_pb_line_break_holder] -->  <!-- [et_pb_line_break_holder] --><\/style>\n<p>[\/et_pb_code][et_pb_text _builder_version=&#8221;4.27.6&#8243; text_font=&#8221;||||||||&#8221; text_font_size=&#8221;18px&#8221; text_line_height=&#8221;1.6em&#8221; header_font=&#8221;||||||||&#8221; header_4_font=&#8221;Gentium Basic|700|||||||&#8221; header_4_font_size=&#8221;40px&#8221; header_4_line_height=&#8221;1.2em&#8221; background_layout=&#8221;dark&#8221; min_height=&#8221;35px&#8221; header_4_font_size_tablet=&#8221;30px&#8221; header_4_font_size_phone=&#8221;22px&#8221; header_4_font_size_last_edited=&#8221;on|phone&#8221; locked=&#8221;off&#8221; global_colors_info=&#8221;{}&#8221;]<\/p>\n<p><a href=\"https:\/\/www.efan.com.br\/universidade\/a-faculdade\/sobre\/politica-de-privacidade\/\" target=\"_blank\" rel=\"noopener noreferrer\"><strong>Politica de Privacidade<\/strong><\/a><\/p>\n<p>[\/et_pb_text][\/et_pb_column][\/et_pb_row][et_pb_row _builder_version=&#8221;4.27.6&#8243; _module_preset=&#8221;default&#8221; custom_margin=&#8221;0px|0px|0px|0px|true|true&#8221; custom_padding=&#8221;0px|0px|0px|0px|true|true&#8221; hover_enabled=&#8221;0&#8243; sticky_enabled=&#8221;0&#8243; module_alignment=&#8221;center&#8221;][et_pb_column _builder_version=&#8221;4.27.6&#8243; _module_preset=&#8221;default&#8221; type=&#8221;4_4&#8243;][et_pb_blurb title=&#8221;NOSSOS EMAILS&#8221; icon_placement=&#8221;left&#8221; image_icon_width=&#8221;26px&#8221; admin_label=&#8221;LISTA DE EMAILS&#8221; _builder_version=&#8221;4.27.6&#8243; _module_preset=&#8221;default&#8221; header_font=&#8221;||||||||&#8221; header_text_color=&#8221;gcid-b4e5221b-725e-41b2-9f22-9b0a184c0015&#8243; header_font_size=&#8221;22px&#8221; header_line_height=&#8221;1.2em&#8221; body_font=&#8221;Roboto|300|||||||&#8221; body_text_color=&#8221;#000000&#8243; body_font_size=&#8221;18px&#8221; body_line_height=&#8221;1.6em&#8221; animation=&#8221;off&#8221; hover_enabled=&#8221;0&#8243; body_font_size_tablet=&#8221;&#8221; body_font_size_phone=&#8221;16px&#8221; body_font_size_last_edited=&#8221;on|phone&#8221; icon_font_size=&#8221;26px&#8221; global_colors_info=&#8221;{%22gcid-b4e5221b-725e-41b2-9f22-9b0a184c0015%22:%91%22header_text_color%22%93}&#8221; sticky_enabled=&#8221;0&#8243; custom_padding=&#8221;||0px|||&#8221; text_orientation=&#8221;center&#8221; module_alignment=&#8221;center&#8221; content_max_width=&#8221;90%&#8221;]<\/p>\n<p>&nbsp;<\/p>\n<p><span><\/span><\/p>\n<p>[\/et_pb_blurb][\/et_pb_column][\/et_pb_row][et_pb_row _builder_version=&#8221;4.27.6&#8243; _module_preset=&#8221;default&#8221; custom_margin=&#8221;-47px|auto||auto||&#8221;][et_pb_column _builder_version=&#8221;4.27.6&#8243; _module_preset=&#8221;default&#8221; type=&#8221;4_4&#8243;][et_pb_text _builder_version=&#8221;4.27.6&#8243; _module_preset=&#8221;default&#8221; hover_enabled=&#8221;0&#8243; sticky_enabled=&#8221;0&#8243;]<\/p>\n<div class=\"tabela-contatos-container\">\n<table class=\"tabela-contatos\">\n<thead>\n<tr>\n<th>Setor \/ Fun\u00e7\u00e3o<\/th>\n<th>Respons\u00e1vel<\/th>\n<th>E-mail<\/th>\n<\/tr>\n<\/thead>\n<tbody>\n<tr>\n<td>N\u00facleo de Apoio Financeiro e Monitoria<\/td>\n<td>Adriano Gon\u00e7alves Rocha<\/td>\n<td><a href=\"mailto:apoio.financeiro@efan.com.br\">apoio.financeiro@efan.com.br<\/a><\/td>\n<\/tr>\n<tr>\n<td>N\u00facleo de Extens\u00e3o, Pesquisa e P\u00f3s-Gradua\u00e7\u00e3o<\/td>\n<td>Andreia Aparecida de Campos Cordeiro<\/td>\n<td><a href=\"mailto:extensao.pesquisa@efan.com.br\">extensao.pesquisa@efan.com.br<\/a><\/td>\n<\/tr>\n<tr>\n<td>Secret\u00e1rio Acad\u00eamico<\/td>\n<td>Bruno Ferreira Batista<\/td>\n<td><a href=\"mailto:secretariaacademica@efan.com.br\">secretariaacademica@efan.com.br<\/a><\/td>\n<\/tr>\n<tr>\n<td>Secret\u00e1rio Acad\u00eamico<\/td>\n<td>Bruno Ferreira Batista<\/td>\n<td><a href=\"mailto:faculdade@efan.com.br\">faculdade@efan.com.br<\/a><\/td>\n<\/tr>\n<tr>\n<td>Secret\u00e1rio Acad\u00eamico<\/td>\n<td>Bruno Ferreira Batista<\/td>\n<td><a href=\"mailto:faleconosco@efan.com.br\">faleconosco@efan.com.br<\/a><\/td>\n<\/tr>\n<tr>\n<td>Coordenador de Agronomia<\/td>\n<td>Deleon Geraldo Pereira de Carvalho<\/td>\n<td><a href=\"mailto:coordenacaoagronomia@efan.com.br\">coordenacaoagronomia@efan.com.br<\/a><\/td>\n<\/tr>\n<tr>\n<td>Coordena\u00e7\u00e3o de Administra\u00e7\u00e3o<\/td>\n<td>Gevair Campos<\/td>\n<td><a href=\"mailto:coordenacaoadministracao@efan.com.br\">coordenacaoadministracao@efan.com.br<\/a><\/td>\n<\/tr>\n<tr>\n<td>N\u00facleo de Apoio Psicopedag\u00f3gico<\/td>\n<td>Gildete Felisberto da Silva<\/td>\n<td><a href=\"mailto:apoio.psicopedagogico@efan.com.br\">apoio.psicopedagogico@efan.com.br<\/a><\/td>\n<\/tr>\n<tr>\n<td>Comiss\u00e3o Pr\u00f3pria de Avalia\u00e7\u00e3o<\/td>\n<td>Gustavo Guedes de Paula<\/td>\n<td><a href=\"mailto:cpa@efan.com.br\">cpa@efan.com.br<\/a><\/td>\n<\/tr>\n<tr>\n<td>CAE &#8211; Centro de Apoio ao Estudante<\/td>\n<td>Gustavo Guedes de Paula<\/td>\n<td><a href=\"mailto:apoio.estudante@efan.com.br\">apoio.estudante@efan.com.br<\/a><\/td>\n<\/tr>\n<tr>\n<td>N\u00facleo de Est\u00e1gio e Carreira<\/td>\n<td>Idalino Firmino dos Santos<\/td>\n<td><a href=\"mailto:estagio.carreira@efan.com.br\">estagio.carreira@efan.com.br<\/a><\/td>\n<\/tr>\n<tr>\n<td>N\u00facleo de Tecnologia e Inova\u00e7\u00e3o Pedag\u00f3gica<\/td>\n<td>Jo\u00e3o Batista Begnami<\/td>\n<td><a href=\"mailto:tecnologia.inovacao@efan.com.br\">tecnologia.inovacao@efan.com.br<\/a><\/td>\n<\/tr>\n<tr>\n<td>N\u00facleo de Direito Humanos e Inclus\u00e3o Social<\/td>\n<td>Tiago Orione<\/td>\n<td><a href=\"mailto:direitos.humanos@efan.com.br\">direitos.humanos@efan.com.br<\/a><\/td>\n<\/tr>\n<tr>\n<td>Coordenador de Direito<\/td>\n<td>Luiz Ara\u00fajo Ferreira<\/td>\n<td><a href=\"mailto:coordenacaodireito@efan.com.br\">coordenacaodireito@efan.com.br<\/a><\/td>\n<\/tr>\n<tr>\n<td>N\u00facleo de Integra\u00e7\u00e3o Estudantil e PAE<\/td>\n<td>Manoel de Brito Oliveira Segundo<\/td>\n<td><a href=\"mailto:integracao.estudantil@efan.com.br\">integracao.estudantil@efan.com.br<\/a><\/td>\n<\/tr>\n<tr>\n<td>N\u00facleo de Responsabilidade e Sustentabilidade<\/td>\n<td>Ricardo Ferreira Vital<\/td>\n<td><a href=\"mailto:responsabilidade.sustentabilidade@efan.com.br\">responsabilidade.sustentabilidade@efan.com.br<\/a><\/td>\n<\/tr>\n<tr>\n<td>Ouvidor<\/td>\n<td>Samuel Rodrigues Cordeiro<\/td>\n<td><a href=\"mailto:ouvidoria@efan.com.br\">ouvidoria@efan.com.br<\/a><\/td>\n<\/tr>\n<tr>\n<td>N\u00facleo de Reten\u00e7\u00e3o<\/td>\n<td>Bruno Ferreira Batista<\/td>\n<td><a href=\"mailto:retencao@efan.com.br\">retencao@efan.com.br<\/a><\/td>\n<\/tr>\n<tr>\n<td>Secret\u00e1rio Acad\u00eamico<\/td>\n<td>Gustavo Guedes de Paula<\/td>\n<td><a href=\"mailto:secretariadocente@efan.com.br\">secretariadocente@efan.com.br<\/a><\/td>\n<\/tr>\n<tr>\n<td>Diretor Acad\u00eamico<\/td>\n<td>Deleon Geraldo Pereira de Carvalho<\/td>\n<td><a href=\"mailto:direcaoacademica@efan.com.br\">direcaoacademica@efan.com.br<\/a><\/td>\n<\/tr>\n<tr>\n<td>Diretor Financeiro<\/td>\n<td>Adriano Gon\u00e7alves Rocha<\/td>\n<td><a href=\"mailto:direcaofinanceira@efan.com.br\">direcaofinanceira@efan.com.br<\/a><\/td>\n<\/tr>\n<tr>\n<td>Diretor Geral<\/td>\n<td>Alex Pires Andrade<\/td>\n<td><a href=\"mailto:direcaogeral@efan.com.br\">direcaogeral@efan.com.br<\/a><\/td>\n<\/tr>\n<tr>\n<td>Recursos Humanos<\/td>\n<td>Roberto Samuel Pereira de Souza<\/td>\n<td><a href=\"mailto:rh@efan.com.br\">rh@efan.com.br<\/a><\/td>\n<\/tr>\n<tr>\n<td>Procurador Institucional<\/td>\n<td>Samuel Rodrigues Cordeiro<\/td>\n<td><a href=\"mailto:procuradorinstitucional@efan.com.br\">procuradorinstitucional@efan.com.br<\/a><\/td>\n<\/tr>\n<\/tbody>\n<\/table>\n<\/div>\n<p>&nbsp;[\/et_pb_text][\/et_pb_column][\/et_pb_row][\/et_pb_section]<\/p>\n","protected":false},"excerpt":{"rendered":"<p>Fale conoscoTire suas d\u00favidas com nossa equipe de especialistasP.A. Saco do Rio Preto, lote 10 &#8211; Natal\u00e2ndia &#8211; MG(38) 3562-3644faleconosco@efan.com.brPolitica de Privacidade&nbsp; Setor \/ Fun\u00e7\u00e3o Respons\u00e1vel E-mail N\u00facleo de Apoio Financeiro e Monitoria Adriano Gon\u00e7alves Rocha apoio.financeiro@efan.com.br N\u00facleo de Extens\u00e3o, Pesquisa e P\u00f3s-Gradua\u00e7\u00e3o Andreia Aparecida de Campos Cordeiro extensao.pesquisa@efan.com.br Secret\u00e1rio Acad\u00eamico Bruno Ferreira Batista secretariaacademica@efan.com.br [&hellip;]<\/p>\n","protected":false},"author":1,"featured_media":0,"parent":370346,"menu_order":0,"comment_status":"closed","ping_status":"closed","template":"","meta":{"_et_pb_use_builder":"on","_et_pb_old_content":"","_et_gb_content_width":"","ngg_post_thumbnail":0,"_joinchat":[],"footnotes":"","_links_to":"","_links_to_target":""},"class_list":["post-370348","page","type-page","status-publish","hentry"],"_links":{"self":[{"href":"https:\/\/www.efan.com.br\/universidade\/wp-json\/wp\/v2\/pages\/370348","targetHints":{"allow":["GET"]}}],"collection":[{"href":"https:\/\/www.efan.com.br\/universidade\/wp-json\/wp\/v2\/pages"}],"about":[{"href":"https:\/\/www.efan.com.br\/universidade\/wp-json\/wp\/v2\/types\/page"}],"author":[{"embeddable":true,"href":"https:\/\/www.efan.com.br\/universidade\/wp-json\/wp\/v2\/users\/1"}],"replies":[{"embeddable":true,"href":"https:\/\/www.efan.com.br\/universidade\/wp-json\/wp\/v2\/comments?post=370348"}],"version-history":[{"count":3,"href":"https:\/\/www.efan.com.br\/universidade\/wp-json\/wp\/v2\/pages\/370348\/revisions"}],"predecessor-version":[{"id":987591881,"href":"https:\/\/www.efan.com.br\/universidade\/wp-json\/wp\/v2\/pages\/370348\/revisions\/987591881"}],"up":[{"embeddable":true,"href":"https:\/\/www.efan.com.br\/universidade\/wp-json\/wp\/v2\/pages\/370346"}],"wp:attachment":[{"href":"https:\/\/www.efan.com.br\/universidade\/wp-json\/wp\/v2\/media?parent=370348"}],"curies":[{"name":"wp","href":"https:\/\/api.w.org\/{rel}","templated":true}]}}