{"id":370344,"date":"2024-02-29T10:03:03","date_gmt":"2024-02-29T13:03:03","guid":{"rendered":"https:\/\/www.efan.com.br\/universidade\/?page_id=370344"},"modified":"2026-03-24T17:16:51","modified_gmt":"2026-03-24T20:16:51","slug":"praticas-interdisciplinares","status":"publish","type":"page","link":"https:\/\/www.efan.com.br\/universidade\/eventos\/praticas-interdisciplinares\/","title":{"rendered":"Pr\u00e1ticas Interdisciplinares"},"content":{"rendered":"<p>[et_pb_section fb_built=&#8221;1&#8243; _builder_version=&#8221;4.27.6&#8243; _module_preset=&#8221;default&#8221; background_color=&#8221;gcid-15a64b5a-5c56-46f3-99c0-666a66a3e92c&#8221; custom_padding=&#8221;||14px|||&#8221; global_colors_info=&#8221;{%22gcid-15a64b5a-5c56-46f3-99c0-666a66a3e92c%22:%91%22background_color%22%93}&#8221;][et_pb_row _builder_version=&#8221;4.27.6&#8243; _module_preset=&#8221;default&#8221; custom_margin=&#8221;-47px|auto||auto||&#8221; global_colors_info=&#8221;{}&#8221;][et_pb_column type=&#8221;4_4&#8243; _builder_version=&#8221;4.27.6&#8243; _module_preset=&#8221;default&#8221; global_colors_info=&#8221;{}&#8221;][et_pb_text admin_label=&#8221;T\u00cdTULO DA P\u00c1GINA&#8221; _builder_version=&#8221;4.27.6&#8243; _module_preset=&#8221;default&#8221; hover_enabled=&#8221;0&#8243; global_colors_info=&#8221;{}&#8221; sticky_enabled=&#8221;0&#8243; header_font_size_last_edited=&#8221;on|phone&#8221; header_font_size_phone=&#8221;30px&#8221;]<\/p>\n<h1 class=\"et_pb_module_header\" style=\"text-align: center;\">Pr\u00e1ticas Interdisciplinares<\/h1>\n<p>[\/et_pb_text][\/et_pb_column][\/et_pb_row][\/et_pb_section][et_pb_section fb_built=&#8221;1&#8243; _builder_version=&#8221;4.27.6&#8243; _module_preset=&#8221;default&#8221; background_pattern_repeat_origin=&#8221;center_right&#8221; custom_padding=&#8221;||100px|||&#8221; background_last_edited=&#8221;on|tablet&#8221; use_background_color_gradient_tablet=&#8221;on&#8221; background_color_gradient_stops_tablet=&#8221;#ffffff 65%|rgba(0,0,0,0) 65%&#8221; background_color_gradient_end_tablet=&#8221;rgba(0,0,0,0)&#8221; global_colors_info=&#8221;{}&#8221;][et_pb_row column_structure=&#8221;2_3,1_3&#8243; use_custom_gutter=&#8221;on&#8221; gutter_width=&#8221;2&#8243; make_equal=&#8221;on&#8221; _builder_version=&#8221;4.27.6&#8243; _module_preset=&#8221;default&#8221; width=&#8221;90%&#8221; max_width=&#8221;1280px&#8221; module_alignment=&#8221;center&#8221; custom_margin=&#8221;0px|0px|0px|0px|false|false&#8221; custom_padding=&#8221;0px|0px|0px|0px|false|false&#8221; custom_css_main_element=&#8221;align-items: center;&#8221; global_colors_info=&#8221;{}&#8221;][et_pb_column type=&#8221;2_3&#8243; _builder_version=&#8221;4.16&#8243; _module_preset=&#8221;default&#8221; global_colors_info=&#8221;{}&#8221;][et_pb_text _builder_version=&#8221;4.27.6&#8243; _module_preset=&#8221;default&#8221; text_font=&#8221;Quicksand||||||||&#8221; text_font_size=&#8221;16px&#8221; text_line_height=&#8221;1.6em&#8221; header_2_font=&#8221;|700|||||||&#8221; header_2_text_color=&#8221;#B77900&#8243; header_2_font_size=&#8221;62px&#8221; header_2_letter_spacing=&#8221;1px&#8221; header_2_line_height=&#8221;1.6em&#8221; header_3_font=&#8221;|600|||||||&#8221; header_3_text_color=&#8221;#004F00&#8243; header_3_font_size=&#8221;26px&#8221; header_3_line_height=&#8221;1.2em&#8221; header_4_text_color=&#8221;gcid-b4e5221b-725e-41b2-9f22-9b0a184c0015&#8243; module_alignment=&#8221;center&#8221; custom_margin=&#8221;0px|0px|0px|0px|false|false&#8221; custom_padding=&#8221;0px|0px|0px|0px|false|false&#8221; text_font_size_tablet=&#8221;15px&#8221; text_font_size_phone=&#8221;14px&#8221; text_font_size_last_edited=&#8221;on|phone&#8221; header_2_font_size_tablet=&#8221;36px&#8221; header_2_font_size_phone=&#8221;28px&#8221; header_2_font_size_last_edited=&#8221;on|tablet&#8221; header_3_font_size_tablet=&#8221;22px&#8221; header_3_font_size_phone=&#8221;18px&#8221; header_3_font_size_last_edited=&#8221;on|phone&#8221; global_colors_info=&#8221;{%22gcid-b4e5221b-725e-41b2-9f22-9b0a184c0015%22:%91%22header_4_text_color%22%93}&#8221;]<\/p>\n<h4>A interdisciplinaridade no ensino superior \u00e9 um tema relevante e desafiador.<\/h4>\n<p>&nbsp;<\/p>\n<p>Ela visa unir conte\u00fados de diferentes disciplinas para proporcionar aos alunos uma vis\u00e3o mais ampla e integrada dos assuntos abordados.<\/p>\n<p>A interdisciplinaridade pode ser praticada no ensino superior desde que haja diretrizes no projeto pedag\u00f3gico, uma equipe docente comprometida com a inova\u00e7\u00e3o metodol\u00f3gica e gestores institucionais empenhados em efetuar mudan\u00e7as.<\/p>\n<p><strong>Defini\u00e7\u00e3o e Pr\u00e1tica Interdisciplinar:<\/strong><br \/>A interdisciplinaridade envolve a integra\u00e7\u00e3o m\u00fatua de conceitos, m\u00e9todos e estruturas entre diferentes disciplinas.<br \/>\u00c9 um processo que vai al\u00e9m da simples comunica\u00e7\u00e3o de ideias e busca uma complementaridade entre os conhecimentos das \u00e1reas envolvidas.<\/p>\n<p><strong>Benef\u00edcios da Educa\u00e7\u00e3o Interdisciplinar:<\/strong><br \/>A abordagem interdisciplinar evita o estudo fragmentado, permitindo que os alunos compreendam os temas de forma mais hol\u00edstica.<br \/>Ela favorece a associa\u00e7\u00e3o de aprendizados e a compreens\u00e3o das diversas perspectivas sobre os assuntos tratados.<\/p>\n<p>Em resumo, a interdisciplinaridade no ensino superior \u00e9 uma pr\u00e1tica valiosa que requer engajamento dos educadores, planejamento curricular adequado e apoio institucional para promover uma forma\u00e7\u00e3o mais completa e integrada aos estudantes.<\/p>\n<p>&nbsp;<\/p>\n<p>[\/et_pb_text][\/et_pb_column][et_pb_column type=&#8221;1_3&#8243; _builder_version=&#8221;4.16&#8243; _module_preset=&#8221;default&#8221; global_colors_info=&#8221;{}&#8221;][et_pb_image src=&#8221;https:\/\/www.efan.com.br\/universidade\/wp-content\/uploads\/2024\/05\/praticas-interd.jpg&#8221; title_text=&#8221;praticas-interd&#8221; _builder_version=&#8221;4.27.6&#8243; _module_preset=&#8221;default&#8221; custom_margin=&#8221;-53px|||||&#8221; hover_enabled=&#8221;0&#8243; border_radii=&#8221;off|22px||22px|&#8221; global_colors_info=&#8221;{}&#8221; custom_margin_last_edited=&#8221;on|phone&#8221; custom_margin_phone=&#8221;0px||||false|false&#8221; sticky_enabled=&#8221;0&#8243; custom_margin_tablet=&#8221;-53px|||||&#8221;][\/et_pb_image][\/et_pb_column][\/et_pb_row][\/et_pb_section]<\/p>\n","protected":false},"excerpt":{"rendered":"<p>Pr\u00e1ticas InterdisciplinaresA interdisciplinaridade no ensino superior \u00e9 um tema relevante e desafiador. &nbsp; Ela visa unir conte\u00fados de diferentes disciplinas para proporcionar aos alunos uma vis\u00e3o mais ampla e integrada dos assuntos abordados. A interdisciplinaridade pode ser praticada no ensino superior desde que haja diretrizes no projeto pedag\u00f3gico, uma equipe docente comprometida com a inova\u00e7\u00e3o [&hellip;]<\/p>\n","protected":false},"author":1,"featured_media":0,"parent":370334,"menu_order":0,"comment_status":"closed","ping_status":"closed","template":"","meta":{"_et_pb_use_builder":"on","_et_pb_old_content":"","_et_gb_content_width":"","ngg_post_thumbnail":0,"_joinchat":[],"footnotes":"","_links_to":"","_links_to_target":""},"class_list":["post-370344","page","type-page","status-publish","hentry"],"_links":{"self":[{"href":"https:\/\/www.efan.com.br\/universidade\/wp-json\/wp\/v2\/pages\/370344","targetHints":{"allow":["GET"]}}],"collection":[{"href":"https:\/\/www.efan.com.br\/universidade\/wp-json\/wp\/v2\/pages"}],"about":[{"href":"https:\/\/www.efan.com.br\/universidade\/wp-json\/wp\/v2\/types\/page"}],"author":[{"embeddable":true,"href":"https:\/\/www.efan.com.br\/universidade\/wp-json\/wp\/v2\/users\/1"}],"replies":[{"embeddable":true,"href":"https:\/\/www.efan.com.br\/universidade\/wp-json\/wp\/v2\/comments?post=370344"}],"version-history":[{"count":5,"href":"https:\/\/www.efan.com.br\/universidade\/wp-json\/wp\/v2\/pages\/370344\/revisions"}],"predecessor-version":[{"id":987591467,"href":"https:\/\/www.efan.com.br\/universidade\/wp-json\/wp\/v2\/pages\/370344\/revisions\/987591467"}],"up":[{"embeddable":true,"href":"https:\/\/www.efan.com.br\/universidade\/wp-json\/wp\/v2\/pages\/370334"}],"wp:attachment":[{"href":"https:\/\/www.efan.com.br\/universidade\/wp-json\/wp\/v2\/media?parent=370344"}],"curies":[{"name":"wp","href":"https:\/\/api.w.org\/{rel}","templated":true}]}}