{"id":370338,"date":"2024-02-29T10:02:25","date_gmt":"2024-02-29T13:02:25","guid":{"rendered":"https:\/\/www.efan.com.br\/universidade\/?page_id=370338"},"modified":"2026-03-24T17:28:53","modified_gmt":"2026-03-24T20:28:53","slug":"congressos","status":"publish","type":"page","link":"https:\/\/www.efan.com.br\/universidade\/eventos\/congressos\/","title":{"rendered":"Congressos"},"content":{"rendered":"<p>[et_pb_section fb_built=&#8221;1&#8243; _builder_version=&#8221;4.27.6&#8243; _module_preset=&#8221;default&#8221; background_color=&#8221;gcid-15a64b5a-5c56-46f3-99c0-666a66a3e92c&#8221; custom_padding=&#8221;||14px|||&#8221; global_colors_info=&#8221;{%22gcid-15a64b5a-5c56-46f3-99c0-666a66a3e92c%22:%91%22background_color%22%93}&#8221;][et_pb_row _builder_version=&#8221;4.27.6&#8243; _module_preset=&#8221;default&#8221; custom_margin=&#8221;-47px|auto||auto||&#8221; global_colors_info=&#8221;{}&#8221;][et_pb_column type=&#8221;4_4&#8243; _builder_version=&#8221;4.27.6&#8243; _module_preset=&#8221;default&#8221; global_colors_info=&#8221;{}&#8221;][et_pb_text admin_label=&#8221;T\u00cdTULO DA P\u00c1GINA&#8221; _builder_version=&#8221;4.27.6&#8243; _module_preset=&#8221;default&#8221; hover_enabled=&#8221;0&#8243; global_colors_info=&#8221;{}&#8221; sticky_enabled=&#8221;0&#8243; header_font_size_last_edited=&#8221;on|phone&#8221; header_font_size_phone=&#8221;30px&#8221;]<\/p>\n<h1 style=\"text-align: center;\">Congressos<\/h1>\n<p>[\/et_pb_text][\/et_pb_column][\/et_pb_row][\/et_pb_section][et_pb_section fb_built=&#8221;1&#8243; _builder_version=&#8221;4.27.6&#8243; _module_preset=&#8221;default&#8221; background_color=&#8221;RGBA(255,255,255,0)&#8221; background_pattern_repeat_origin=&#8221;center_right&#8221; custom_padding=&#8221;||100px|||&#8221; background_last_edited=&#8221;on|tablet&#8221; use_background_color_gradient_tablet=&#8221;on&#8221; background_color_gradient_stops_tablet=&#8221;#ffffff 65%|rgba(0,0,0,0) 65%&#8221; background_color_gradient_end_tablet=&#8221;rgba(0,0,0,0)&#8221; global_colors_info=&#8221;{}&#8221;][et_pb_row column_structure=&#8221;2_3,1_3&#8243; use_custom_gutter=&#8221;on&#8221; gutter_width=&#8221;2&#8243; make_equal=&#8221;on&#8221; _builder_version=&#8221;4.27.6&#8243; _module_preset=&#8221;default&#8221; width=&#8221;90%&#8221; max_width=&#8221;1280px&#8221; module_alignment=&#8221;center&#8221; custom_margin=&#8221;0px|0px|0px|0px|false|false&#8221; custom_padding=&#8221;0px|0px|0px|0px|false|false&#8221; custom_css_main_element=&#8221;align-items: center;&#8221; global_colors_info=&#8221;{}&#8221;][et_pb_column type=&#8221;2_3&#8243; _builder_version=&#8221;4.16&#8243; _module_preset=&#8221;default&#8221; global_colors_info=&#8221;{}&#8221;][et_pb_text _builder_version=&#8221;4.27.6&#8243; _module_preset=&#8221;default&#8221; text_font=&#8221;Quicksand||||||||&#8221; text_font_size=&#8221;16px&#8221; text_line_height=&#8221;1.6em&#8221; header_2_font=&#8221;|700|||||||&#8221; header_2_text_color=&#8221;#B77900&#8243; header_2_font_size=&#8221;62px&#8221; header_2_letter_spacing=&#8221;1px&#8221; header_2_line_height=&#8221;1.6em&#8221; header_3_font=&#8221;|600|||||||&#8221; header_3_text_color=&#8221;#004F00&#8243; header_3_font_size=&#8221;26px&#8221; header_3_line_height=&#8221;1.2em&#8221; header_4_text_color=&#8221;gcid-b4e5221b-725e-41b2-9f22-9b0a184c0015&#8243; module_alignment=&#8221;center&#8221; custom_margin=&#8221;0px|0px|0px|0px|false|false&#8221; custom_padding=&#8221;0px|0px|0px|0px|false|false&#8221; text_font_size_tablet=&#8221;15px&#8221; text_font_size_phone=&#8221;14px&#8221; text_font_size_last_edited=&#8221;on|phone&#8221; header_2_font_size_tablet=&#8221;36px&#8221; header_2_font_size_phone=&#8221;28px&#8221; header_2_font_size_last_edited=&#8221;on|tablet&#8221; header_3_font_size_tablet=&#8221;22px&#8221; header_3_font_size_phone=&#8221;18px&#8221; header_3_font_size_last_edited=&#8221;on|phone&#8221; global_colors_info=&#8221;{%22gcid-b4e5221b-725e-41b2-9f22-9b0a184c0015%22:%91%22header_4_text_color%22%93}&#8221;]<\/p>\n<h4>Por que congressos acad\u00eamicos s\u00e3o importantes?<\/h4>\n<p>&nbsp;<\/p>\n<p>Congressos acad\u00eamicos s\u00e3o eventos essenciais no contexto do ensino superior. Eles re\u00fanem pesquisadores, estudantes e profissionais de uma mesma \u00e1rea para discutir e compartilhar conhecimentos. Aqui est\u00e3o algumas raz\u00f5es pelas quais esses eventos s\u00e3o importantes:<\/p>\n<p><strong>Fazer Networking:<\/strong> Congressos proporcionam a oportunidade de conhecer muitos profissionais e pesquisadores da mesma \u00e1rea. Se voc\u00ea sente que n\u00e3o conhece muitas refer\u00eancias na sua \u00e1rea de estudo, os congressos acad\u00eamicos s\u00e3o perfeitos para ampliar sua rede de contatos. Al\u00e9m disso, voc\u00ea pode mostrar seu trabalho e atrair interessados, que podem fazer sugest\u00f5es e acrescentar informa\u00e7\u00f5es valiosas.<\/p>\n<p><strong>Observar Diferentes Pontos de Vista:<\/strong> A sala de aula muitas vezes oferece apenas um ponto de vista sobre determinado tema. Nos congressos, voc\u00ea ter\u00e1 a chance de ouvir diferentes perspectivas e abordagens. Isso enriquece sua compreens\u00e3o e estimula o pensamento cr\u00edtico.<\/p>\n<p><strong>Obter uma Forma\u00e7\u00e3o Mais Completa:<\/strong> Participar de congressos acad\u00eamicos complementa sua forma\u00e7\u00e3o universit\u00e1ria. Voc\u00ea ter\u00e1 acesso a temas espec\u00edficos dentro da sua \u00e1rea de estudo, abordados por especialistas. Essa experi\u00eancia vai al\u00e9m do que \u00e9 ensinado em sala de aula.<\/p>\n<p><strong>Direcionar Seus Interesses:<\/strong> Os congressos permitem que voc\u00ea escolha os pain\u00e9is e palestras que mais se alinham aos seus interesses. Assim, voc\u00ea pode aprofundar-se em t\u00f3picos espec\u00edficos e explorar \u00e1reas que despertam sua curiosidade.<\/p>\n<p><strong>Ganhar Certificados e Pontos no Curr\u00edculo:<\/strong> Apresentar um p\u00f4ster ou uma comunica\u00e7\u00e3o oral em um congresso \u00e9 uma excelente maneira de mostrar o que voc\u00ea est\u00e1 produzindo. Al\u00e9m disso, essa participa\u00e7\u00e3o enriquece seu curr\u00edculo, especialmente se voc\u00ea pretende seguir carreira acad\u00eamica ou fazer p\u00f3s-gradua\u00e7\u00e3o.<\/p>\n<p>&nbsp;<\/p>\n<p>[\/et_pb_text][\/et_pb_column][et_pb_column type=&#8221;1_3&#8243; _builder_version=&#8221;4.16&#8243; _module_preset=&#8221;default&#8221; global_colors_info=&#8221;{}&#8221;][et_pb_image src=&#8221;https:\/\/www.efan.com.br\/universidade\/wp-content\/uploads\/2024\/05\/congressos.jpg&#8221; _builder_version=&#8221;4.27.6&#8243; _module_preset=&#8221;default&#8221; custom_margin=&#8221;-66px|||||&#8221; hover_enabled=&#8221;0&#8243; global_colors_info=&#8221;{}&#8221; border_radii=&#8221;off|33px||33px|&#8221; custom_margin_last_edited=&#8221;on|phone&#8221; custom_margin_phone=&#8221;0px||||false|false&#8221; sticky_enabled=&#8221;0&#8243; custom_margin_tablet=&#8221;-66px|||||&#8221;][\/et_pb_image][\/et_pb_column][\/et_pb_row][\/et_pb_section]<\/p>\n","protected":false},"excerpt":{"rendered":"<p>CongressosPor que congressos acad\u00eamicos s\u00e3o importantes? &nbsp; Congressos acad\u00eamicos s\u00e3o eventos essenciais no contexto do ensino superior. Eles re\u00fanem pesquisadores, estudantes e profissionais de uma mesma \u00e1rea para discutir e compartilhar conhecimentos. Aqui est\u00e3o algumas raz\u00f5es pelas quais esses eventos s\u00e3o importantes: Fazer Networking: Congressos proporcionam a oportunidade de conhecer muitos profissionais e pesquisadores da [&hellip;]<\/p>\n","protected":false},"author":1,"featured_media":0,"parent":370334,"menu_order":0,"comment_status":"closed","ping_status":"closed","template":"","meta":{"_et_pb_use_builder":"on","_et_pb_old_content":"","_et_gb_content_width":"","ngg_post_thumbnail":0,"_joinchat":[],"footnotes":"","_links_to":"","_links_to_target":""},"class_list":["post-370338","page","type-page","status-publish","hentry"],"_links":{"self":[{"href":"https:\/\/www.efan.com.br\/universidade\/wp-json\/wp\/v2\/pages\/370338","targetHints":{"allow":["GET"]}}],"collection":[{"href":"https:\/\/www.efan.com.br\/universidade\/wp-json\/wp\/v2\/pages"}],"about":[{"href":"https:\/\/www.efan.com.br\/universidade\/wp-json\/wp\/v2\/types\/page"}],"author":[{"embeddable":true,"href":"https:\/\/www.efan.com.br\/universidade\/wp-json\/wp\/v2\/users\/1"}],"replies":[{"embeddable":true,"href":"https:\/\/www.efan.com.br\/universidade\/wp-json\/wp\/v2\/comments?post=370338"}],"version-history":[{"count":5,"href":"https:\/\/www.efan.com.br\/universidade\/wp-json\/wp\/v2\/pages\/370338\/revisions"}],"predecessor-version":[{"id":987591480,"href":"https:\/\/www.efan.com.br\/universidade\/wp-json\/wp\/v2\/pages\/370338\/revisions\/987591480"}],"up":[{"embeddable":true,"href":"https:\/\/www.efan.com.br\/universidade\/wp-json\/wp\/v2\/pages\/370334"}],"wp:attachment":[{"href":"https:\/\/www.efan.com.br\/universidade\/wp-json\/wp\/v2\/media?parent=370338"}],"curies":[{"name":"wp","href":"https:\/\/api.w.org\/{rel}","templated":true}]}}