{"id":370330,"date":"2024-02-29T10:01:16","date_gmt":"2024-02-29T13:01:16","guid":{"rendered":"https:\/\/www.efan.com.br\/universidade\/?page_id=370330"},"modified":"2026-03-24T17:22:44","modified_gmt":"2026-03-24T20:22:44","slug":"publicacoes-eletronicas","status":"publish","type":"page","link":"https:\/\/www.efan.com.br\/universidade\/biblioteca\/publicacoes-eletronicas\/","title":{"rendered":"Publica\u00e7\u00f5es Eletr\u00f4nicas"},"content":{"rendered":"<p>[et_pb_section fb_built=&#8221;1&#8243; _builder_version=&#8221;4.27.6&#8243; _module_preset=&#8221;default&#8221; background_color=&#8221;gcid-15a64b5a-5c56-46f3-99c0-666a66a3e92c&#8221; custom_padding=&#8221;||14px|||&#8221; global_colors_info=&#8221;{%22gcid-15a64b5a-5c56-46f3-99c0-666a66a3e92c%22:%91%22background_color%22%93}&#8221;][et_pb_row _builder_version=&#8221;4.27.6&#8243; _module_preset=&#8221;default&#8221; custom_margin=&#8221;-47px|auto||auto||&#8221; global_colors_info=&#8221;{}&#8221;][et_pb_column type=&#8221;4_4&#8243; _builder_version=&#8221;4.27.6&#8243; _module_preset=&#8221;default&#8221; global_colors_info=&#8221;{}&#8221;][et_pb_text admin_label=&#8221;T\u00cdTULO DA P\u00c1GINA&#8221; _builder_version=&#8221;4.27.6&#8243; _module_preset=&#8221;default&#8221; header_4_font_size=&#8221;40px&#8221; hover_enabled=&#8221;0&#8243; header_4_font_size_tablet=&#8221;40px&#8221; header_4_font_size_phone=&#8221;30px&#8221; header_4_font_size_last_edited=&#8221;on|phone&#8221; global_colors_info=&#8221;{}&#8221; width=&#8221;98%&#8221; sticky_enabled=&#8221;0&#8243; module_alignment=&#8221;center&#8221; header_4_line_height=&#8221;1.2em&#8221;]<\/p>\n<h4 style=\"text-align: center;\"><span>Publica\u00e7\u00f5es Eletr\u00f4nicas<\/span><\/h4>\n<p>[\/et_pb_text][\/et_pb_column][\/et_pb_row][\/et_pb_section][et_pb_section fb_built=&#8221;1&#8243; _builder_version=&#8221;4.27.6&#8243; _module_preset=&#8221;default&#8221; background_color=&#8221;RGBA(255,255,255,0)&#8221; background_enable_image=&#8221;off&#8221; background_pattern_repeat_origin=&#8221;center&#8221; global_colors_info=&#8221;{}&#8221;][et_pb_row column_structure=&#8221;2_5,3_5&#8243; use_custom_gutter=&#8221;on&#8221; gutter_width=&#8221;2&#8243; _builder_version=&#8221;4.27.6&#8243; _module_preset=&#8221;default&#8221; width=&#8221;90%&#8221; max_width=&#8221;1280px&#8221; module_alignment=&#8221;center&#8221; custom_margin=&#8221;-40px|auto||auto||&#8221; global_colors_info=&#8221;{}&#8221;][et_pb_column type=&#8221;2_5&#8243; _builder_version=&#8221;4.24.2&#8243; _module_preset=&#8221;default&#8221; global_colors_info=&#8221;{}&#8221;][et_pb_image src=&#8221;https:\/\/www.efan.com.br\/universidade\/wp-content\/uploads\/2024\/05\/biblioteca_pub_eletronicas.jpg&#8221; title_text=&#8221;biblioteca_pub_eletronicas&#8221; _builder_version=&#8221;4.27.6&#8243; _module_preset=&#8221;default&#8221; border_radii=&#8221;off|33px||33px|&#8221; global_colors_info=&#8221;{}&#8221;][\/et_pb_image][\/et_pb_column][et_pb_column type=&#8221;3_5&#8243; _builder_version=&#8221;4.24.2&#8243; _module_preset=&#8221;default&#8221; global_colors_info=&#8221;{}&#8221;][et_pb_text _builder_version=&#8221;4.27.6&#8243; _module_preset=&#8221;default&#8221; text_text_color=&#8221;#000000&#8243; header_4_text_color=&#8221;#FCAC00&#8243; global_colors_info=&#8221;{}&#8221;]<\/p>\n<p>Peri\u00f3dicos cient\u00edficos s\u00e3o a fonte de informa\u00e7\u00e3o mais importante para cientistas, e seu uso na comunica\u00e7\u00e3o cient\u00edfica \u00e9 um dos temas mais estudados, embora nem sempre bem entendidos, em pesquisas sobre comunica\u00e7\u00e3o cient\u00edfica.<\/p>\n<p>O valor dos peri\u00f3dicos para os cientistas \u00e9 discutido com base em tr\u00eas d\u00e9cadas de estudos realizados basicamente nos Estados Unidos.<\/p>\n<p>Destacam-se aspectos importantes desses estudos, tais como o volume, tempo gasto e benef\u00edcios obtidos de leituras de artigos cient\u00edficos, assim como o decl\u00ednio no n\u00famero de assinaturas de peri\u00f3dicos impressos.<\/p>\n<p>Analisa estudos do uso de peri\u00f3dicos eletr\u00f4nicos, apresentando resultados recentes onde se evidencia o crescimento no uso do meio eletr\u00f4nico por pesquisadores acad\u00eamicos.<\/p>\n<p>[\/et_pb_text][\/et_pb_column][\/et_pb_row][et_pb_row _builder_version=&#8221;4.27.6&#8243; _module_preset=&#8221;default&#8221; custom_margin=&#8221;-2px|auto|66px|auto|false|false&#8221; custom_padding=&#8221;0px|0px|0px|0px|false|false&#8221; border_radii=&#8221;off|44px||44px|&#8221; global_colors_info=&#8221;{}&#8221;][et_pb_column type=&#8221;4_4&#8243; _builder_version=&#8221;4.24.2&#8243; _module_preset=&#8221;default&#8221; global_colors_info=&#8221;{}&#8221;][et_pb_image src=&#8221;https:\/\/www.efan.com.br\/universidade\/wp-content\/uploads\/2024\/04\/logo-bibli-700&#215;93-1.png&#8221; title_text=&#8221;Biblioteca online&#8221; url=&#8221;https:\/\/bibliogratuita.curatoriaeditora.com.br\/&#8221; url_new_window=&#8221;on&#8221; align=&#8221;center&#8221; _builder_version=&#8221;4.27.6&#8243; _module_preset=&#8221;default&#8221; background_color=&#8221;#FFFFFF&#8221; custom_padding=&#8221;22px||22px||false|false&#8221; global_colors_info=&#8221;{}&#8221;][\/et_pb_image][\/et_pb_column][\/et_pb_row][\/et_pb_section]<\/p>\n","protected":false},"excerpt":{"rendered":"<p>Publica\u00e7\u00f5es Eletr\u00f4nicasPeri\u00f3dicos cient\u00edficos s\u00e3o a fonte de informa\u00e7\u00e3o mais importante para cientistas, e seu uso na comunica\u00e7\u00e3o cient\u00edfica \u00e9 um dos temas mais estudados, embora nem sempre bem entendidos, em pesquisas sobre comunica\u00e7\u00e3o cient\u00edfica. O valor dos peri\u00f3dicos para os cientistas \u00e9 discutido com base em tr\u00eas d\u00e9cadas de estudos realizados basicamente nos Estados Unidos. [&hellip;]<\/p>\n","protected":false},"author":1,"featured_media":0,"parent":370318,"menu_order":0,"comment_status":"closed","ping_status":"closed","template":"","meta":{"_et_pb_use_builder":"on","_et_pb_old_content":"","_et_gb_content_width":"","ngg_post_thumbnail":0,"_joinchat":[],"footnotes":"","_links_to":"","_links_to_target":""},"class_list":["post-370330","page","type-page","status-publish","hentry"],"_links":{"self":[{"href":"https:\/\/www.efan.com.br\/universidade\/wp-json\/wp\/v2\/pages\/370330","targetHints":{"allow":["GET"]}}],"collection":[{"href":"https:\/\/www.efan.com.br\/universidade\/wp-json\/wp\/v2\/pages"}],"about":[{"href":"https:\/\/www.efan.com.br\/universidade\/wp-json\/wp\/v2\/types\/page"}],"author":[{"embeddable":true,"href":"https:\/\/www.efan.com.br\/universidade\/wp-json\/wp\/v2\/users\/1"}],"replies":[{"embeddable":true,"href":"https:\/\/www.efan.com.br\/universidade\/wp-json\/wp\/v2\/comments?post=370330"}],"version-history":[{"count":10,"href":"https:\/\/www.efan.com.br\/universidade\/wp-json\/wp\/v2\/pages\/370330\/revisions"}],"predecessor-version":[{"id":987591475,"href":"https:\/\/www.efan.com.br\/universidade\/wp-json\/wp\/v2\/pages\/370330\/revisions\/987591475"}],"up":[{"embeddable":true,"href":"https:\/\/www.efan.com.br\/universidade\/wp-json\/wp\/v2\/pages\/370318"}],"wp:attachment":[{"href":"https:\/\/www.efan.com.br\/universidade\/wp-json\/wp\/v2\/media?parent=370330"}],"curies":[{"name":"wp","href":"https:\/\/api.w.org\/{rel}","templated":true}]}}