{"id":370328,"date":"2024-02-29T10:01:00","date_gmt":"2024-02-29T13:01:00","guid":{"rendered":"https:\/\/www.efan.com.br\/universidade\/?page_id=370328"},"modified":"2026-03-28T11:56:29","modified_gmt":"2026-03-28T14:56:29","slug":"repositorio-institucional","status":"publish","type":"page","link":"https:\/\/www.efan.com.br\/universidade\/biblioteca\/repositorio-institucional\/","title":{"rendered":"Reposit\u00f3rio Institucional"},"content":{"rendered":"<p>[et_pb_section fb_built=&#8221;1&#8243; _builder_version=&#8221;4.27.6&#8243; _module_preset=&#8221;default&#8221; background_color=&#8221;gcid-15a64b5a-5c56-46f3-99c0-666a66a3e92c&#8221; custom_padding=&#8221;||14px|||&#8221; global_colors_info=&#8221;{%22gcid-15a64b5a-5c56-46f3-99c0-666a66a3e92c%22:%91%22background_color%22%93}&#8221; theme_builder_area=&#8221;post_content&#8221;][et_pb_row _builder_version=&#8221;4.27.6&#8243; _module_preset=&#8221;default&#8221; custom_margin=&#8221;-47px|auto||auto||&#8221; global_colors_info=&#8221;{}&#8221; theme_builder_area=&#8221;post_content&#8221;][et_pb_column type=&#8221;4_4&#8243; _builder_version=&#8221;4.27.6&#8243; _module_preset=&#8221;default&#8221; global_colors_info=&#8221;{}&#8221; theme_builder_area=&#8221;post_content&#8221;][et_pb_text admin_label=&#8221;T\u00cdTULO DA P\u00c1GINA&#8221; _builder_version=&#8221;4.27.6&#8243; _module_preset=&#8221;default&#8221; hover_enabled=&#8221;0&#8243; global_colors_info=&#8221;{}&#8221; theme_builder_area=&#8221;post_content&#8221; header_font_size_last_edited=&#8221;on|phone&#8221; sticky_enabled=&#8221;0&#8243; header_font_size_phone=&#8221;30px&#8221; module_alignment=&#8221;center&#8221; width=&#8221;100%&#8221; custom_margin=&#8221;|0px||0px|false|true&#8221; custom_padding=&#8221;|0px||0px|false|true&#8221;]<\/p>\n<h1 class=\"et_pb_module_header\" style=\"text-align: center;\"><span>Reposit\u00f3rio Institucional<\/span><\/h1>\n<p>[\/et_pb_text][\/et_pb_column][\/et_pb_row][\/et_pb_section][et_pb_section fb_built=&#8221;1&#8243; _builder_version=&#8221;4.27.6&#8243; _module_preset=&#8221;default&#8221; background_enable_image=&#8221;off&#8221; background_pattern_repeat_origin=&#8221;center&#8221; hover_enabled=&#8221;0&#8243; global_colors_info=&#8221;{}&#8221; custom_padding=&#8221;40px|||||&#8221; background_enable_color=&#8221;off&#8221; sticky_enabled=&#8221;0&#8243;][et_pb_row column_structure=&#8221;2_5,3_5&#8243; _builder_version=&#8221;4.27.6&#8243; _module_preset=&#8221;default&#8221; width=&#8221;90%&#8221; max_width=&#8221;1280px&#8221; hover_enabled=&#8221;0&#8243; global_colors_info=&#8221;{}&#8221; use_custom_gutter=&#8221;on&#8221; make_equal=&#8221;on&#8221; gutter_width=&#8221;2&#8243; module_alignment=&#8221;center&#8221; sticky_enabled=&#8221;0&#8243;][et_pb_column type=&#8221;2_5&#8243; _builder_version=&#8221;4.24.2&#8243; _module_preset=&#8221;default&#8221; global_colors_info=&#8221;{}&#8221;][et_pb_image src=&#8221;https:\/\/www.efan.com.br\/universidade\/wp-content\/uploads\/2024\/04\/Repositorio-Institucional.jpg&#8221; title_text=&#8221;Reposit\u00f3rio Institucional&#8221; _builder_version=&#8221;4.27.6&#8243; _module_preset=&#8221;default&#8221; hover_enabled=&#8221;0&#8243; global_colors_info=&#8221;{}&#8221; border_radii=&#8221;off|33px||33px|&#8221; sticky_enabled=&#8221;0&#8243;][\/et_pb_image][\/et_pb_column][et_pb_column type=&#8221;3_5&#8243; _builder_version=&#8221;4.24.2&#8243; _module_preset=&#8221;default&#8221; global_colors_info=&#8221;{}&#8221;][et_pb_text _builder_version=&#8221;4.27.6&#8243; _module_preset=&#8221;default&#8221; text_text_color=&#8221;#000000&#8243; header_4_text_color=&#8221;#FCAC00&#8243; hover_enabled=&#8221;0&#8243; global_colors_info=&#8221;{}&#8221; sticky_enabled=&#8221;0&#8243;]<\/p>\n<p>O avan\u00e7o da internet e o crescente desenvolvimento de tecnologias de informa\u00e7\u00e3o e comunica\u00e7\u00e3o vem trazendo profundas transforma\u00e7\u00f5es nos ambientes educacionais. As comunidades acad\u00eamicas t\u00eam se mostrado cada dia mais preocupadas em acompanhar tais transforma\u00e7\u00f5es a fim de se inserir nesse contexto, onde a informa\u00e7\u00e3o e o conhecimento cient\u00edfico podem ser difundidos mundialmente.<\/p>\n<p>A Faculdade EFAN, consciente da import\u00e2ncia de se fortalecer institucionalmente, criou o Reposit\u00f3rio Institucional, um ambiente virtual onde a dissemina\u00e7\u00e3o da informa\u00e7\u00e3o e do conhecimento cient\u00edfico pode ser amplamente difundida, por meio da disponibiliza\u00e7\u00e3o de sua produ\u00e7\u00e3o acad\u00eamica.<\/p>\n<p>O Reposit\u00f3rio Institucional, \u00e9 baseado no software Tainacan, uma ferramenta para cria\u00e7\u00e3o de reposit\u00f3rios de acervos digitais em WordPress, desenvolvido pelo N\u00facleo de Tecnologia da Informa\u00e7\u00e3o \u2013 NTI em conjunto com a Biblioteca e Coordenadores, objetivando facilitar o acesso \u00e0 produ\u00e7\u00e3o acad\u00eamica da Faculdade por parte da comunidade acad\u00eamica, pesquisadores e demais interessados.<\/p>\n<p>O Reposit\u00f3rio re\u00fane, armazena, organiza e disponibiliza, em formato digital, todos os trabalhos de conclus\u00e3o de curso apresentados \u00e0 EFAN, compreendendo monografias e artigos cient\u00edficos produzidos pelos graduandos e p\u00f3s-graduandos. As pesquisas no Reposit\u00f3rio podem ser feitas por curso, t\u00edtulo, autor, orientador e palavra-chave, entre outras.<\/p>\n<p>A cria\u00e7\u00e3o do reposit\u00f3rio contribui firmemente para que o conhecimento cient\u00edfico produzido esteja dispon\u00edvel e acess\u00edvel a longo prazo, al\u00e9m de colaborar para a constru\u00e7\u00e3o e preserva\u00e7\u00e3o da mem\u00f3ria institucional da Faculdade EFAN.<\/p>\n<p>&nbsp;<\/p>\n<p>[\/et_pb_text][\/et_pb_column][\/et_pb_row][\/et_pb_section]<\/p>\n","protected":false},"excerpt":{"rendered":"<p>Reposit\u00f3rio InstitucionalO avan\u00e7o da internet e o crescente desenvolvimento de tecnologias de informa\u00e7\u00e3o e comunica\u00e7\u00e3o vem trazendo profundas transforma\u00e7\u00f5es nos ambientes educacionais. As comunidades acad\u00eamicas t\u00eam se mostrado cada dia mais preocupadas em acompanhar tais transforma\u00e7\u00f5es a fim de se inserir nesse contexto, onde a informa\u00e7\u00e3o e o conhecimento cient\u00edfico podem ser difundidos mundialmente. A [&hellip;]<\/p>\n","protected":false},"author":1,"featured_media":0,"parent":370318,"menu_order":0,"comment_status":"closed","ping_status":"closed","template":"","meta":{"_et_pb_use_builder":"on","_et_pb_old_content":"","_et_gb_content_width":"","ngg_post_thumbnail":0,"_joinchat":[],"footnotes":"","_links_to":"","_links_to_target":""},"class_list":["post-370328","page","type-page","status-publish","hentry"],"_links":{"self":[{"href":"https:\/\/www.efan.com.br\/universidade\/wp-json\/wp\/v2\/pages\/370328","targetHints":{"allow":["GET"]}}],"collection":[{"href":"https:\/\/www.efan.com.br\/universidade\/wp-json\/wp\/v2\/pages"}],"about":[{"href":"https:\/\/www.efan.com.br\/universidade\/wp-json\/wp\/v2\/types\/page"}],"author":[{"embeddable":true,"href":"https:\/\/www.efan.com.br\/universidade\/wp-json\/wp\/v2\/users\/1"}],"replies":[{"embeddable":true,"href":"https:\/\/www.efan.com.br\/universidade\/wp-json\/wp\/v2\/comments?post=370328"}],"version-history":[{"count":1,"href":"https:\/\/www.efan.com.br\/universidade\/wp-json\/wp\/v2\/pages\/370328\/revisions"}],"predecessor-version":[{"id":987591784,"href":"https:\/\/www.efan.com.br\/universidade\/wp-json\/wp\/v2\/pages\/370328\/revisions\/987591784"}],"up":[{"embeddable":true,"href":"https:\/\/www.efan.com.br\/universidade\/wp-json\/wp\/v2\/pages\/370318"}],"wp:attachment":[{"href":"https:\/\/www.efan.com.br\/universidade\/wp-json\/wp\/v2\/media?parent=370328"}],"curies":[{"name":"wp","href":"https:\/\/api.w.org\/{rel}","templated":true}]}}