{"id":370326,"date":"2024-02-29T10:00:45","date_gmt":"2024-02-29T13:00:45","guid":{"rendered":"https:\/\/www.efan.com.br\/universidade\/?page_id=370326"},"modified":"2026-03-28T11:52:23","modified_gmt":"2026-03-28T14:52:23","slug":"acervo-publico-de-ensino","status":"publish","type":"page","link":"https:\/\/www.efan.com.br\/universidade\/biblioteca\/acervo-publico-de-ensino\/","title":{"rendered":"Acervo P\u00fablico de Ensino"},"content":{"rendered":"<p>[et_pb_section fb_built=&#8221;1&#8243; _builder_version=&#8221;4.27.6&#8243; _module_preset=&#8221;default&#8221; background_color=&#8221;gcid-15a64b5a-5c56-46f3-99c0-666a66a3e92c&#8221; custom_padding=&#8221;||14px|||&#8221; global_colors_info=&#8221;{%22gcid-15a64b5a-5c56-46f3-99c0-666a66a3e92c%22:%91%22background_color%22%93}&#8221; theme_builder_area=&#8221;post_content&#8221;][et_pb_row _builder_version=&#8221;4.27.6&#8243; _module_preset=&#8221;default&#8221; custom_margin=&#8221;-47px|auto||auto||&#8221; global_colors_info=&#8221;{}&#8221; theme_builder_area=&#8221;post_content&#8221;][et_pb_column type=&#8221;4_4&#8243; _builder_version=&#8221;4.27.6&#8243; _module_preset=&#8221;default&#8221; global_colors_info=&#8221;{}&#8221; theme_builder_area=&#8221;post_content&#8221;][et_pb_text admin_label=&#8221;T\u00cdTULO DA P\u00c1GINA&#8221; _builder_version=&#8221;4.27.6&#8243; _module_preset=&#8221;default&#8221; hover_enabled=&#8221;0&#8243; global_colors_info=&#8221;{}&#8221; theme_builder_area=&#8221;post_content&#8221; header_font_size_last_edited=&#8221;on|phone&#8221; sticky_enabled=&#8221;0&#8243; header_font_size_phone=&#8221;30px&#8221;]<\/p>\n<h1 class=\"et_pb_module_header\" style=\"text-align: center;\"><span>Acervo P\u00fablico de Ensino<\/span><\/h1>\n<p>[\/et_pb_text][\/et_pb_column][\/et_pb_row][\/et_pb_section][et_pb_section fb_built=&#8221;1&#8243; _builder_version=&#8221;4.27.6&#8243; _module_preset=&#8221;default&#8221; background_enable_image=&#8221;off&#8221; background_pattern_repeat_origin=&#8221;center&#8221; hover_enabled=&#8221;0&#8243; global_colors_info=&#8221;{}&#8221; background_enable_color=&#8221;off&#8221; sticky_enabled=&#8221;0&#8243; custom_padding=&#8221;41px|||||&#8221;][et_pb_row column_structure=&#8221;2_5,3_5&#8243; _builder_version=&#8221;4.27.6&#8243; _module_preset=&#8221;default&#8221; width=&#8221;90%&#8221; max_width=&#8221;1280px&#8221; hover_enabled=&#8221;0&#8243; global_colors_info=&#8221;{}&#8221; make_equal=&#8221;on&#8221; use_custom_gutter=&#8221;on&#8221; gutter_width=&#8221;2&#8243; module_alignment=&#8221;center&#8221; sticky_enabled=&#8221;0&#8243;][et_pb_column type=&#8221;2_5&#8243; _builder_version=&#8221;4.24.2&#8243; _module_preset=&#8221;default&#8221; global_colors_info=&#8221;{}&#8221;][et_pb_image src=&#8221;https:\/\/www.efan.com.br\/universidade\/wp-content\/uploads\/2024\/05\/biblioteca_acervo.jpg&#8221; title_text=&#8221;biblioteca_acervo&#8221; _builder_version=&#8221;4.27.6&#8243; _module_preset=&#8221;default&#8221; hover_enabled=&#8221;0&#8243; global_colors_info=&#8221;{}&#8221; border_radii=&#8221;off|33px||33px|&#8221; sticky_enabled=&#8221;0&#8243;][\/et_pb_image][\/et_pb_column][et_pb_column type=&#8221;3_5&#8243; _builder_version=&#8221;4.24.2&#8243; _module_preset=&#8221;default&#8221; global_colors_info=&#8221;{}&#8221;][et_pb_text _builder_version=&#8221;4.27.6&#8243; _module_preset=&#8221;default&#8221; text_text_color=&#8221;#000000&#8243; header_4_text_color=&#8221;#FCAC00&#8243; hover_enabled=&#8221;0&#8243; global_colors_info=&#8221;{}&#8221; sticky_enabled=&#8221;0&#8243;]<\/p>\n<p>A EFAN acredita que as tecnologias e os servi\u00e7os de informa\u00e7\u00e3o e de comunica\u00e7\u00e3o se constituem em potencial para o crescimento sustentado, criando uma dimens\u00e3o social da era da informa\u00e7\u00e3o.<\/p>\n<p>A biblioteca se enquadra nesta perspectiva como rede de conte\u00fados, disponibilizando informa\u00e7\u00e3o e aproxima\u00e7\u00e3o de pessoas ou institui\u00e7\u00f5es envolvidas na gera\u00e7\u00e3o, produ\u00e7\u00e3o, organiza\u00e7\u00e3o e no compartilhamento de conhecimento. A informa\u00e7\u00e3o \u00e9 percebida como fator estruturante da sociedade e insumo b\u00e1sico da produ\u00e7\u00e3o intelectual, cultural e econ\u00f4mica.<br \/>\u00c9 papel da Biblioteca, como centro de documenta\u00e7\u00e3o e informa\u00e7\u00e3o, oferecer servi\u00e7os de fornecimento de documentos, servi\u00e7o de informa\u00e7\u00e3o referencial (respostas r\u00e1pidas), entre outros, dentro de um modelo de organiza\u00e7\u00e3o voltado para o cliente, com uma estrutura interna capaz de propiciar o pleno cumprimento de suas fun\u00e7\u00f5es.<\/p>\n<p>&nbsp;<\/p>\n<p>[\/et_pb_text][\/et_pb_column][\/et_pb_row][et_pb_row _builder_version=&#8221;4.27.6&#8243; _module_preset=&#8221;default&#8221; custom_padding=&#8221;0px|||||&#8221; width=&#8221;90%&#8221; max_width=&#8221;1280px&#8221; module_alignment=&#8221;center&#8221; hover_enabled=&#8221;0&#8243; sticky_enabled=&#8221;0&#8243;][et_pb_column _builder_version=&#8221;4.27.6&#8243; _module_preset=&#8221;default&#8221; type=&#8221;4_4&#8243;][et_pb_text _builder_version=&#8221;4.27.6&#8243; _module_preset=&#8221;default&#8221; hover_enabled=&#8221;0&#8243; sticky_enabled=&#8221;0&#8243;]<\/p>\n<h4><strong>A Biblioteca tem como finalidade:<\/strong><\/h4>\n<p>Reunir, organizar, conservar, disseminar, divulgar todo acervo bibliogr\u00e1fico e multim\u00eddia, visando o atendimento acad\u00eamico em n\u00edvel de gradua\u00e7\u00e3o e pesquisa da EFAN;<\/p>\n<p>Servir, de acordo com suas disponibilidades e condi\u00e7\u00f5es, aos alunos, professores e funcion\u00e1rios da EFAN , facultando-lhes o empr\u00e9stimo local e domiciliar do seu acervo bibliogr\u00e1fico;<\/p>\n<p>Manter o acervo especializado que atenda \u00e0s necessidades das disciplinas constantes dos curr\u00edculos de cursos integrantes da estrutura acad\u00eamica da faculdade.<\/p>\n<p><strong>SERVI\u00c7OS<\/strong><\/p>\n<p>Empr\u00e9stimo domiciliar aos usu\u00e1rios inscritos na Biblioteca;<br \/>Diretor e Professor da EFAN: limite de empr\u00e9stimo de 05 (cinco) itens com prazo de devolu\u00e7\u00e3o de 30 dias;<br \/>Alunos da EFAN devidamente matriculados: limite de empr\u00e9stimo de 03 (tr\u00eas) itens com prazo de devolu\u00e7\u00e3o de 10 dias;<br \/>Funcion\u00e1rios da EFAN: limite de empr\u00e9stimo de 03 (tr\u00eas) itens, com prazo de 15 dias.<br \/>\u00b7 Elabora\u00e7\u00e3o de ficha catalogr\u00e1fica para TCC;<br \/>\u00b7 Acesso \u00e0 internet atrav\u00e9s de terminais de consulta;<br \/>\u00b7 Disponibiliza\u00e7\u00e3o de salas para estudo individual ou em grupo.<\/p>\n<p><strong>HOR\u00c1RIO DE FUNCIONAMENTO:<\/strong><\/p>\n<p>Segunda a Sexta: 8h \u00e0s 12h e 14h \u00e0 21h<br \/>E-mail: biblioteca@efan.com.br<\/p>\n<p>&nbsp;<\/p>\n<p>[\/et_pb_text][\/et_pb_column][\/et_pb_row][\/et_pb_section]<\/p>\n","protected":false},"excerpt":{"rendered":"<p>Acervo P\u00fablico de EnsinoA EFAN acredita que as tecnologias e os servi\u00e7os de informa\u00e7\u00e3o e de comunica\u00e7\u00e3o se constituem em potencial para o crescimento sustentado, criando uma dimens\u00e3o social da era da informa\u00e7\u00e3o. A biblioteca se enquadra nesta perspectiva como rede de conte\u00fados, disponibilizando informa\u00e7\u00e3o e aproxima\u00e7\u00e3o de pessoas ou institui\u00e7\u00f5es envolvidas na gera\u00e7\u00e3o, produ\u00e7\u00e3o, [&hellip;]<\/p>\n","protected":false},"author":1,"featured_media":0,"parent":370318,"menu_order":0,"comment_status":"closed","ping_status":"closed","template":"","meta":{"_et_pb_use_builder":"on","_et_pb_old_content":"","_et_gb_content_width":"","ngg_post_thumbnail":0,"_joinchat":[],"footnotes":"","_links_to":"","_links_to_target":""},"class_list":["post-370326","page","type-page","status-publish","hentry"],"_links":{"self":[{"href":"https:\/\/www.efan.com.br\/universidade\/wp-json\/wp\/v2\/pages\/370326","targetHints":{"allow":["GET"]}}],"collection":[{"href":"https:\/\/www.efan.com.br\/universidade\/wp-json\/wp\/v2\/pages"}],"about":[{"href":"https:\/\/www.efan.com.br\/universidade\/wp-json\/wp\/v2\/types\/page"}],"author":[{"embeddable":true,"href":"https:\/\/www.efan.com.br\/universidade\/wp-json\/wp\/v2\/users\/1"}],"replies":[{"embeddable":true,"href":"https:\/\/www.efan.com.br\/universidade\/wp-json\/wp\/v2\/comments?post=370326"}],"version-history":[{"count":3,"href":"https:\/\/www.efan.com.br\/universidade\/wp-json\/wp\/v2\/pages\/370326\/revisions"}],"predecessor-version":[{"id":987591782,"href":"https:\/\/www.efan.com.br\/universidade\/wp-json\/wp\/v2\/pages\/370326\/revisions\/987591782"}],"up":[{"embeddable":true,"href":"https:\/\/www.efan.com.br\/universidade\/wp-json\/wp\/v2\/pages\/370318"}],"wp:attachment":[{"href":"https:\/\/www.efan.com.br\/universidade\/wp-json\/wp\/v2\/media?parent=370326"}],"curies":[{"name":"wp","href":"https:\/\/api.w.org\/{rel}","templated":true}]}}