{"id":370316,"date":"2024-02-29T09:59:17","date_gmt":"2024-02-29T12:59:17","guid":{"rendered":"https:\/\/www.efan.com.br\/universidade\/?page_id=370316"},"modified":"2026-03-24T16:54:26","modified_gmt":"2026-03-24T19:54:26","slug":"nucleos-academicos","status":"publish","type":"page","link":"https:\/\/www.efan.com.br\/universidade\/diferenciais\/nucleos-academicos\/","title":{"rendered":"N\u00facleos Acad\u00eamicos"},"content":{"rendered":"<p>[et_pb_section fb_built=&#8221;1&#8243; _builder_version=&#8221;4.27.6&#8243; _module_preset=&#8221;default&#8221; background_color=&#8221;gcid-15a64b5a-5c56-46f3-99c0-666a66a3e92c&#8221; custom_padding=&#8221;||14px|||&#8221; global_colors_info=&#8221;{%22gcid-15a64b5a-5c56-46f3-99c0-666a66a3e92c%22:%91%22background_color%22%93}&#8221;][et_pb_row _builder_version=&#8221;4.27.6&#8243; _module_preset=&#8221;default&#8221; custom_margin=&#8221;-47px|auto||auto||&#8221; global_colors_info=&#8221;{}&#8221;][et_pb_column type=&#8221;4_4&#8243; _builder_version=&#8221;4.27.6&#8243; _module_preset=&#8221;default&#8221; global_colors_info=&#8221;{}&#8221;][et_pb_text admin_label=&#8221;T\u00cdTULO DA P\u00c1GINA&#8221; _builder_version=&#8221;4.27.6&#8243; _module_preset=&#8221;default&#8221; hover_enabled=&#8221;0&#8243; global_colors_info=&#8221;{}&#8221; header_font_size_last_edited=&#8221;on|phone&#8221; sticky_enabled=&#8221;0&#8243; header_font_size_phone=&#8221;30px&#8221;]<\/p>\n<h1 style=\"text-align: center;\">N\u00facleos Acad\u00eamicos &#8211; EFAN<\/h1>\n<p>[\/et_pb_text][\/et_pb_column][\/et_pb_row][\/et_pb_section][et_pb_section fb_built=&#8221;1&#8243; admin_label=&#8221;Tab MODULE&#8221; _builder_version=&#8221;4.27.6&#8243; _module_preset=&#8221;default&#8221; background_color=&#8221;#FFFFFF&#8221; custom_padding=&#8221;2px|||||&#8221; global_colors_info=&#8221;{}&#8221;][et_pb_row _builder_version=&#8221;4.27.5&#8243; _module_preset=&#8221;default&#8221; max_width=&#8221;1px&#8221; custom_margin=&#8221;||0px||false|false&#8221; custom_padding=&#8221;||0px||false|false&#8221; global_colors_info=&#8221;{}&#8221;][et_pb_column type=&#8221;4_4&#8243; _builder_version=&#8221;4.16&#8243; _module_preset=&#8221;default&#8221; global_colors_info=&#8221;{}&#8221;][et_pb_text admin_label=&#8221;CSS Is Located In A Code Module Under This Text&#8221; _builder_version=&#8221;4.27.5&#8243; _module_preset=&#8221;default&#8221; text_font=&#8221;|600||on|||||&#8221; header_2_font=&#8221;|600||on|||||&#8221; text_orientation=&#8221;center&#8221; global_colors_info=&#8221;{}&#8221;][\/et_pb_text][\/et_pb_column][\/et_pb_row][et_pb_row _builder_version=&#8221;4.27.5&#8243; _module_preset=&#8221;default&#8221; width=&#8221;94%&#8221; global_colors_info=&#8221;{}&#8221;][et_pb_column type=&#8221;4_4&#8243; _builder_version=&#8221;4.27.5&#8243; _module_preset=&#8221;default&#8221; global_colors_info=&#8221;{}&#8221;][et_pb_toggle title=&#8221;Cronograma EFAN&#8221; open_toggle_text_color=&#8221;#000000&#8243; open_toggle_background_color=&#8221;#FFFFFF&#8221; closed_toggle_background_color=&#8221;gcid-b4e5221b-725e-41b2-9f22-9b0a184c0015&#8243; admin_label=&#8221;Cronograma EFAN&#8221; _builder_version=&#8221;4.27.6&#8243; _module_preset=&#8221;default&#8221; title_text_color=&#8221;#FFFFFF&#8221; title_font_size=&#8221;18px&#8221; closed_title_font_size=&#8221;18px&#8221; background_color=&#8221;RGBA(255,255,255,0)&#8221; custom_margin=&#8221;||40px|||&#8221; hover_enabled=&#8221;0&#8243; border_radii=&#8221;on|15px|15px|15px|15px&#8221; border_width_all=&#8221;0px&#8221; global_colors_info=&#8221;{%22gcid-b4e5221b-725e-41b2-9f22-9b0a184c0015%22:%91%22closed_toggle_background_color%22%93}&#8221; sticky_enabled=&#8221;0&#8243;]<\/p>\n<p><iframe loading=\"lazy\" src=\"https:\/\/calendar.google.com\/calendar\/embed?height=600&amp;wkst=1&amp;ctz=America%2FSao_Paulo&amp;showPrint=0&amp;src=YWRtaW5pc3RyYWNhb3NlbWVzdHJhbEBpZXNlZmFuLmNvbQ&amp;src=Y19hOWZkM2I0MzRmMzFlY2ViMTIyODc2OTNjZGFhZWFkYTk3OWVjMjRjMWRjMTc5OTlkYTJjNmFlYWM5NDIyNDczQGdyb3VwLmNhbGVuZGFyLmdvb2dsZS5jb20&amp;src=cHQtYnIuYnJhemlsaWFuI2hvbGlkYXlAZ3JvdXAudi5jYWxlbmRhci5nb29nbGUuY29t&amp;color=%23039be5&amp;color=%23a79b8e&amp;color=%230b8043\" style=\"border: solid 1px #777;\" width=\"1200\" height=\"600\" frameborder=\"0\" scrolling=\"no\"><\/iframe><\/p>\n<p>[\/et_pb_toggle][et_pb_toggle title=&#8221;CAE &#8211; Centro de Apoio ao Estudante &#8221; open_toggle_text_color=&#8221;#000000&#8243; open_toggle_background_color=&#8221;#FFFFFF&#8221; closed_toggle_background_color=&#8221;gcid-b4e5221b-725e-41b2-9f22-9b0a184c0015&#8243; admin_label=&#8221;Cronograma EFAN&#8221; _builder_version=&#8221;4.27.6&#8243; _module_preset=&#8221;default&#8221; title_text_color=&#8221;#FFFFFF&#8221; title_font_size=&#8221;18px&#8221; closed_title_font_size=&#8221;18px&#8221; background_color=&#8221;RGBA(255,255,255,0)&#8221; custom_margin=&#8221;||40px|||&#8221; hover_enabled=&#8221;0&#8243; border_radii=&#8221;on|15px|15px|15px|15px&#8221; border_width_all=&#8221;0px&#8221; global_colors_info=&#8221;{%22gcid-b4e5221b-725e-41b2-9f22-9b0a184c0015%22:%91%22closed_toggle_background_color%22%93}&#8221; sticky_enabled=&#8221;0&#8243;]<\/p>\n<h2>\u00a0<img loading=\"lazy\" decoding=\"async\" src=\"https:\/\/www.efan.com.br\/universidade\/wp-content\/uploads\/2026\/03\/Gustavo-Guedes-de-Paula.jpg\" width=\"225\" height=\"300\" alt=\"\" class=\"wp-image-987591450 alignnone size-full\" \/><\/h2>\n<h4>Gustavo Guedes de Paula<\/h4>\n<p><strong>email:<\/strong> <a href=\"mailto:apoio.estudante@efan.com.br\">apoio.estudante@efan.com.br<\/a><\/p>\n<p><strong>O CAE (Centro de Apoio ao Estudante)<\/strong> \u00e9 um espa\u00e7o dedicado a oferecer suporte integral \u00e0 vida acad\u00eamica e pessoal dos estudantes. Nosso objetivo \u00e9 acolher, orientar e contribuir para o bem-estar e o desenvolvimento dos alunos ao longo de sua trajet\u00f3ria na institui\u00e7\u00e3o.<\/p>\n<p>-Por meio de atendimentos, a\u00e7\u00f5es educativas, parcerias e escuta qualificada, buscamos promover um ambiente mais inclusivo, acolhedor e prop\u00edcio ao aprendizado. O CAE est\u00e1 aqui para caminhar ao lado dos estudantes, ajudando a superar desafios e potencializar suas conquistas<\/p>\n<p>&nbsp;<\/p>\n<p>O Centro de Apoio ao Estudante &#8211; CAE \u00e9 o \u00f3rg\u00e3o da IES voltado ao atendimento especializado de alunos devidamente matriculados na EFAN.<\/p>\n<p>&#8211; O Centro de Apoio ao Estudante \u2013 CAE subdivide-se em n\u00facleos e \u00f3rg\u00e3os, a saber:<\/p>\n<p>I \u2013 N\u00facleo de Bolsas e Incentivos EFAN;<\/p>\n<p>II \u2013 N\u00facleo de Atendimento Psicopedag\u00f3gico;<\/p>\n<p>III \u2013 N\u00facleo de Est\u00e1gio e Carreira;<\/p>\n<p>IV \u2013 N\u00facleo de Reten\u00e7\u00e3o;<\/p>\n<p>V \u2013 N\u00facleo de Integra\u00e7\u00e3o Estudantil e Nivelamento.<\/p>\n<p>[\/et_pb_toggle][et_pb_toggle title=&#8221;N\u00facleo de Apoio Psicopedag\u00f3gico&#8221; open_toggle_text_color=&#8221;#000000&#8243; open_toggle_background_color=&#8221;#FFFFFF&#8221; closed_toggle_background_color=&#8221;gcid-b4e5221b-725e-41b2-9f22-9b0a184c0015&#8243; admin_label=&#8221;Cronograma EFAN&#8221; _builder_version=&#8221;4.27.6&#8243; _module_preset=&#8221;default&#8221; title_text_color=&#8221;#FFFFFF&#8221; title_font_size=&#8221;18px&#8221; closed_title_font_size=&#8221;18px&#8221; background_color=&#8221;RGBA(255,255,255,0)&#8221; custom_margin=&#8221;||40px|||&#8221; hover_enabled=&#8221;0&#8243; border_radii=&#8221;on|15px|15px|15px|15px&#8221; border_width_all=&#8221;0px&#8221; global_colors_info=&#8221;{%22gcid-b4e5221b-725e-41b2-9f22-9b0a184c0015%22:%91%22closed_toggle_background_color%22%93}&#8221; sticky_enabled=&#8221;0&#8243;]<\/p>\n<h2><img loading=\"lazy\" decoding=\"async\" src=\"https:\/\/www.efan.com.br\/universidade\/wp-content\/uploads\/2021\/04\/Gildete-2-225x300-1.jpg\" width=\"225\" height=\"300\" alt=\"\" class=\"wp-image-987496798 alignnone size-medium\" \/><\/h2>\n<h4>Gildete Felisberto da Silva Pires<\/h4>\n<p><strong>email:<\/strong> <a href=\"mailto:apoio.psicopedagogico@efan.com.br\">apoio.psicopedagogico@efan.com.br<\/a><\/p>\n<p>&nbsp;<\/p>\n<p><strong>O N\u00facleo de Apoio Psicopedag\u00f3gico (NAP)<\/strong> \u00e9 um espa\u00e7o voltado para oferecer suporte emocional, pedag\u00f3gico e psicossocial aos estudantes, professores e demais membros da comunidade escolar. Seu principal objetivo \u00e9 promover o bem-estar, favorecer o processo de aprendizagem e contribuir para o desenvolvimento integral dos indiv\u00edduos<\/p>\n<p>&#8211; Respons\u00e1vel por intervir, a partir de ferramentas da psicologia, em todo e qualquer problema de ordem de aprendizado, interacional ou afetiva enfrentados por alguns acad\u00eamicos em sua vida na IES, bem como por professores e funcion\u00e1rios.<\/p>\n<p>&nbsp;<\/p>\n<p>&#8211; <strong>ALGUNS OBJETIVOS DO N\u00daCLEO:<\/strong><\/p>\n<p><strong>1-<\/strong>Atender as demandas dos alunos da EFAN<\/p>\n<p><strong>2-<\/strong>Avaliar as situa\u00e7\u00f5es relacionadas com problemas e dificuldades de aprendizagem<\/p>\n<p><strong>3-<\/strong>Promover a eleva\u00e7\u00e3o da autoestima do aluno<\/p>\n<p><strong>4-<\/strong>Auxiliar na recupera\u00e7\u00e3o de seus processos internos<\/p>\n<p><strong>5<\/strong>-Despertar o potencial criativo, cooperativo e motivacional dos alunos da Institui\u00e7\u00e3o,<\/p>\n<p><strong>6<\/strong>-Apoio psicopedag\u00f3gico a alunos e professores, objetivando a interven\u00e7\u00e3o nas dificuldades referentes ao processo educativo<\/p>\n<p>&nbsp;<\/p>\n<p>[\/et_pb_toggle][et_pb_toggle title=&#8221;N\u00facleo de Extens\u00e3o, Pesquisa e P\u00f3s Gradua\u00e7\u00e3o&#8221; open_toggle_text_color=&#8221;#000000&#8243; open_toggle_background_color=&#8221;#FFFFFF&#8221; closed_toggle_background_color=&#8221;gcid-b4e5221b-725e-41b2-9f22-9b0a184c0015&#8243; admin_label=&#8221;Cronograma EFAN&#8221; _builder_version=&#8221;4.27.6&#8243; _module_preset=&#8221;default&#8221; title_text_color=&#8221;#FFFFFF&#8221; title_font_size=&#8221;18px&#8221; closed_title_font_size=&#8221;18px&#8221; background_color=&#8221;RGBA(255,255,255,0)&#8221; custom_margin=&#8221;||40px|||&#8221; hover_enabled=&#8221;0&#8243; border_radii=&#8221;on|15px|15px|15px|15px&#8221; border_width_all=&#8221;0px&#8221; global_colors_info=&#8221;{%22gcid-b4e5221b-725e-41b2-9f22-9b0a184c0015%22:%91%22closed_toggle_background_color%22%93}&#8221; sticky_enabled=&#8221;0&#8243;]<\/p>\n<h2><img loading=\"lazy\" decoding=\"async\" src=\"https:\/\/www.efan.com.br\/universidade\/wp-content\/uploads\/2021\/04\/Andreia-Aparecida-de-Campos-Cordeiro-2-225x300-1.jpg\" width=\"225\" height=\"300\" alt=\"\" class=\"wp-image-987496799 alignnone size-medium\" \/><\/h2>\n<h4>Andr\u00e9ia Aparecida de Campos Cordeiro<\/h4>\n<p>email: <a href=\"mailto:extensao.pesquisa@efan.com.br\">extensao.pesquisa@efan.com.br<\/a><\/p>\n<p>&nbsp;<\/p>\n<p><strong>O N\u00facleo de Pesquisa e Extens\u00e3o<\/strong> da EFAN \u00e9 um \u00f3rg\u00e3o institucional com a fun\u00e7\u00e3o de desenvolver atividades de natureza acad\u00eamica e interdisciplinar, tendo como finalidade coordenar e incentivar a realiza\u00e7\u00e3o de atividades de pesquisa e extens\u00e3o por parte da comunidade acad\u00eamica constituinte.<\/p>\n<p>&#8211; S\u00e3o atribui\u00e7\u00f5es do N\u00facleo de Pesquisa e Extens\u00e3o:<\/p>\n<p>I- Incentivar a intera\u00e7\u00e3o de docentes das diferentes \u00e1reas do conhecimento no desenvolvimento de projetos de pesquisa e extens\u00e3o;<\/p>\n<p>II- Promover a realiza\u00e7\u00e3o de projetos de pesquisa e extens\u00e3o de cunho interdisciplinar envolvendo os diferentes cursos da EFAN;<\/p>\n<p>III- Estimular a participa\u00e7\u00e3o dos estudantes em projetos de inicia\u00e7\u00e3o cient\u00edfica de car\u00e1ter interdisciplinar;<\/p>\n<p>IV- Organizar as atividades de pesquisa e extens\u00e3o, permitindo um direcionamento claro das principais linhas de trabalho consolidadas na institui\u00e7\u00e3o.<\/p>\n<p>&nbsp;<\/p>\n<p>&nbsp;<\/p>\n<p>[\/et_pb_toggle][et_pb_toggle title=&#8221;N\u00facleo de Tecnologia e Inova\u00e7\u00e3o Pedag\u00f3gica&#8221; open_toggle_text_color=&#8221;#000000&#8243; open_toggle_background_color=&#8221;#FFFFFF&#8221; closed_toggle_background_color=&#8221;gcid-b4e5221b-725e-41b2-9f22-9b0a184c0015&#8243; admin_label=&#8221;Cronograma EFAN&#8221; _builder_version=&#8221;4.27.6&#8243; _module_preset=&#8221;default&#8221; title_text_color=&#8221;#FFFFFF&#8221; title_font_size=&#8221;18px&#8221; closed_title_font_size=&#8221;18px&#8221; background_color=&#8221;RGBA(255,255,255,0)&#8221; custom_margin=&#8221;||40px|||&#8221; hover_enabled=&#8221;0&#8243; border_radii=&#8221;on|15px|15px|15px|15px&#8221; border_width_all=&#8221;0px&#8221; global_colors_info=&#8221;{%22gcid-b4e5221b-725e-41b2-9f22-9b0a184c0015%22:%91%22closed_toggle_background_color%22%93}&#8221; sticky_enabled=&#8221;0&#8243;]<\/p>\n<h2><img loading=\"lazy\" decoding=\"async\" src=\"https:\/\/www.efan.com.br\/universidade\/wp-content\/uploads\/2021\/04\/Joao-batista-Begnami-225x300-1.jpg\" width=\"225\" height=\"300\" alt=\"\" class=\"wp-image-987496810 alignnone size-medium\" \/><\/h2>\n<h4>Jo\u00e3o Batista Begnami<\/h4>\n<p><strong>email:<\/strong> <a href=\"mailto:tecnologia.inovacao@efan.com.br\">tecnologia.inovacao@efan.com.br<\/a><\/p>\n<p>\u00a0<strong>O N\u00facleo de Tecnologia e Inova\u00e7\u00e3o Pedag\u00f3gica (NTIP)<\/strong> tem como objetivo apoiar e promover pr\u00e1ticas educacionais inovadoras por meio da integra\u00e7\u00e3o de tecnologias digitais ao processo de ensino e aprendizagem.<\/p>\n<p>&#8211; O N\u00facleo de Tecnologia e Inova\u00e7\u00e3o Pedag\u00f3gica, tem por finalidade:<\/p>\n<ol>\n<li>pesquisar e disseminar novas pr\u00e1ticas de ensino e tecnologias no \u00e2mbito dos cursos de gradua\u00e7\u00e3o da EFAN;<\/li>\n<li>promover treinamento do corpo docente da Faculdade em procedimentos pedag\u00f3gicos;<\/li>\n<\/ol>\n<p>III. assessorar o corpo docente no planejamento de atividades de ensino;<\/p>\n<ol>\n<li>assessorar os \u00f3rg\u00e3os de administra\u00e7\u00e3o acad\u00eamica no planejamento curricular e na determina\u00e7\u00e3o dos procedimentos para o seu desenvolvimento;<\/li>\n<li>diagnosticar a situa\u00e7\u00e3o do ser-pensar-agir pedag\u00f3gicos dos corpos docente e discente; VI. promover eventos educacionais que venham a se constituir em meios de aprimoramento do desempenho do corpo docente da Faculdade.<\/li>\n<\/ol>\n<p>&nbsp;<\/p>\n<p>[\/et_pb_toggle][et_pb_toggle title=&#8221;N\u00facleo de Responsabilidade Social e Sustentabilidade&#8221; open_toggle_text_color=&#8221;#000000&#8243; open_toggle_background_color=&#8221;#FFFFFF&#8221; closed_toggle_background_color=&#8221;gcid-b4e5221b-725e-41b2-9f22-9b0a184c0015&#8243; admin_label=&#8221;Cronograma EFAN&#8221; _builder_version=&#8221;4.27.6&#8243; _module_preset=&#8221;default&#8221; title_text_color=&#8221;#FFFFFF&#8221; title_font_size=&#8221;18px&#8221; closed_title_font_size=&#8221;18px&#8221; background_color=&#8221;RGBA(255,255,255,0)&#8221; custom_margin=&#8221;||40px|||&#8221; hover_enabled=&#8221;0&#8243; border_radii=&#8221;on|15px|15px|15px|15px&#8221; border_width_all=&#8221;0px&#8221; global_colors_info=&#8221;{%22gcid-b4e5221b-725e-41b2-9f22-9b0a184c0015%22:%91%22closed_toggle_background_color%22%93}&#8221; sticky_enabled=&#8221;0&#8243;]<\/p>\n<h2><img loading=\"lazy\" decoding=\"async\" src=\"https:\/\/www.efan.com.br\/universidade\/wp-content\/uploads\/2021\/04\/Ricardo-Vital-2-225x300-1.jpg\" width=\"225\" height=\"300\" alt=\"\" class=\"wp-image-987496797 alignnone size-medium\" \/><\/h2>\n<h4>Ricardo Ferreira Vital<\/h4>\n<p><strong>email:<\/strong> <a href=\"mailto:responsabilidade.sustentabilidade@efan.com.br\">responsabilidade.sustentabilidade@efan.com.br<\/a><\/p>\n<p><strong>O N\u00facleo de Responsabilidade Social e Sustentabilidade<\/strong> \u00e9 o \u00f3rg\u00e3o respons\u00e1vel pela gest\u00e3o dos programas de Responsabilidade Social e Sustentabilidade, voltados a comunidade interna e externa.<\/p>\n<p>&nbsp;<\/p>\n<p>[\/et_pb_toggle][et_pb_toggle title=&#8221;N\u00facleo de Integra\u00e7\u00e3o Estudantil e Nivelamento&#8221; open_toggle_text_color=&#8221;#000000&#8243; open_toggle_background_color=&#8221;#FFFFFF&#8221; closed_toggle_background_color=&#8221;gcid-b4e5221b-725e-41b2-9f22-9b0a184c0015&#8243; admin_label=&#8221;Cronograma EFAN&#8221; _builder_version=&#8221;4.27.6&#8243; _module_preset=&#8221;default&#8221; title_text_color=&#8221;#FFFFFF&#8221; title_font_size=&#8221;18px&#8221; closed_title_font_size=&#8221;18px&#8221; background_color=&#8221;RGBA(255,255,255,0)&#8221; custom_margin=&#8221;||40px|||&#8221; hover_enabled=&#8221;0&#8243; border_radii=&#8221;on|15px|15px|15px|15px&#8221; border_width_all=&#8221;0px&#8221; global_colors_info=&#8221;{%22gcid-b4e5221b-725e-41b2-9f22-9b0a184c0015%22:%91%22closed_toggle_background_color%22%93}&#8221; sticky_enabled=&#8221;0&#8243;]<\/p>\n<p><img loading=\"lazy\" decoding=\"async\" src=\"https:\/\/www.efan.com.br\/universidade\/wp-content\/uploads\/2021\/04\/Manoel-de-Brito-225x300-1.jpg\" width=\"225\" height=\"300\" alt=\"\" class=\"wp-image-987496847 alignnone size-medium\" \/><\/p>\n<h4>Manuel de Brito Oliveira segundo<\/h4>\n<p><strong>email<\/strong>: <a href=\"mailto:intergracao.estudantil@efan.com.br\">intergracao.estudantil@efan.com.br<\/a><\/p>\n<p>&nbsp;<\/p>\n<p>&#8211; Respons\u00e1vel por promover a interlocu\u00e7\u00e3o inicial entre a Faculdade e o estudante, principalmente no que diz respeito a sua adapta\u00e7\u00e3o \u00e0 nova realidade educacional em que se insere.<\/p>\n<p>&#8211; Organizar uma s\u00e9rie de eventos a fim de integr\u00e1-los j\u00e1 de in\u00edcio \u00e0 EFAN, desde as \u201cboas-vindas\u201d nos port\u00f5es da IES, o encaminhamento \u00e0s salas de aula.<\/p>\n<p>&#8211; Nivelamento em L\u00edngua Portuguesa: Capacitar os alunos para o desenvolvimento da profici\u00eancia na produ\u00e7\u00e3o de texto, provendo-os de conhecimentos gramaticais, textuais e pragm\u00e1ticos, a fim de que possam aplic\u00e1-los na escrita voltada para reda\u00e7\u00e3o acad\u00eamica.<\/p>\n<p>&#8211; Nivelamento em Matem\u00e1tica:\u00a0 Proporcionar aos alunos a manuten\u00e7\u00e3o de conceitos matem\u00e1ticos elementares; compreender as diferentes representa\u00e7\u00f5es dos n\u00fameros racionais, sobretudo a decimal e suas opera\u00e7\u00f5es; resolver problemas envolvendo regra de tr\u00eas e casos de raz\u00f5es e propor\u00e7\u00f5es; Compreender os conceitos e as t\u00e9cnicas de resolu\u00e7\u00f5es de equa\u00e7\u00f5es de grau 1 e 2.<\/p>\n<p>[\/et_pb_toggle][et_pb_toggle title=&#8221;N\u00facleo de Est\u00e1gio e Carreira&#8221; open_toggle_text_color=&#8221;#000000&#8243; open_toggle_background_color=&#8221;#FFFFFF&#8221; closed_toggle_background_color=&#8221;gcid-b4e5221b-725e-41b2-9f22-9b0a184c0015&#8243; admin_label=&#8221;Cronograma EFAN&#8221; _builder_version=&#8221;4.27.6&#8243; _module_preset=&#8221;default&#8221; title_text_color=&#8221;#FFFFFF&#8221; title_font_size=&#8221;18px&#8221; closed_title_font_size=&#8221;18px&#8221; background_color=&#8221;RGBA(255,255,255,0)&#8221; custom_margin=&#8221;||40px|||&#8221; hover_enabled=&#8221;0&#8243; border_radii=&#8221;on|15px|15px|15px|15px&#8221; border_width_all=&#8221;0px&#8221; global_colors_info=&#8221;{%22gcid-b4e5221b-725e-41b2-9f22-9b0a184c0015%22:%91%22closed_toggle_background_color%22%93}&#8221; sticky_enabled=&#8221;0&#8243;]<\/p>\n<h2><img loading=\"lazy\" decoding=\"async\" src=\"https:\/\/www.efan.com.br\/universidade\/wp-content\/uploads\/2021\/04\/Idalino-firmino-225x300-1.jpg\" width=\"225\" height=\"300\" alt=\"\" class=\"wp-image-987496813 alignnone size-medium\" \/><\/h2>\n<h4>Idalino Firmino dos Santos<\/h4>\n<p><strong>email<\/strong>: <a href=\"mailto:estagio.carreira@efan.com.br\">estagio.carreira@efan.com.br<\/a><\/p>\n<p>&nbsp;<\/p>\n<p>&#8211; Respons\u00e1vel por promover a articula\u00e7\u00e3o e negocia\u00e7\u00e3o entre empresas, institui\u00e7\u00f5es, coordena\u00e7\u00f5es de curso e alunos na busca de vagas e condi\u00e7\u00f5es para a realiza\u00e7\u00e3o de est\u00e1gio obrigat\u00f3rio e n\u00e3o obrigat\u00f3rio.<\/p>\n<p>&nbsp;<\/p>\n<p>&#8211; Divulga vagas, organiza e executa a inscri\u00e7\u00e3o de candidatos de est\u00e1gio e vagas de trabalho, bem como informa e orienta sobre os requisitos e condi\u00e7\u00f5es legais para a realiza\u00e7\u00e3o de est\u00e1gios e realiza\u00e7\u00e3o do programa de voluntariado acad\u00eamico.<\/p>\n<p>&nbsp;<\/p>\n<p>&#8211; O N\u00facleo de Est\u00e1gio se responsabiliza pela divulga\u00e7\u00e3o das vagas a partir do site da IES ou dos murais espalhados pela Faculdade.<\/p>\n<p>&nbsp;<\/p>\n<p>[\/et_pb_toggle][et_pb_toggle title=&#8221;N\u00facleo de Reten\u00e7\u00e3o&#8221; open_toggle_text_color=&#8221;#000000&#8243; open_toggle_background_color=&#8221;#FFFFFF&#8221; closed_toggle_background_color=&#8221;gcid-b4e5221b-725e-41b2-9f22-9b0a184c0015&#8243; admin_label=&#8221;Cronograma EFAN&#8221; _builder_version=&#8221;4.27.6&#8243; _module_preset=&#8221;default&#8221; title_text_color=&#8221;#FFFFFF&#8221; title_font_size=&#8221;18px&#8221; closed_title_font_size=&#8221;18px&#8221; background_color=&#8221;RGBA(255,255,255,0)&#8221; custom_margin=&#8221;||40px|||&#8221; hover_enabled=&#8221;0&#8243; border_radii=&#8221;on|15px|15px|15px|15px&#8221; border_width_all=&#8221;0px&#8221; global_colors_info=&#8221;{%22gcid-b4e5221b-725e-41b2-9f22-9b0a184c0015%22:%91%22closed_toggle_background_color%22%93}&#8221; body_text_color=&#8221;#000000&#8243; sticky_enabled=&#8221;0&#8243;]<\/p>\n<h4><img loading=\"lazy\" decoding=\"async\" src=\"https:\/\/www.efan.com.br\/universidade\/wp-content\/uploads\/2026\/03\/Bruno-Ferreira-Batista.jpg\" width=\"225\" height=\"300\" alt=\"\" class=\"wp-image-987591449 alignnone size-full\" \/><\/h4>\n<h4>Bruno Ferreira Batista<\/h4>\n<p>email: <a href=\"mailto:retencao@efan.com.br\">retencao@efan.com.br<\/a><\/p>\n<p>\u2013 Trata se do \u00f3rg\u00e3o respons\u00e1vel por desenvolver estudos, an\u00e1lises e compor diagn\u00f3sticos da evas\u00e3o nos diferentes cursos, programas e atividades da EFAN.<\/p>\n<p>\u2013 Acompanha e monitora, de forma sistem\u00e1tica, o comportamento da evas\u00e3o na Faculdade.<\/p>\n<p>\u2013 Com base em instrumentos e indicadores estabelecidos para esse fim, fornecendo dados aos v\u00e1rios N\u00facleos e Coordena\u00e7\u00f5es.<\/p>\n<p>[\/et_pb_toggle][et_pb_toggle title=&#8221;N\u00facleo de Apoio Financeiro e Monitoria&#8221; open_toggle_text_color=&#8221;#000000&#8243; open_toggle_background_color=&#8221;#FFFFFF&#8221; closed_toggle_background_color=&#8221;gcid-b4e5221b-725e-41b2-9f22-9b0a184c0015&#8243; admin_label=&#8221;Cronograma EFAN&#8221; _builder_version=&#8221;4.27.6&#8243; _module_preset=&#8221;default&#8221; title_text_color=&#8221;#FFFFFF&#8221; title_font_size=&#8221;18px&#8221; closed_title_font_size=&#8221;18px&#8221; background_color=&#8221;RGBA(255,255,255,0)&#8221; custom_margin=&#8221;||40px|||&#8221; hover_enabled=&#8221;0&#8243; border_radii=&#8221;on|15px|15px|15px|15px&#8221; border_width_all=&#8221;0px&#8221; global_colors_info=&#8221;{%22gcid-b4e5221b-725e-41b2-9f22-9b0a184c0015%22:%91%22closed_toggle_background_color%22%93}&#8221; sticky_enabled=&#8221;0&#8243;]<\/p>\n<h2><img loading=\"lazy\" decoding=\"async\" src=\"https:\/\/www.efan.com.br\/universidade\/wp-content\/uploads\/2021\/04\/Adriano-Goncalves-Rocha-2-225x300-1.jpg\" width=\"225\" height=\"300\" alt=\"\" class=\"wp-image-987496800 alignnone size-medium\" \/><\/h2>\n<h4>Adriano Gon\u00e7alves Rocha<\/h4>\n<p><strong>email: <\/strong><a href=\"mailto:apoio.financeiro@efan.com.br\">apoio.financeiro@efan.com.br<\/a><\/p>\n<p>&#8211; Trata-se do setor respons\u00e1vel pelo acompanhamento e distribui\u00e7\u00e3o dos programas de bolsas estudantis, programas de incentivo e descontos.<\/p>\n<p>[\/et_pb_toggle][\/et_pb_column][\/et_pb_row][\/et_pb_section]<\/p>\n","protected":false},"excerpt":{"rendered":"<p>N\u00facleos Acad\u00eamicos &#8211; EFAN\u00a0 Gustavo Guedes de Paula email: apoio.estudante@efan.com.br O CAE (Centro de Apoio ao Estudante) \u00e9 um espa\u00e7o dedicado a oferecer suporte integral \u00e0 vida acad\u00eamica e pessoal dos estudantes. Nosso objetivo \u00e9 acolher, orientar e contribuir para o bem-estar e o desenvolvimento dos alunos ao longo de sua trajet\u00f3ria na institui\u00e7\u00e3o. -Por [&hellip;]<\/p>\n","protected":false},"author":1,"featured_media":0,"parent":370304,"menu_order":0,"comment_status":"closed","ping_status":"closed","template":"","meta":{"_et_pb_use_builder":"on","_et_pb_old_content":"","_et_gb_content_width":"","ngg_post_thumbnail":0,"_joinchat":[],"footnotes":"","_links_to":"","_links_to_target":""},"class_list":["post-370316","page","type-page","status-publish","hentry"],"_links":{"self":[{"href":"https:\/\/www.efan.com.br\/universidade\/wp-json\/wp\/v2\/pages\/370316","targetHints":{"allow":["GET"]}}],"collection":[{"href":"https:\/\/www.efan.com.br\/universidade\/wp-json\/wp\/v2\/pages"}],"about":[{"href":"https:\/\/www.efan.com.br\/universidade\/wp-json\/wp\/v2\/types\/page"}],"author":[{"embeddable":true,"href":"https:\/\/www.efan.com.br\/universidade\/wp-json\/wp\/v2\/users\/1"}],"replies":[{"embeddable":true,"href":"https:\/\/www.efan.com.br\/universidade\/wp-json\/wp\/v2\/comments?post=370316"}],"version-history":[{"count":4,"href":"https:\/\/www.efan.com.br\/universidade\/wp-json\/wp\/v2\/pages\/370316\/revisions"}],"predecessor-version":[{"id":987591455,"href":"https:\/\/www.efan.com.br\/universidade\/wp-json\/wp\/v2\/pages\/370316\/revisions\/987591455"}],"up":[{"embeddable":true,"href":"https:\/\/www.efan.com.br\/universidade\/wp-json\/wp\/v2\/pages\/370304"}],"wp:attachment":[{"href":"https:\/\/www.efan.com.br\/universidade\/wp-json\/wp\/v2\/media?parent=370316"}],"curies":[{"name":"wp","href":"https:\/\/api.w.org\/{rel}","templated":true}]}}