{"id":370314,"date":"2024-02-29T09:59:05","date_gmt":"2024-02-29T12:59:05","guid":{"rendered":"https:\/\/www.efan.com.br\/universidade\/?page_id=370314"},"modified":"2026-03-23T15:14:18","modified_gmt":"2026-03-23T18:14:18","slug":"laboratorios-virtuais","status":"publish","type":"page","link":"https:\/\/www.efan.com.br\/universidade\/diferenciais\/laboratorios-virtuais\/","title":{"rendered":"Laborat\u00f3rios Virtuais"},"content":{"rendered":"<p>[et_pb_section fb_built=&#8221;1&#8243; _builder_version=&#8221;4.27.6&#8243; _module_preset=&#8221;default&#8221; background_color=&#8221;gcid-15a64b5a-5c56-46f3-99c0-666a66a3e92c&#8221; custom_padding=&#8221;||14px|||&#8221; global_colors_info=&#8221;{%22gcid-15a64b5a-5c56-46f3-99c0-666a66a3e92c%22:%91%22background_color%22%93}&#8221; theme_builder_area=&#8221;post_content&#8221;][et_pb_row _builder_version=&#8221;4.27.6&#8243; _module_preset=&#8221;default&#8221; custom_margin=&#8221;-47px|auto||auto||&#8221; global_colors_info=&#8221;{}&#8221; theme_builder_area=&#8221;post_content&#8221;][et_pb_column type=&#8221;4_4&#8243; _builder_version=&#8221;4.27.6&#8243; _module_preset=&#8221;default&#8221; global_colors_info=&#8221;{}&#8221; theme_builder_area=&#8221;post_content&#8221;][et_pb_text admin_label=&#8221;T\u00cdTULO DA P\u00c1GINA&#8221; _builder_version=&#8221;4.27.6&#8243; _module_preset=&#8221;default&#8221; hover_enabled=&#8221;0&#8243; global_colors_info=&#8221;{}&#8221; theme_builder_area=&#8221;post_content&#8221; sticky_enabled=&#8221;0&#8243;]<\/p>\n<h1 class=\"et_pb_module_header\" style=\"text-align: center;\">Laborat\u00f3rios Virtuais<\/h1>\n<p>[\/et_pb_text][\/et_pb_column][\/et_pb_row][\/et_pb_section][et_pb_section fb_built=&#8221;1&#8243; _builder_version=&#8221;4.27.6&#8243; _module_preset=&#8221;default&#8221; background_enable_image=&#8221;off&#8221; background_pattern_repeat_origin=&#8221;center&#8221; hover_enabled=&#8221;0&#8243; global_colors_info=&#8221;{}&#8221; background_enable_color=&#8221;off&#8221; sticky_enabled=&#8221;0&#8243;][et_pb_row _builder_version=&#8221;4.27.6&#8243; _module_preset=&#8221;default&#8221; column_structure=&#8221;3_5,2_5&#8243; use_custom_gutter=&#8221;on&#8221; gutter_width=&#8221;2&#8243; width=&#8221;90%&#8221; max_width=&#8221;1280px&#8221; hover_enabled=&#8221;0&#8243; sticky_enabled=&#8221;0&#8243; module_alignment=&#8221;center&#8221;][et_pb_column _builder_version=&#8221;4.27.6&#8243; _module_preset=&#8221;default&#8221; type=&#8221;3_5&#8243;][et_pb_text _builder_version=&#8221;4.27.6&#8243; _module_preset=&#8221;default&#8221; text_text_color=&#8221;#000000&#8243; header_4_text_color=&#8221;#FCAC00&#8243; hover_enabled=&#8221;0&#8243; global_colors_info=&#8221;{}&#8221; sticky_enabled=&#8221;0&#8243;]<\/p>\n<h4><\/h4>\n<p style=\"text-align: justify;\">Os Laborat\u00f3rios Virtuais da EFAN representam a vanguarda da tecnologia educacional, oferecendo aos alunos acesso a simula\u00e7\u00f5es e experi\u00eancias pr\u00e1ticas em um ambiente virtual.<\/p>\n<p style=\"text-align: justify;\">Esses laborat\u00f3rios permitem que os estudantes realizem experimentos e pratiquem habilidades t\u00e9cnicas em diversas \u00e1reas, desde a biologia at\u00e9 a engenharia, sem as limita\u00e7\u00f5es de espa\u00e7o e recursos dos laborat\u00f3rios tradicionais. Esta tecnologia n\u00e3o s\u00f3 aumenta a seguran\u00e7a e a acessibilidade para os alunos, mas tamb\u00e9m enriquece o processo de aprendizagem, permitindo experimenta\u00e7\u00f5es mais ousadas e criativas.<\/p>\n<p style=\"text-align: justify;\">[\/et_pb_text][\/et_pb_column][et_pb_column _builder_version=&#8221;4.27.6&#8243; _module_preset=&#8221;default&#8221; type=&#8221;2_5&#8243;][et_pb_image src=&#8221;https:\/\/www.efan.com.br\/universidade\/wp-content\/uploads\/2024\/04\/lab-virtual.jpg&#8221; title_text=&#8221;lab-virtual&#8221; _builder_version=&#8221;4.27.6&#8243; _module_preset=&#8221;default&#8221; hover_enabled=&#8221;0&#8243; global_colors_info=&#8221;{}&#8221; border_radii=&#8221;off|33px||33px|&#8221; sticky_enabled=&#8221;0&#8243;][\/et_pb_image][\/et_pb_column][\/et_pb_row][\/et_pb_section]<\/p>\n","protected":false},"excerpt":{"rendered":"<p>Laborat\u00f3rios Virtuais Os Laborat\u00f3rios Virtuais da EFAN representam a vanguarda da tecnologia educacional, oferecendo aos alunos acesso a simula\u00e7\u00f5es e experi\u00eancias pr\u00e1ticas em um ambiente virtual. Esses laborat\u00f3rios permitem que os estudantes realizem experimentos e pratiquem habilidades t\u00e9cnicas em diversas \u00e1reas, desde a biologia at\u00e9 a engenharia, sem as limita\u00e7\u00f5es de espa\u00e7o e recursos dos [&hellip;]<\/p>\n","protected":false},"author":1,"featured_media":0,"parent":370304,"menu_order":0,"comment_status":"closed","ping_status":"closed","template":"","meta":{"_et_pb_use_builder":"on","_et_pb_old_content":"","_et_gb_content_width":"","ngg_post_thumbnail":0,"_joinchat":[],"footnotes":"","_links_to":"","_links_to_target":""},"class_list":["post-370314","page","type-page","status-publish","hentry"],"_links":{"self":[{"href":"https:\/\/www.efan.com.br\/universidade\/wp-json\/wp\/v2\/pages\/370314","targetHints":{"allow":["GET"]}}],"collection":[{"href":"https:\/\/www.efan.com.br\/universidade\/wp-json\/wp\/v2\/pages"}],"about":[{"href":"https:\/\/www.efan.com.br\/universidade\/wp-json\/wp\/v2\/types\/page"}],"author":[{"embeddable":true,"href":"https:\/\/www.efan.com.br\/universidade\/wp-json\/wp\/v2\/users\/1"}],"replies":[{"embeddable":true,"href":"https:\/\/www.efan.com.br\/universidade\/wp-json\/wp\/v2\/comments?post=370314"}],"version-history":[{"count":1,"href":"https:\/\/www.efan.com.br\/universidade\/wp-json\/wp\/v2\/pages\/370314\/revisions"}],"predecessor-version":[{"id":987591234,"href":"https:\/\/www.efan.com.br\/universidade\/wp-json\/wp\/v2\/pages\/370314\/revisions\/987591234"}],"up":[{"embeddable":true,"href":"https:\/\/www.efan.com.br\/universidade\/wp-json\/wp\/v2\/pages\/370304"}],"wp:attachment":[{"href":"https:\/\/www.efan.com.br\/universidade\/wp-json\/wp\/v2\/media?parent=370314"}],"curies":[{"name":"wp","href":"https:\/\/api.w.org\/{rel}","templated":true}]}}