{"id":370310,"date":"2024-02-29T09:58:42","date_gmt":"2024-02-29T12:58:42","guid":{"rendered":"https:\/\/www.efan.com.br\/universidade\/?page_id=370310"},"modified":"2026-03-28T11:46:48","modified_gmt":"2026-03-28T14:46:48","slug":"ciss-centro-integrado-de-servico-social","status":"publish","type":"page","link":"https:\/\/www.efan.com.br\/universidade\/diferenciais\/ciss-centro-integrado-de-servico-social\/","title":{"rendered":"CISS \u2013 Centro Integrado de Servi\u00e7o Social"},"content":{"rendered":"<p>[et_pb_section fb_built=&#8221;1&#8243; _builder_version=&#8221;4.27.6&#8243; _module_preset=&#8221;default&#8221; background_color=&#8221;gcid-15a64b5a-5c56-46f3-99c0-666a66a3e92c&#8221; custom_padding=&#8221;||14px|||&#8221; global_colors_info=&#8221;{%22gcid-15a64b5a-5c56-46f3-99c0-666a66a3e92c%22:%91%22background_color%22%93}&#8221; theme_builder_area=&#8221;post_content&#8221;][et_pb_row _builder_version=&#8221;4.27.6&#8243; _module_preset=&#8221;default&#8221; custom_margin=&#8221;-47px|auto||auto||&#8221; global_colors_info=&#8221;{}&#8221; theme_builder_area=&#8221;post_content&#8221;][et_pb_column type=&#8221;4_4&#8243; _builder_version=&#8221;4.27.6&#8243; _module_preset=&#8221;default&#8221; global_colors_info=&#8221;{}&#8221; theme_builder_area=&#8221;post_content&#8221;][et_pb_text admin_label=&#8221;T\u00cdTULO DA P\u00c1GINA&#8221; _builder_version=&#8221;4.27.6&#8243; _module_preset=&#8221;default&#8221; hover_enabled=&#8221;0&#8243; global_colors_info=&#8221;{}&#8221; theme_builder_area=&#8221;post_content&#8221; header_font_size_last_edited=&#8221;on|phone&#8221; sticky_enabled=&#8221;0&#8243; header_font_size_phone=&#8221;29px&#8221;]<\/p>\n<h1 class=\"et_pb_module_header\" style=\"text-align: center;\">Centro de Integra\u00e7\u00e3o Social<\/h1>\n<p>[\/et_pb_text][\/et_pb_column][\/et_pb_row][\/et_pb_section][et_pb_section fb_built=&#8221;1&#8243; _builder_version=&#8221;4.27.6&#8243; _module_preset=&#8221;default&#8221; background_color=&#8221;RGBA(255,255,255,0)&#8221; background_enable_image=&#8221;off&#8221; background_pattern_repeat_origin=&#8221;center&#8221; custom_padding=&#8221;7px||2px|||&#8221; hover_enabled=&#8221;0&#8243; global_colors_info=&#8221;{}&#8221; sticky_enabled=&#8221;0&#8243;][et_pb_row column_structure=&#8221;2_5,3_5&#8243; _builder_version=&#8221;4.27.6&#8243; _module_preset=&#8221;default&#8221; width=&#8221;90%&#8221; max_width=&#8221;1280px&#8221; hover_enabled=&#8221;0&#8243; global_colors_info=&#8221;{}&#8221; module_alignment=&#8221;center&#8221; use_custom_gutter=&#8221;on&#8221; make_equal=&#8221;on&#8221; gutter_width=&#8221;2&#8243; sticky_enabled=&#8221;0&#8243; custom_padding=&#8221;45px||59px|||&#8221;][et_pb_column type=&#8221;2_5&#8243; _builder_version=&#8221;4.24.2&#8243; _module_preset=&#8221;default&#8221; global_colors_info=&#8221;{}&#8221;][et_pb_image src=&#8221;https:\/\/www.efan.com.br\/universidade\/wp-content\/uploads\/2024\/04\/serv-social.jpg&#8221; title_text=&#8221;serv-social&#8221; _builder_version=&#8221;4.27.6&#8243; _module_preset=&#8221;default&#8221; hover_enabled=&#8221;0&#8243; border_radii=&#8221;off|33px||33px|&#8221; global_colors_info=&#8221;{}&#8221; sticky_enabled=&#8221;0&#8243;][\/et_pb_image][\/et_pb_column][et_pb_column type=&#8221;3_5&#8243; _builder_version=&#8221;4.24.2&#8243; _module_preset=&#8221;default&#8221; global_colors_info=&#8221;{}&#8221;][et_pb_text _builder_version=&#8221;4.27.6&#8243; _module_preset=&#8221;default&#8221; text_text_color=&#8221;#000000&#8243; header_4_text_color=&#8221;#FCAC00&#8243; hover_enabled=&#8221;0&#8243; global_colors_info=&#8221;{}&#8221; sticky_enabled=&#8221;0&#8243;]<\/p>\n<p style=\"text-align: justify;\">O Centro de Integra\u00e7\u00e3o Social da EFAN \u00e9 um espa\u00e7o vital para o desenvolvimento de habilidades sociais e de networking entre os alunos. Este centro organiza uma variedade de eventos, como encontros, palestras e atividades culturais, que promovem a intera\u00e7\u00e3o entre estudantes de diferentes cursos, al\u00e9m de facilitar o contato com profissionais de diversas \u00e1reas.<\/p>\n<p style=\"text-align: justify;\">O objetivo \u00e9 criar um ambiente acad\u00eamico mais integrado e colaborativo, onde os alunos possam desenvolver habilidades interpessoais essenciais e expandir suas redes de contatos, preparando-os melhor para os desafios do mercado de trabalho e para a vida em comunidade.<\/p>\n<p style=\"text-align: justify;\">[\/et_pb_text][\/et_pb_column][\/et_pb_row][\/et_pb_section]<\/p>\n","protected":false},"excerpt":{"rendered":"<p>Centro de Integra\u00e7\u00e3o SocialO Centro de Integra\u00e7\u00e3o Social da EFAN \u00e9 um espa\u00e7o vital para o desenvolvimento de habilidades sociais e de networking entre os alunos. Este centro organiza uma variedade de eventos, como encontros, palestras e atividades culturais, que promovem a intera\u00e7\u00e3o entre estudantes de diferentes cursos, al\u00e9m de facilitar o contato com profissionais [&hellip;]<\/p>\n","protected":false},"author":1,"featured_media":0,"parent":370304,"menu_order":0,"comment_status":"closed","ping_status":"closed","template":"","meta":{"_et_pb_use_builder":"on","_et_pb_old_content":"","_et_gb_content_width":"","ngg_post_thumbnail":0,"_joinchat":[],"footnotes":"","_links_to":"","_links_to_target":""},"class_list":["post-370310","page","type-page","status-publish","hentry"],"_links":{"self":[{"href":"https:\/\/www.efan.com.br\/universidade\/wp-json\/wp\/v2\/pages\/370310","targetHints":{"allow":["GET"]}}],"collection":[{"href":"https:\/\/www.efan.com.br\/universidade\/wp-json\/wp\/v2\/pages"}],"about":[{"href":"https:\/\/www.efan.com.br\/universidade\/wp-json\/wp\/v2\/types\/page"}],"author":[{"embeddable":true,"href":"https:\/\/www.efan.com.br\/universidade\/wp-json\/wp\/v2\/users\/1"}],"replies":[{"embeddable":true,"href":"https:\/\/www.efan.com.br\/universidade\/wp-json\/wp\/v2\/comments?post=370310"}],"version-history":[{"count":1,"href":"https:\/\/www.efan.com.br\/universidade\/wp-json\/wp\/v2\/pages\/370310\/revisions"}],"predecessor-version":[{"id":987591778,"href":"https:\/\/www.efan.com.br\/universidade\/wp-json\/wp\/v2\/pages\/370310\/revisions\/987591778"}],"up":[{"embeddable":true,"href":"https:\/\/www.efan.com.br\/universidade\/wp-json\/wp\/v2\/pages\/370304"}],"wp:attachment":[{"href":"https:\/\/www.efan.com.br\/universidade\/wp-json\/wp\/v2\/media?parent=370310"}],"curies":[{"name":"wp","href":"https:\/\/api.w.org\/{rel}","templated":true}]}}