{"id":370306,"date":"2024-02-29T09:58:21","date_gmt":"2024-02-29T12:58:21","guid":{"rendered":"https:\/\/www.efan.com.br\/universidade\/?page_id=370306"},"modified":"2026-03-23T16:00:48","modified_gmt":"2026-03-23T19:00:48","slug":"centro-de-empreendedorismo-e-inovacao","status":"publish","type":"page","link":"https:\/\/www.efan.com.br\/universidade\/diferenciais\/centro-de-empreendedorismo-e-inovacao\/","title":{"rendered":"Centro de Empreendedorismo e Inova\u00e7\u00e3o"},"content":{"rendered":"<p>[et_pb_section fb_built=&#8221;1&#8243; _builder_version=&#8221;4.27.6&#8243; _module_preset=&#8221;default&#8221; background_color=&#8221;gcid-15a64b5a-5c56-46f3-99c0-666a66a3e92c&#8221; custom_padding=&#8221;||14px|||&#8221; global_colors_info=&#8221;{%22gcid-15a64b5a-5c56-46f3-99c0-666a66a3e92c%22:%91%22background_color%22%93}&#8221;][et_pb_row _builder_version=&#8221;4.27.6&#8243; _module_preset=&#8221;default&#8221; custom_margin=&#8221;-47px|auto||auto||&#8221; global_colors_info=&#8221;{}&#8221;][et_pb_column type=&#8221;4_4&#8243; _builder_version=&#8221;4.27.6&#8243; _module_preset=&#8221;default&#8221; global_colors_info=&#8221;{}&#8221;][et_pb_text admin_label=&#8221;T\u00cdTULO DA P\u00c1GINA&#8221; _builder_version=&#8221;4.27.6&#8243; _module_preset=&#8221;default&#8221; global_colors_info=&#8221;{}&#8221;]<\/p>\n<h1 class=\"et_pb_module_header\" style=\"text-align: center;\">Centro de Empreendedorismo e Inova\u00e7\u00e3o da EFAN<\/h1>\n<p>[\/et_pb_text][\/et_pb_column][\/et_pb_row][\/et_pb_section][et_pb_section fb_built=&#8221;1&#8243; _builder_version=&#8221;4.27.6&#8243; _module_preset=&#8221;default&#8221; background_enable_color=&#8221;off&#8221; background_enable_image=&#8221;off&#8221; background_pattern_repeat_origin=&#8221;center&#8221; custom_padding=&#8221;8px||0px|||&#8221; global_colors_info=&#8221;{%22gcid-15a64b5a-5c56-46f3-99c0-666a66a3e92c%22:%91%22background_color%22%93}&#8221;][et_pb_row column_structure=&#8221;1_3,2_3&#8243; use_custom_gutter=&#8221;on&#8221; gutter_width=&#8221;2&#8243; make_equal=&#8221;on&#8221; _builder_version=&#8221;4.27.6&#8243; _module_preset=&#8221;default&#8221; width=&#8221;90%&#8221; max_width=&#8221;1280px&#8221; hover_enabled=&#8221;0&#8243; global_colors_info=&#8221;{}&#8221; sticky_enabled=&#8221;0&#8243;][et_pb_column type=&#8221;1_3&#8243; _builder_version=&#8221;4.24.2&#8243; _module_preset=&#8221;default&#8221; global_colors_info=&#8221;{}&#8221;][et_pb_image src=&#8221;https:\/\/www.efan.com.br\/universidade\/wp-content\/uploads\/2024\/03\/Administracao.jpg&#8221; title_text=&#8221;Administracao&#8221; _builder_version=&#8221;4.27.6&#8243; _module_preset=&#8221;default&#8221; border_radii=&#8221;off|33px||33px|&#8221; global_colors_info=&#8221;{}&#8221;][\/et_pb_image][\/et_pb_column][et_pb_column type=&#8221;2_3&#8243; _builder_version=&#8221;4.24.2&#8243; _module_preset=&#8221;default&#8221; global_colors_info=&#8221;{}&#8221;][et_pb_text _builder_version=&#8221;4.27.6&#8243; _module_preset=&#8221;default&#8221; text_text_color=&#8221;#000000&#8243; header_2_line_height=&#8221;1.1em&#8221; header_4_font=&#8221;||||||||&#8221; header_4_text_color=&#8221;#FCAC00&#8243; hover_enabled=&#8221;0&#8243; global_colors_info=&#8221;{}&#8221; sticky_enabled=&#8221;0&#8243;]<\/p>\n<p style=\"text-align: justify;\">O &#8220;Centro de Empreendedorismo e Inova\u00e7\u00e3o&#8221; da EFAN, em parceria com o SEBRAE, \u00e9 um espa\u00e7o dedicado \u00e0 fomenta\u00e7\u00e3o do esp\u00edrito empreendedor e \u00e0 inova\u00e7\u00e3o entre os estudantes. Localizado no campus da EFAN em Ribeir\u00e3o Preto, este centro \u00e9 um diferencial estrat\u00e9gico que enriquece a forma\u00e7\u00e3o dos alunos dos cursos superiores, oferecendo-lhes recursos, conhecimentos e oportunidades \u00fanicas para desenvolverem suas habilidades empreendedoras e inovadoras.<\/p>\n<p style=\"text-align: justify;\">O SEBRAE, conhecido por seu compromisso em promover a competitividade e o desenvolvimento sustent\u00e1vel dos pequenos neg\u00f3cios, traz para o centro uma filosofia de trabalho que valoriza a autonomia, a inova\u00e7\u00e3o e a capacidade de gest\u00e3o. Atrav\u00e9s desta parceria, o Centro de Empreendedorismo e Inova\u00e7\u00e3o proporciona workshops, mentorias, palestras e acesso a uma rede de contatos que inclui empres\u00e1rios, investidores e especialistas em diversas \u00e1reas.<\/p>\n<p>&nbsp;<\/p>\n<p>[\/et_pb_text][\/et_pb_column][\/et_pb_row][\/et_pb_section][et_pb_section fb_built=&#8221;1&#8243; _builder_version=&#8221;4.27.6&#8243; _module_preset=&#8221;default&#8221; custom_padding=&#8221;8px|||||&#8221; global_colors_info=&#8221;{}&#8221;][et_pb_row _builder_version=&#8221;4.27.6&#8243; _module_preset=&#8221;default&#8221; width=&#8221;90%&#8221; max_width=&#8221;1280px&#8221; custom_padding=&#8221;0px|||||&#8221; global_colors_info=&#8221;{}&#8221;][et_pb_column type=&#8221;4_4&#8243; _builder_version=&#8221;4.27.6&#8243; _module_preset=&#8221;default&#8221; global_colors_info=&#8221;{}&#8221;][et_pb_text _builder_version=&#8221;4.27.6&#8243; _module_preset=&#8221;default&#8221; global_colors_info=&#8221;{}&#8221; custom_margin=&#8221;-28px|||||&#8221;]<\/p>\n<p style=\"text-align: justify;\">\n<p style=\"text-align: justify;\">Este espa\u00e7o \u00e9 essencial para que os alunos possam aplicar na pr\u00e1tica os conhecimentos te\u00f3ricos adquiridos em sala de aula, testando suas ideias de neg\u00f3cios em um ambiente seguro e estimulante. Al\u00e9m disso, o centro oferece suporte para que os estudantes possam entender melhor o mercado, desenvolver planos de neg\u00f3cios robustos e aprender sobre financiamento, marketing digital e estrat\u00e9gias de crescimento.<\/p>\n<p style=\"text-align: justify;\">O Centro de Empreendedorismo e Inova\u00e7\u00e3o n\u00e3o apenas prepara os alunos para o mercado de trabalho, mas tamb\u00e9m os incentiva a serem agentes de transforma\u00e7\u00e3o, capazes de criar e liderar empresas que respondam aos desafios contempor\u00e2neos. Com isso, a EFAN se destaca no cen\u00e1rio educacional, oferecendo um curso que vai al\u00e9m do acad\u00eamico, preparando seus alunos para serem l\u00edderes e inovadores no mundo dos neg\u00f3cios.<\/p>\n<p>&nbsp;<\/p>\n<p>[\/et_pb_text][\/et_pb_column][\/et_pb_row][\/et_pb_section]<\/p>\n","protected":false},"excerpt":{"rendered":"<p>Centro de Empreendedorismo e Inova\u00e7\u00e3o da EFANO &#8220;Centro de Empreendedorismo e Inova\u00e7\u00e3o&#8221; da EFAN, em parceria com o SEBRAE, \u00e9 um espa\u00e7o dedicado \u00e0 fomenta\u00e7\u00e3o do esp\u00edrito empreendedor e \u00e0 inova\u00e7\u00e3o entre os estudantes. Localizado no campus da EFAN em Ribeir\u00e3o Preto, este centro \u00e9 um diferencial estrat\u00e9gico que enriquece a forma\u00e7\u00e3o dos alunos dos [&hellip;]<\/p>\n","protected":false},"author":1,"featured_media":0,"parent":370304,"menu_order":0,"comment_status":"closed","ping_status":"closed","template":"","meta":{"_et_pb_use_builder":"on","_et_pb_old_content":"","_et_gb_content_width":"","ngg_post_thumbnail":0,"_joinchat":[],"footnotes":"","_links_to":"","_links_to_target":""},"class_list":["post-370306","page","type-page","status-publish","hentry"],"_links":{"self":[{"href":"https:\/\/www.efan.com.br\/universidade\/wp-json\/wp\/v2\/pages\/370306","targetHints":{"allow":["GET"]}}],"collection":[{"href":"https:\/\/www.efan.com.br\/universidade\/wp-json\/wp\/v2\/pages"}],"about":[{"href":"https:\/\/www.efan.com.br\/universidade\/wp-json\/wp\/v2\/types\/page"}],"author":[{"embeddable":true,"href":"https:\/\/www.efan.com.br\/universidade\/wp-json\/wp\/v2\/users\/1"}],"replies":[{"embeddable":true,"href":"https:\/\/www.efan.com.br\/universidade\/wp-json\/wp\/v2\/comments?post=370306"}],"version-history":[{"count":4,"href":"https:\/\/www.efan.com.br\/universidade\/wp-json\/wp\/v2\/pages\/370306\/revisions"}],"predecessor-version":[{"id":987591242,"href":"https:\/\/www.efan.com.br\/universidade\/wp-json\/wp\/v2\/pages\/370306\/revisions\/987591242"}],"up":[{"embeddable":true,"href":"https:\/\/www.efan.com.br\/universidade\/wp-json\/wp\/v2\/pages\/370304"}],"wp:attachment":[{"href":"https:\/\/www.efan.com.br\/universidade\/wp-json\/wp\/v2\/media?parent=370306"}],"curies":[{"name":"wp","href":"https:\/\/api.w.org\/{rel}","templated":true}]}}