{"id":370302,"date":"2024-02-29T08:53:03","date_gmt":"2024-02-29T11:53:03","guid":{"rendered":"https:\/\/www.efan.com.br\/universidade\/?page_id=370302"},"modified":"2026-03-23T15:23:07","modified_gmt":"2026-03-23T18:23:07","slug":"enem","status":"publish","type":"page","link":"https:\/\/www.efan.com.br\/universidade\/formas-de-ingresso\/enem\/","title":{"rendered":"Enem"},"content":{"rendered":"<p>[et_pb_section fb_built=&#8221;1&#8243; _builder_version=&#8221;4.27.6&#8243; _module_preset=&#8221;default&#8221; background_color=&#8221;gcid-15a64b5a-5c56-46f3-99c0-666a66a3e92c&#8221; custom_padding=&#8221;||14px|||&#8221; global_colors_info=&#8221;{%22gcid-15a64b5a-5c56-46f3-99c0-666a66a3e92c%22:%91%22background_color%22%93}&#8221; theme_builder_area=&#8221;post_content&#8221;][et_pb_row _builder_version=&#8221;4.27.6&#8243; _module_preset=&#8221;default&#8221; custom_margin=&#8221;-47px|auto||auto||&#8221; global_colors_info=&#8221;{}&#8221; theme_builder_area=&#8221;post_content&#8221;][et_pb_column type=&#8221;4_4&#8243; _builder_version=&#8221;4.27.6&#8243; _module_preset=&#8221;default&#8221; global_colors_info=&#8221;{}&#8221; theme_builder_area=&#8221;post_content&#8221;][et_pb_text admin_label=&#8221;T\u00cdTULO DA P\u00c1GINA&#8221; _builder_version=&#8221;4.27.6&#8243; _module_preset=&#8221;default&#8221; hover_enabled=&#8221;0&#8243; global_colors_info=&#8221;{}&#8221; theme_builder_area=&#8221;post_content&#8221; sticky_enabled=&#8221;0&#8243;]<\/p>\n<h1 class=\"et_pb_module_header\" style=\"text-align: center;\">ENEM<\/h1>\n<p>[\/et_pb_text][\/et_pb_column][\/et_pb_row][\/et_pb_section][et_pb_section fb_built=&#8221;1&#8243; _builder_version=&#8221;4.27.6&#8243; _module_preset=&#8221;default&#8221; custom_padding=&#8221;22px||22px||true|&#8221; hover_enabled=&#8221;0&#8243; global_colors_info=&#8221;{}&#8221; background_enable_color=&#8221;off&#8221; sticky_enabled=&#8221;0&#8243;][et_pb_row _builder_version=&#8221;4.27.6&#8243; _module_preset=&#8221;default&#8221; column_structure=&#8221;3_5,2_5&#8243; use_custom_gutter=&#8221;on&#8221; gutter_width=&#8221;2&#8243; make_equal=&#8221;on&#8221; width=&#8221;90%&#8221; max_width=&#8221;1280px&#8221; module_alignment=&#8221;center&#8221; hover_enabled=&#8221;0&#8243; sticky_enabled=&#8221;0&#8243; custom_margin=&#8221;|auto|50px|auto||&#8221;][et_pb_column _builder_version=&#8221;4.27.6&#8243; _module_preset=&#8221;default&#8221; type=&#8221;3_5&#8243;][et_pb_text _builder_version=&#8221;4.27.6&#8243; _module_preset=&#8221;default&#8221; text_text_color=&#8221;#000000&#8243; header_4_text_color=&#8221;gcid-b4e5221b-725e-41b2-9f22-9b0a184c0015&#8243; hover_enabled=&#8221;0&#8243; global_colors_info=&#8221;{%22gcid-b4e5221b-725e-41b2-9f22-9b0a184c0015%22:%91%22header_4_text_color%22%93}&#8221; sticky_enabled=&#8221;0&#8243;]<\/p>\n<h4>Voc\u00ea pode usar a sua nota do Enem para entrar na EFAN.<\/h4>\n<p>Basta selecionar essa forma de ingresso no ato da matr\u00edcula. E o melhor \u00e9 que voc\u00ea n\u00e3o precisa esperar o in\u00edcio do semestre para come\u00e7ar a estudar.<\/p>\n<p>Enem n\u00e3o \u00e9 vestibular, mas tamb\u00e9m \u00e9 uma forma de ingresso ao ensino superior. Cada universidade ou faculdade, tanto p\u00fablica, quanto privada, tem suas pr\u00f3prias formas de ingresso.<\/p>\n<p>&nbsp;<\/p>\n<p>&nbsp;<\/p>\n<p>[\/et_pb_text][\/et_pb_column][et_pb_column _builder_version=&#8221;4.27.6&#8243; _module_preset=&#8221;default&#8221; type=&#8221;2_5&#8243;][et_pb_image src=&#8221;https:\/\/www.efan.com.br\/universidade\/wp-content\/uploads\/2024\/05\/enem.jpg&#8221; title_text=&#8221;enem&#8221; _builder_version=&#8221;4.27.6&#8243; _module_preset=&#8221;default&#8221; hover_enabled=&#8221;0&#8243; global_colors_info=&#8221;{}&#8221; border_radii=&#8221;off|33px||33px|&#8221; sticky_enabled=&#8221;0&#8243;][\/et_pb_image][\/et_pb_column][\/et_pb_row][\/et_pb_section]<\/p>\n","protected":false},"excerpt":{"rendered":"<p>ENEMVoc\u00ea pode usar a sua nota do Enem para entrar na EFAN. Basta selecionar essa forma de ingresso no ato da matr\u00edcula. E o melhor \u00e9 que voc\u00ea n\u00e3o precisa esperar o in\u00edcio do semestre para come\u00e7ar a estudar. Enem n\u00e3o \u00e9 vestibular, mas tamb\u00e9m \u00e9 uma forma de ingresso ao ensino superior. Cada universidade [&hellip;]<\/p>\n","protected":false},"author":1,"featured_media":0,"parent":370294,"menu_order":0,"comment_status":"closed","ping_status":"closed","template":"","meta":{"_et_pb_use_builder":"on","_et_pb_old_content":"","_et_gb_content_width":"","ngg_post_thumbnail":0,"_joinchat":[],"footnotes":"","_links_to":"","_links_to_target":""},"class_list":["post-370302","page","type-page","status-publish","hentry"],"_links":{"self":[{"href":"https:\/\/www.efan.com.br\/universidade\/wp-json\/wp\/v2\/pages\/370302","targetHints":{"allow":["GET"]}}],"collection":[{"href":"https:\/\/www.efan.com.br\/universidade\/wp-json\/wp\/v2\/pages"}],"about":[{"href":"https:\/\/www.efan.com.br\/universidade\/wp-json\/wp\/v2\/types\/page"}],"author":[{"embeddable":true,"href":"https:\/\/www.efan.com.br\/universidade\/wp-json\/wp\/v2\/users\/1"}],"replies":[{"embeddable":true,"href":"https:\/\/www.efan.com.br\/universidade\/wp-json\/wp\/v2\/comments?post=370302"}],"version-history":[{"count":2,"href":"https:\/\/www.efan.com.br\/universidade\/wp-json\/wp\/v2\/pages\/370302\/revisions"}],"predecessor-version":[{"id":987591237,"href":"https:\/\/www.efan.com.br\/universidade\/wp-json\/wp\/v2\/pages\/370302\/revisions\/987591237"}],"up":[{"embeddable":true,"href":"https:\/\/www.efan.com.br\/universidade\/wp-json\/wp\/v2\/pages\/370294"}],"wp:attachment":[{"href":"https:\/\/www.efan.com.br\/universidade\/wp-json\/wp\/v2\/media?parent=370302"}],"curies":[{"name":"wp","href":"https:\/\/api.w.org\/{rel}","templated":true}]}}