{"id":370300,"date":"2024-02-29T08:52:52","date_gmt":"2024-02-29T11:52:52","guid":{"rendered":"https:\/\/www.efan.com.br\/universidade\/?page_id=370300"},"modified":"2026-03-24T17:24:08","modified_gmt":"2026-03-24T20:24:08","slug":"2a-graduacao","status":"publish","type":"page","link":"https:\/\/www.efan.com.br\/universidade\/formas-de-ingresso\/2a-graduacao\/","title":{"rendered":"2\u00aa Gradua\u00e7\u00e3o"},"content":{"rendered":"<p>[et_pb_section fb_built=&#8221;1&#8243; _builder_version=&#8221;4.27.6&#8243; _module_preset=&#8221;default&#8221; background_color=&#8221;gcid-15a64b5a-5c56-46f3-99c0-666a66a3e92c&#8221; custom_padding=&#8221;||14px|||&#8221; global_colors_info=&#8221;{%22gcid-15a64b5a-5c56-46f3-99c0-666a66a3e92c%22:%91%22background_color%22%93}&#8221;][et_pb_row _builder_version=&#8221;4.27.6&#8243; _module_preset=&#8221;default&#8221; custom_margin=&#8221;-47px|auto||auto||&#8221; global_colors_info=&#8221;{}&#8221;][et_pb_column type=&#8221;4_4&#8243; _builder_version=&#8221;4.27.6&#8243; _module_preset=&#8221;default&#8221; global_colors_info=&#8221;{}&#8221;][et_pb_text admin_label=&#8221;T\u00cdTULO DA P\u00c1GINA&#8221; _builder_version=&#8221;4.27.6&#8243; _module_preset=&#8221;default&#8221; hover_enabled=&#8221;0&#8243; global_colors_info=&#8221;{}&#8221; header_font_size_last_edited=&#8221;on|phone&#8221; sticky_enabled=&#8221;0&#8243; header_font_size_phone=&#8221;30px&#8221;]<\/p>\n<h1 class=\"et_pb_module_header\" style=\"text-align: center;\">Segunda Gradua\u00e7\u00e3o<\/h1>\n<p>[\/et_pb_text][\/et_pb_column][\/et_pb_row][\/et_pb_section][et_pb_section fb_built=&#8221;1&#8243; _builder_version=&#8221;4.27.6&#8243; _module_preset=&#8221;default&#8221; background_enable_color=&#8221;off&#8221; custom_padding=&#8221;23px||94px|||&#8221; global_colors_info=&#8221;{}&#8221;][et_pb_row column_structure=&#8221;3_5,2_5&#8243; use_custom_gutter=&#8221;on&#8221; gutter_width=&#8221;2&#8243; _builder_version=&#8221;4.27.6&#8243; _module_preset=&#8221;default&#8221; width=&#8221;90%&#8221; max_width=&#8221;1280px&#8221; module_alignment=&#8221;center&#8221; global_colors_info=&#8221;{}&#8221;][et_pb_column type=&#8221;3_5&#8243; _builder_version=&#8221;4.27.6&#8243; _module_preset=&#8221;default&#8221; global_colors_info=&#8221;{}&#8221;][et_pb_text _builder_version=&#8221;4.27.6&#8243; _module_preset=&#8221;default&#8221; text_text_color=&#8221;#000000&#8243; header_4_text_color=&#8221;#FCAC00&#8243; global_colors_info=&#8221;{}&#8221;]<\/p>\n<p>A segunda gradua\u00e7\u00e3o \u00e9 qualquer curso de gradua\u00e7\u00e3o que voc\u00ea fa\u00e7a depois de j\u00e1 ter se formado em outro. Por exemplo, se voc\u00ea j\u00e1 \u00e9 formado em Administra\u00e7\u00e3o e depois decide fazer uma faculdade de Ci\u00eancias Cont\u00e1beis, ela ser\u00e1 sua segunda gradua\u00e7\u00e3o.<\/p>\n<p>Como o pr\u00f3prio nome sugere, uma segunda gradua\u00e7\u00e3o \u00e9 um segundo curso de n\u00edvel superior bacharelado, tecn\u00f3logo ou licenciatura que voc\u00ea cursar.<\/p>\n<p><strong>\u00c9 poss\u00edvel ter duas gradua\u00e7\u00f5es?<\/strong><\/p>\n<p>Sim, \u00e9 poss\u00edvel ter duas gradua\u00e7\u00f5es ou mais. O Minist\u00e9rio da Educa\u00e7\u00e3o (MEC) n\u00e3o limita o n\u00famero de cursos de gradua\u00e7\u00e3o que uma pessoa pode fazer. Mas lembre-se de que fazer uma faculdade exige dedica\u00e7\u00e3o e tempo.<\/p>\n<p><strong>Como funciona a segunda gradua\u00e7\u00e3o?<\/strong><\/p>\n<p>Basicamente, n\u00e3o existe muita diferen\u00e7a na hora de cursar, exceto com rela\u00e7\u00e3o a maturidade que voc\u00ea vai ter, bem como a sua inten\u00e7\u00e3o com o curso e, dependendo da \u00e1rea que escolher, e a compensa\u00e7\u00e3o de disciplinas. Isso pode fazer com que voc\u00ea tenha um aproveitamento melhor do seu segundo curso.<\/p>\n<p><strong>O que precisa para fazer a segunda gradua\u00e7\u00e3o?<\/strong><\/p>\n<p>Para fazer uma segunda gradua\u00e7\u00e3o basta que o aluno j\u00e1 seja graduado em outro curso de n\u00edvel superior, tanto tecn\u00f3logo, como licenciatura ou bacharelado.<\/p>\n<p>&nbsp;<\/p>\n<p>[\/et_pb_text][\/et_pb_column][et_pb_column type=&#8221;2_5&#8243; _builder_version=&#8221;4.27.6&#8243; _module_preset=&#8221;default&#8221; global_colors_info=&#8221;{}&#8221;][et_pb_image src=&#8221;https:\/\/www.efan.com.br\/universidade\/wp-content\/uploads\/2024\/05\/2a-graduacao.jpg&#8221; title_text=&#8221;2a-graduacao&#8221; _builder_version=&#8221;4.27.6&#8243; _module_preset=&#8221;default&#8221; border_radii=&#8221;off|33px||33px|&#8221; global_colors_info=&#8221;{}&#8221;][\/et_pb_image][\/et_pb_column][\/et_pb_row][\/et_pb_section]<\/p>\n","protected":false},"excerpt":{"rendered":"<p>Segunda Gradua\u00e7\u00e3oA segunda gradua\u00e7\u00e3o \u00e9 qualquer curso de gradua\u00e7\u00e3o que voc\u00ea fa\u00e7a depois de j\u00e1 ter se formado em outro. Por exemplo, se voc\u00ea j\u00e1 \u00e9 formado em Administra\u00e7\u00e3o e depois decide fazer uma faculdade de Ci\u00eancias Cont\u00e1beis, ela ser\u00e1 sua segunda gradua\u00e7\u00e3o. Como o pr\u00f3prio nome sugere, uma segunda gradua\u00e7\u00e3o \u00e9 um segundo curso [&hellip;]<\/p>\n","protected":false},"author":1,"featured_media":0,"parent":370294,"menu_order":0,"comment_status":"closed","ping_status":"closed","template":"","meta":{"_et_pb_use_builder":"on","_et_pb_old_content":"","_et_gb_content_width":"","ngg_post_thumbnail":0,"_joinchat":[],"footnotes":"","_links_to":"","_links_to_target":""},"class_list":["post-370300","page","type-page","status-publish","hentry"],"_links":{"self":[{"href":"https:\/\/www.efan.com.br\/universidade\/wp-json\/wp\/v2\/pages\/370300","targetHints":{"allow":["GET"]}}],"collection":[{"href":"https:\/\/www.efan.com.br\/universidade\/wp-json\/wp\/v2\/pages"}],"about":[{"href":"https:\/\/www.efan.com.br\/universidade\/wp-json\/wp\/v2\/types\/page"}],"author":[{"embeddable":true,"href":"https:\/\/www.efan.com.br\/universidade\/wp-json\/wp\/v2\/users\/1"}],"replies":[{"embeddable":true,"href":"https:\/\/www.efan.com.br\/universidade\/wp-json\/wp\/v2\/comments?post=370300"}],"version-history":[{"count":3,"href":"https:\/\/www.efan.com.br\/universidade\/wp-json\/wp\/v2\/pages\/370300\/revisions"}],"predecessor-version":[{"id":987591477,"href":"https:\/\/www.efan.com.br\/universidade\/wp-json\/wp\/v2\/pages\/370300\/revisions\/987591477"}],"up":[{"embeddable":true,"href":"https:\/\/www.efan.com.br\/universidade\/wp-json\/wp\/v2\/pages\/370294"}],"wp:attachment":[{"href":"https:\/\/www.efan.com.br\/universidade\/wp-json\/wp\/v2\/media?parent=370300"}],"curies":[{"name":"wp","href":"https:\/\/api.w.org\/{rel}","templated":true}]}}