{"id":370272,"date":"2024-02-29T08:49:01","date_gmt":"2024-02-29T11:49:01","guid":{"rendered":"https:\/\/www.efan.com.br\/universidade\/?page_id=370272"},"modified":"2026-03-23T13:56:39","modified_gmt":"2026-03-23T16:56:39","slug":"estagios","status":"publish","type":"page","link":"https:\/\/www.efan.com.br\/universidade\/a-faculdade\/beneficios-e-descontos\/estagios\/","title":{"rendered":"Est\u00e1gios"},"content":{"rendered":"<p>[et_pb_section fb_built=&#8221;1&#8243; _builder_version=&#8221;4.27.6&#8243; _module_preset=&#8221;default&#8221; background_color=&#8221;gcid-15a64b5a-5c56-46f3-99c0-666a66a3e92c&#8221; custom_padding=&#8221;||14px|||&#8221; global_colors_info=&#8221;{%22gcid-15a64b5a-5c56-46f3-99c0-666a66a3e92c%22:%91%22background_color%22%93}&#8221; theme_builder_area=&#8221;post_content&#8221;][et_pb_row _builder_version=&#8221;4.27.6&#8243; _module_preset=&#8221;default&#8221; custom_margin=&#8221;-47px|auto||auto||&#8221; global_colors_info=&#8221;{}&#8221; theme_builder_area=&#8221;post_content&#8221;][et_pb_column type=&#8221;4_4&#8243; _builder_version=&#8221;4.27.6&#8243; _module_preset=&#8221;default&#8221; global_colors_info=&#8221;{}&#8221; theme_builder_area=&#8221;post_content&#8221;][et_pb_text admin_label=&#8221;T\u00cdTULO DA P\u00c1GINA&#8221; _builder_version=&#8221;4.27.6&#8243; _module_preset=&#8221;default&#8221; hover_enabled=&#8221;0&#8243; global_colors_info=&#8221;{}&#8221; theme_builder_area=&#8221;post_content&#8221; sticky_enabled=&#8221;0&#8243;]<\/p>\n<h2 style=\"text-align: center;\"><strong>EST\u00c1GIOS<\/strong><\/h2>\n<p>[\/et_pb_text][\/et_pb_column][\/et_pb_row][\/et_pb_section][et_pb_section fb_built=&#8221;1&#8243; _builder_version=&#8221;4.27.6&#8243; _module_preset=&#8221;default&#8221; background_color=&#8221;RGBA(255,255,255,0)&#8221; custom_padding=&#8221;5px|||||&#8221; hover_enabled=&#8221;0&#8243; global_colors_info=&#8221;{}&#8221; sticky_enabled=&#8221;0&#8243;][et_pb_row _builder_version=&#8221;4.27.6&#8243; _module_preset=&#8221;default&#8221; width=&#8221;90%&#8221; hover_enabled=&#8221;0&#8243; global_colors_info=&#8221;{}&#8221; use_custom_gutter=&#8221;on&#8221; make_equal=&#8221;on&#8221; max_width=&#8221;1280px&#8221; module_alignment=&#8221;center&#8221; sticky_enabled=&#8221;0&#8243;][et_pb_column type=&#8221;4_4&#8243; _builder_version=&#8221;4.24.3&#8243; _module_preset=&#8221;default&#8221; global_colors_info=&#8221;{}&#8221;][et_pb_image src=&#8221;https:\/\/www.efan.com.br\/universidade\/wp-content\/uploads\/2024\/05\/efan-estagios.jpg&#8221; title_text=&#8221;efan-estagios&#8221; _builder_version=&#8221;4.27.6&#8243; _module_preset=&#8221;default&#8221; hover_enabled=&#8221;0&#8243; global_colors_info=&#8221;{}&#8221; sticky_enabled=&#8221;0&#8243;][\/et_pb_image][\/et_pb_column][\/et_pb_row][et_pb_row _builder_version=&#8221;4.27.6&#8243; _module_preset=&#8221;default&#8221; width=&#8221;90%&#8221; hover_enabled=&#8221;0&#8243; global_colors_info=&#8221;{}&#8221; make_equal=&#8221;on&#8221; use_custom_gutter=&#8221;on&#8221; gutter_width=&#8221;1&#8243; max_width=&#8221;1280px&#8221; module_alignment=&#8221;center&#8221; sticky_enabled=&#8221;0&#8243;][et_pb_column type=&#8221;4_4&#8243; _builder_version=&#8221;4.24.2&#8243; _module_preset=&#8221;default&#8221; global_colors_info=&#8221;{}&#8221;][et_pb_text _builder_version=&#8221;4.27.6&#8243; _module_preset=&#8221;default&#8221; text_text_color=&#8221;#000000&#8243; header_4_text_color=&#8221;#FCAC00&#8243; hover_enabled=&#8221;0&#8243; global_colors_info=&#8221;{}&#8221; sticky_enabled=&#8221;0&#8243;]<\/p>\n<p>A Lei n\u00ba 11.788, de 25 de setembro de 2008, define o est\u00e1gio como o ato educativo escolar supervisionado, desenvolvido no ambiente de trabalho, que visa \u00e0 prepara\u00e7\u00e3o para o trabalho produtivo do estudante. O est\u00e1gio integra o itiner\u00e1rio formativo do educando e faz parte do projeto pedag\u00f3gico do curso.<\/p>\n<p>O est\u00e1gio supervisionado \u00e9 considerado o momento em que as teorias aprendidas pelos acad\u00eamicos s\u00e3o aliadas \u00e0 pr\u00e1tica bem como o momento em que o futuro profissional experimenta e atua efetivamente em seu campo de forma\u00e7\u00e3o, muitas vezes, como um momento de reprodu\u00e7\u00e3o de modelos e t\u00e9cnicas, n\u00e3o privilegiando conhecimentos e habilidades que possam ser \u00fateis para que os profissionais docentes enfrentem os novos desafios que se apresentam cada vez mais complexos no contexto educacional.<\/p>\n<p>O est\u00e1gio supervisionado \u00e9 uma atividade proposta aos alunos de gradua\u00e7\u00e3o que permite vivenciar os conte\u00fados te\u00f3ricos estudados em sala de aula em uma situa\u00e7\u00e3o pr\u00e1tica. Por meio desse tipo de experi\u00eancia, \u00e9 poss\u00edvel obter compet\u00eancias e conhecimentos com a supervis\u00e3o de um profissional j\u00e1 formado.<\/p>\n<p>Para essa atividade, a presen\u00e7a de um profissional em campo \u00e9 obrigat\u00f3ria, ou seja, na institui\u00e7\u00e3o ou empresa em que voc\u00ea cursa o est\u00e1gio, al\u00e9m de um professor da sua faculdade. Nesse tipo de est\u00e1gio, voc\u00ea atua dentro de uma unidade, como por exemplo, empresas, ONGs, Hospitais, Centros de Sa\u00fade e afins experimentando a rotina do ambiente de trabalho e realizando tarefas relativas \u00e0 sua \u00e1rea de estudo.<\/p>\n<p>Durante o per\u00edodo do est\u00e1gio, \u00e9 poss\u00edvel colocar em pr\u00e1tica parte do que \u00e9 estudado em sala de aula e tamb\u00e9m ter contato com as especificidades da profiss\u00e3o escolhida. Essas oportunidades ajudam a ampliar o conhecimento. Esse tipo de est\u00e1gio tem a supervis\u00e3o direta de um professor respons\u00e1vel e, em geral, \u00e9 necess\u00e1rio entregar um relat\u00f3rio, valendo nota.<\/p>\n<p>Voc\u00ea vai perceber que nem sempre a teoria \u00e9 igual \u00e0 pr\u00e1tica, e o dinamismo do mundo moderno permite enfrentar situa\u00e7\u00f5es \u00fanicas, muitas vezes, al\u00e9m do ambiente acad\u00eamico.<\/p>\n<p>&nbsp;<\/p>\n<p><strong>EST\u00c1GIO CURRICULAR N\u00c3O OBRIGAT\u00d3RIO \u2013 EMPREGABILIDADE E CARREIRAS<\/strong><\/p>\n<p>A Lei do Est\u00e1gio garante alguns direitos para os estagi\u00e1rios. Um deles \u00e9 a remunera\u00e7\u00e3o mensal, sem descontos, e as f\u00e9rias remuneradas. Assim, voc\u00ea ter\u00e1 retorno financeiro, o que trar\u00e1 mais liberdade e ainda ajudar\u00e1 a pagar a faculdade.<\/p>\n<p>Dessa forma, voc\u00ea aprende a lidar com o dinheiro desde o in\u00edcio da carreira e pode come\u00e7ar o seu planejamento financeiro, guardando e administrando as finan\u00e7as para fazer cursos de aperfei\u00e7oamento ou ser independente.<\/p>\n<p>Muitas vezes, o est\u00e1gio \u00e9 o primeiro contato do estudante com o mercado de trabalho. A partir dessa experi\u00eancia, \u00e9 poss\u00edvel conhecer os desafios da profiss\u00e3o e buscar formas de solucion\u00e1-los.<\/p>\n<p>Al\u00e9m da experi\u00eancia profissional, voc\u00ea ter\u00e1 a oportunidade de ampliar o seu networking, tanto com outros estudantes e professores quanto com profissionais que j\u00e1 atuam na \u00e1rea e podem fornecer dicas valiosas para quem quer se destacar no mercado. Esse tamb\u00e9m pode ser o passo para o in\u00edcio de sua carreira, por contar como experi\u00eancia profissional e facilitar a conquista do primeiro emprego.<\/p>\n<p>Isso \u00e9 muito importante para o futuro na profiss\u00e3o, pois \u00e9 uma maneira de se tornar conhecido no mercado e aumentar as possibilidades de contrata\u00e7\u00e3o depois de formado. Por isso, mantenha um bom relacionamento com os colegas de empresa e deixe as portas abertas para oportunidades.<\/p>\n<p>O est\u00e1gio tamb\u00e9m \u00e9 uma forma de valorizar o seu curr\u00edculo, j\u00e1 que ele conta como experi\u00eancia profissional e permite o desenvolvimento de uma s\u00e9rie de compet\u00eancias que s\u00f3 podem ser adquiridas quando se vivencia as situa\u00e7\u00f5es na pr\u00e1tica. Al\u00e9m disso, ele demonstra a experi\u00eancia conquistada na \u00e1rea, que ajuda a sinalizar o seu interesse por determinada atua\u00e7\u00e3o e suas atividades. Um candidato que teve uma experi\u00eancia como estagi\u00e1rio costuma estar em vantagem se comparado a outro que nunca atuou na \u00e1rea.<\/p>\n<p>&nbsp;<\/p>\n<p>[\/et_pb_text][\/et_pb_column][\/et_pb_row][\/et_pb_section]<\/p>\n","protected":false},"excerpt":{"rendered":"<p>EST\u00c1GIOSA Lei n\u00ba 11.788, de 25 de setembro de 2008, define o est\u00e1gio como o ato educativo escolar supervisionado, desenvolvido no ambiente de trabalho, que visa \u00e0 prepara\u00e7\u00e3o para o trabalho produtivo do estudante. O est\u00e1gio integra o itiner\u00e1rio formativo do educando e faz parte do projeto pedag\u00f3gico do curso. O est\u00e1gio supervisionado \u00e9 considerado [&hellip;]<\/p>\n","protected":false},"author":1,"featured_media":0,"parent":370264,"menu_order":0,"comment_status":"closed","ping_status":"closed","template":"","meta":{"_et_pb_use_builder":"on","_et_pb_old_content":"","_et_gb_content_width":"","ngg_post_thumbnail":0,"_joinchat":[],"footnotes":"","_links_to":"","_links_to_target":""},"class_list":["post-370272","page","type-page","status-publish","hentry"],"_links":{"self":[{"href":"https:\/\/www.efan.com.br\/universidade\/wp-json\/wp\/v2\/pages\/370272","targetHints":{"allow":["GET"]}}],"collection":[{"href":"https:\/\/www.efan.com.br\/universidade\/wp-json\/wp\/v2\/pages"}],"about":[{"href":"https:\/\/www.efan.com.br\/universidade\/wp-json\/wp\/v2\/types\/page"}],"author":[{"embeddable":true,"href":"https:\/\/www.efan.com.br\/universidade\/wp-json\/wp\/v2\/users\/1"}],"replies":[{"embeddable":true,"href":"https:\/\/www.efan.com.br\/universidade\/wp-json\/wp\/v2\/comments?post=370272"}],"version-history":[{"count":4,"href":"https:\/\/www.efan.com.br\/universidade\/wp-json\/wp\/v2\/pages\/370272\/revisions"}],"predecessor-version":[{"id":987591190,"href":"https:\/\/www.efan.com.br\/universidade\/wp-json\/wp\/v2\/pages\/370272\/revisions\/987591190"}],"up":[{"embeddable":true,"href":"https:\/\/www.efan.com.br\/universidade\/wp-json\/wp\/v2\/pages\/370264"}],"wp:attachment":[{"href":"https:\/\/www.efan.com.br\/universidade\/wp-json\/wp\/v2\/media?parent=370272"}],"curies":[{"name":"wp","href":"https:\/\/api.w.org\/{rel}","templated":true}]}}