{"id":370266,"date":"2024-02-29T08:48:22","date_gmt":"2024-02-29T11:48:22","guid":{"rendered":"https:\/\/www.efan.com.br\/universidade\/?page_id=370266"},"modified":"2026-03-24T17:44:22","modified_gmt":"2026-03-24T20:44:22","slug":"bolsas-efan","status":"publish","type":"page","link":"https:\/\/www.efan.com.br\/universidade\/a-faculdade\/beneficios-e-descontos\/bolsas-efan\/","title":{"rendered":"Bolsas EFAN"},"content":{"rendered":"<p>[et_pb_section fb_built=&#8221;1&#8243; _builder_version=&#8221;4.27.6&#8243; _module_preset=&#8221;default&#8221; background_color=&#8221;gcid-15a64b5a-5c56-46f3-99c0-666a66a3e92c&#8221; custom_padding=&#8221;||14px|||&#8221; global_colors_info=&#8221;{%22gcid-15a64b5a-5c56-46f3-99c0-666a66a3e92c%22:%91%22background_color%22%93}&#8221;][et_pb_row _builder_version=&#8221;4.27.6&#8243; _module_preset=&#8221;default&#8221; custom_margin=&#8221;-47px|auto||auto||&#8221; global_colors_info=&#8221;{}&#8221;][et_pb_column type=&#8221;4_4&#8243; _builder_version=&#8221;4.27.6&#8243; _module_preset=&#8221;default&#8221; global_colors_info=&#8221;{}&#8221;][et_pb_text admin_label=&#8221;T\u00cdTULO DA P\u00c1GINA&#8221; _builder_version=&#8221;4.27.6&#8243; _module_preset=&#8221;default&#8221; hover_enabled=&#8221;0&#8243; global_colors_info=&#8221;{}&#8221; sticky_enabled=&#8221;0&#8243; header_font_size_last_edited=&#8221;on|phone&#8221; header_font_size_phone=&#8221;30px&#8221;]<\/p>\n<h1 class=\"et_pb_module_header\" style=\"text-align: center;\">Bolsas EFAN<\/h1>\n<p>[\/et_pb_text][\/et_pb_column][\/et_pb_row][\/et_pb_section][et_pb_section fb_built=&#8221;1&#8243; _builder_version=&#8221;4.27.6&#8243; _module_preset=&#8221;default&#8221; background_color=&#8221;RGBA(255,255,255,0)&#8221; custom_padding=&#8221;1px||100px|||&#8221; hover_enabled=&#8221;0&#8243; global_module=&#8221;1089259&#8243; saved_tabs=&#8221;all&#8221; global_colors_info=&#8221;{}&#8221; width=&#8221;94%&#8221; sticky_enabled=&#8221;0&#8243; module_alignment=&#8221;center&#8221;][et_pb_row _builder_version=&#8221;4.27.2&#8243; _module_preset=&#8221;default&#8221; width=&#8221;98%&#8221; max_width=&#8221;1400px&#8221; global_colors_info=&#8221;{}&#8221;][et_pb_column type=&#8221;4_4&#8243; _builder_version=&#8221;4.27.2&#8243; _module_preset=&#8221;default&#8221; global_colors_info=&#8221;{}&#8221;][et_pb_text _builder_version=&#8221;4.27.6&#8243; _module_preset=&#8221;default&#8221; text_text_color=&#8221;#000000&#8243; header_4_text_color=&#8221;#FCAC00&#8243; global_colors_info=&#8221;{}&#8221;]<\/p>\n<h4><\/h4>\n<p><span><\/span><\/p>\n<p>As bolsas de descontos ser\u00e3o aplicadas \u00e0s mensalidades dos acad\u00eamicos para o semestre letivo em que estiverem matriculados, excluindo quaisquer taxas adicionais, como declara\u00e7\u00f5es, hist\u00f3rico escolar, diploma, rematr\u00edcula, entre outras. A IES EFAN ofertar\u00e1 as seguintes modalidades de bolsas descontos, nas quais o aluno poder\u00e1 escolher uma por grupo, podendo ser acumulativo um ou mais grupos. No caso da Faculdade EFAN AS BOLSAS ser\u00e3o agrupadas em 5 grupos:<\/p>\n<p>[\/et_pb_text][\/et_pb_column][\/et_pb_row][et_pb_row column_structure=&#8221;1_5,1_5,1_5,1_5,1_5&#8243; use_custom_gutter=&#8221;on&#8221; gutter_width=&#8221;2&#8243; make_equal=&#8221;on&#8221; _builder_version=&#8221;4.27.6&#8243; _module_preset=&#8221;default&#8221; width=&#8221;94%&#8221; max_width=&#8221;1280px&#8221; hover_enabled=&#8221;0&#8243; global_colors_info=&#8221;{}&#8221; sticky_enabled=&#8221;0&#8243; module_alignment=&#8221;center&#8221;][et_pb_column type=&#8221;1_5&#8243; _builder_version=&#8221;4.27.2&#8243; _module_preset=&#8221;default&#8221; global_colors_info=&#8221;{}&#8221;][et_pb_text _builder_version=&#8221;4.27.6&#8243; _module_preset=&#8221;default&#8221; text_font=&#8221;|700|||||||&#8221; text_text_color=&#8221;#FFFFFF&#8221; background_color=&#8221;gcid-15a64b5a-5c56-46f3-99c0-666a66a3e92c&#8221; text_orientation=&#8221;center&#8221; min_height=&#8221;180px&#8221; custom_padding=&#8221;18px|8px|25px|8px|false|true&#8221; border_radii=&#8221;on|7px|7px|7px|7px&#8221; border_width_all=&#8221;2px&#8221; border_color_all=&#8221;gcid-b4e5221b-725e-41b2-9f22-9b0a184c0015&#8243; box_shadow_style=&#8221;preset3&#8243; global_colors_info=&#8221;{%22gcid-15a64b5a-5c56-46f3-99c0-666a66a3e92c%22:%91%22background_color%22%93,%22gcid-b4e5221b-725e-41b2-9f22-9b0a184c0015%22:%91%22border_color_all%22%93}&#8221;]<\/p>\n<h2>GRUPO 1<\/h2>\n<p>1. Produ\u00e7\u00e3o Acad\u00eamica<\/p>\n<p>[\/et_pb_text][\/et_pb_column][et_pb_column type=&#8221;1_5&#8243; _builder_version=&#8221;4.27.2&#8243; _module_preset=&#8221;default&#8221; global_colors_info=&#8221;{}&#8221;][et_pb_text _builder_version=&#8221;4.27.2&#8243; _module_preset=&#8221;default&#8221; text_font=&#8221;|700|||||||&#8221; text_text_color=&#8221;#FFFFFF&#8221; background_color=&#8221;gcid-15a64b5a-5c56-46f3-99c0-666a66a3e92c&#8221; text_orientation=&#8221;center&#8221; min_height=&#8221;180px&#8221; custom_padding=&#8221;18px|8px|25px|8px|false|true&#8221; border_radii=&#8221;on|7px|7px|7px|7px&#8221; border_width_all=&#8221;2px&#8221; border_color_all=&#8221;gcid-b4e5221b-725e-41b2-9f22-9b0a184c0015&#8243; box_shadow_style=&#8221;preset3&#8243; global_colors_info=&#8221;{%22gcid-15a64b5a-5c56-46f3-99c0-666a66a3e92c%22:%91%22background_color%22%93,%22gcid-b4e5221b-725e-41b2-9f22-9b0a184c0015%22:%91%22border_color_all%22%93}&#8221;]<\/p>\n<h2>GRUPO 2<\/h2>\n<p>1. Bolsa Inicia\u00e7\u00e3o Cient\u00edfica;<br \/>2. Bolsa de Incentivo a Extens\u00e3o.<\/p>\n<p>[\/et_pb_text][\/et_pb_column][et_pb_column type=&#8221;1_5&#8243; _builder_version=&#8221;4.27.2&#8243; _module_preset=&#8221;default&#8221; global_colors_info=&#8221;{}&#8221;][et_pb_text _builder_version=&#8221;4.27.2&#8243; _module_preset=&#8221;default&#8221; text_font=&#8221;|700|||||||&#8221; text_text_color=&#8221;#FFFFFF&#8221; background_color=&#8221;gcid-15a64b5a-5c56-46f3-99c0-666a66a3e92c&#8221; text_orientation=&#8221;center&#8221; min_height=&#8221;180px&#8221; custom_padding=&#8221;18px|8px|25px|8px|false|true&#8221; border_radii=&#8221;on|7px|7px|7px|7px&#8221; border_width_all=&#8221;2px&#8221; border_color_all=&#8221;gcid-b4e5221b-725e-41b2-9f22-9b0a184c0015&#8243; box_shadow_style=&#8221;preset3&#8243; global_colors_info=&#8221;{%22gcid-15a64b5a-5c56-46f3-99c0-666a66a3e92c%22:%91%22background_color%22%93,%22gcid-b4e5221b-725e-41b2-9f22-9b0a184c0015%22:%91%22border_color_all%22%93}&#8221;]<\/p>\n<h2>GRUPO 3<\/h2>\n<p>1. Bolsa Monitoria;<br \/>2. Bolsa Trabalho<\/p>\n<p>[\/et_pb_text][\/et_pb_column][et_pb_column type=&#8221;1_5&#8243; _builder_version=&#8221;4.27.2&#8243; _module_preset=&#8221;default&#8221; global_colors_info=&#8221;{}&#8221;][et_pb_text _builder_version=&#8221;4.27.2&#8243; _module_preset=&#8221;default&#8221; text_font=&#8221;|700|||||||&#8221; text_text_color=&#8221;#FFFFFF&#8221; background_color=&#8221;gcid-15a64b5a-5c56-46f3-99c0-666a66a3e92c&#8221; text_orientation=&#8221;center&#8221; min_height=&#8221;180px&#8221; custom_padding=&#8221;18px|8px|25px|8px|false|true&#8221; border_radii=&#8221;on|7px|7px|7px|7px&#8221; border_width_all=&#8221;2px&#8221; border_color_all=&#8221;gcid-b4e5221b-725e-41b2-9f22-9b0a184c0015&#8243; box_shadow_style=&#8221;preset3&#8243; global_colors_info=&#8221;{%22gcid-15a64b5a-5c56-46f3-99c0-666a66a3e92c%22:%91%22background_color%22%93,%22gcid-b4e5221b-725e-41b2-9f22-9b0a184c0015%22:%91%22border_color_all%22%93}&#8221;]<\/p>\n<h2>GRUPO 4<\/h2>\n<p>1. Bolsa Egresso;<br \/>2. Bolsa Regional<\/p>\n<p>[\/et_pb_text][\/et_pb_column][et_pb_column type=&#8221;1_5&#8243; _builder_version=&#8221;4.27.2&#8243; _module_preset=&#8221;default&#8221; global_colors_info=&#8221;{}&#8221;][et_pb_text _builder_version=&#8221;4.27.2&#8243; _module_preset=&#8221;default&#8221; text_font=&#8221;|700|||||||&#8221; text_text_color=&#8221;#FFFFFF&#8221; background_color=&#8221;gcid-15a64b5a-5c56-46f3-99c0-666a66a3e92c&#8221; text_orientation=&#8221;center&#8221; min_height=&#8221;180px&#8221; custom_padding=&#8221;18px|8px|25px|8px|false|true&#8221; border_radii=&#8221;on|7px|7px|7px|7px&#8221; border_width_all=&#8221;2px&#8221; border_color_all=&#8221;gcid-b4e5221b-725e-41b2-9f22-9b0a184c0015&#8243; box_shadow_style=&#8221;preset3&#8243; global_colors_info=&#8221;{%22gcid-15a64b5a-5c56-46f3-99c0-666a66a3e92c%22:%91%22background_color%22%93,%22gcid-b4e5221b-725e-41b2-9f22-9b0a184c0015%22:%91%22border_color_all%22%93}&#8221;]<\/p>\n<h2>GRUPO 5<\/h2>\n<p>1. Bolsa Colaborador;<br \/>2. Bolsa Social<\/p>\n<p>[\/et_pb_text][\/et_pb_column][\/et_pb_row][et_pb_row _builder_version=&#8221;4.27.2&#8243; _module_preset=&#8221;default&#8221; global_colors_info=&#8221;{}&#8221;][et_pb_column type=&#8221;4_4&#8243; _builder_version=&#8221;4.27.2&#8243; _module_preset=&#8221;default&#8221; global_colors_info=&#8221;{}&#8221;][et_pb_text _builder_version=&#8221;4.27.6&#8243; _module_preset=&#8221;default&#8221; text_text_color=&#8221;#000000&#8243; text_orientation=&#8221;center&#8221; global_colors_info=&#8221;{}&#8221;]<\/p>\n<p>Abaixo apresentamos de forma detalhada as bolsas de descontos oferecidas pela IES EFAN aos alunos regularmente matriculados, proporcionando informa\u00e7\u00f5es claras e acess\u00edveis para facilitar o acessoaos benef\u00edcios dispon\u00edveis.<\/p>\n<p><strong>CLIQUE E CONFIRA!<\/strong><\/p>\n<p>[\/et_pb_text][et_pb_button button_url=&#8221;https:\/\/www.efan.com.br\/universidade\/wp-content\/uploads\/2024\/10\/Manual-de-bolsas-EFAN.pdf&#8221; url_new_window=&#8221;on&#8221; button_text=&#8221;Manual de Bolsas&#8221; button_alignment=&#8221;center&#8221; _builder_version=&#8221;4.27.2&#8243; _module_preset=&#8221;default&#8221; custom_button=&#8221;on&#8221; button_text_size=&#8221;24px&#8221; button_text_color=&#8221;#FFFFFF&#8221; button_bg_color=&#8221;#B77900&#8243; button_border_color=&#8221;#FFFFFF&#8221; button_border_radius=&#8221;30px&#8221; box_shadow_style=&#8221;preset3&#8243; global_colors_info=&#8221;{}&#8221; button_bg_color__hover_enabled=&#8221;on|desktop&#8221; button_bg_color__hover=&#8221;#004F00&#8243; button_bg_enable_color__hover=&#8221;on&#8221;][\/et_pb_button][\/et_pb_column][\/et_pb_row][\/et_pb_section]<\/p>\n","protected":false},"excerpt":{"rendered":"<p>Bolsas EFAN As bolsas de descontos ser\u00e3o aplicadas \u00e0s mensalidades dos acad\u00eamicos para o semestre letivo em que estiverem matriculados, excluindo quaisquer taxas adicionais, como declara\u00e7\u00f5es, hist\u00f3rico escolar, diploma, rematr\u00edcula, entre outras. A IES EFAN ofertar\u00e1 as seguintes modalidades de bolsas descontos, nas quais o aluno poder\u00e1 escolher uma por grupo, podendo ser acumulativo um [&hellip;]<\/p>\n","protected":false},"author":1,"featured_media":0,"parent":370264,"menu_order":0,"comment_status":"closed","ping_status":"closed","template":"","meta":{"_et_pb_use_builder":"on","_et_pb_old_content":"","_et_gb_content_width":"","ngg_post_thumbnail":0,"_joinchat":[],"footnotes":"","_links_to":"","_links_to_target":""},"class_list":["post-370266","page","type-page","status-publish","hentry"],"_links":{"self":[{"href":"https:\/\/www.efan.com.br\/universidade\/wp-json\/wp\/v2\/pages\/370266","targetHints":{"allow":["GET"]}}],"collection":[{"href":"https:\/\/www.efan.com.br\/universidade\/wp-json\/wp\/v2\/pages"}],"about":[{"href":"https:\/\/www.efan.com.br\/universidade\/wp-json\/wp\/v2\/types\/page"}],"author":[{"embeddable":true,"href":"https:\/\/www.efan.com.br\/universidade\/wp-json\/wp\/v2\/users\/1"}],"replies":[{"embeddable":true,"href":"https:\/\/www.efan.com.br\/universidade\/wp-json\/wp\/v2\/comments?post=370266"}],"version-history":[{"count":7,"href":"https:\/\/www.efan.com.br\/universidade\/wp-json\/wp\/v2\/pages\/370266\/revisions"}],"predecessor-version":[{"id":987591494,"href":"https:\/\/www.efan.com.br\/universidade\/wp-json\/wp\/v2\/pages\/370266\/revisions\/987591494"}],"up":[{"embeddable":true,"href":"https:\/\/www.efan.com.br\/universidade\/wp-json\/wp\/v2\/pages\/370264"}],"wp:attachment":[{"href":"https:\/\/www.efan.com.br\/universidade\/wp-json\/wp\/v2\/media?parent=370266"}],"curies":[{"name":"wp","href":"https:\/\/api.w.org\/{rel}","templated":true}]}}