{"id":370260,"date":"2024-02-29T08:47:37","date_gmt":"2024-02-29T11:47:37","guid":{"rendered":"https:\/\/www.efan.com.br\/universidade\/?page_id=370260"},"modified":"2026-03-19T12:38:52","modified_gmt":"2026-03-19T15:38:52","slug":"plano-de-contingencia-efan","status":"publish","type":"page","link":"https:\/\/www.efan.com.br\/universidade\/a-faculdade\/sobre\/plano-de-contingencia-efan\/","title":{"rendered":"Plano de Conting\u00eancia EFAN"},"content":{"rendered":"<p>[et_pb_section fb_built=&#8221;1&#8243; _builder_version=&#8221;4.27.6&#8243; _module_preset=&#8221;default&#8221; background_color=&#8221;gcid-15a64b5a-5c56-46f3-99c0-666a66a3e92c&#8221; custom_padding=&#8221;||14px|||&#8221; global_colors_info=&#8221;{%22gcid-15a64b5a-5c56-46f3-99c0-666a66a3e92c%22:%91%22background_color%22%93}&#8221;][et_pb_row _builder_version=&#8221;4.27.6&#8243; _module_preset=&#8221;default&#8221; custom_margin=&#8221;-47px|auto||auto||&#8221; global_colors_info=&#8221;{}&#8221;][et_pb_column type=&#8221;4_4&#8243; _builder_version=&#8221;4.27.6&#8243; _module_preset=&#8221;default&#8221; global_colors_info=&#8221;{}&#8221;][et_pb_text admin_label=&#8221;T\u00cdTULO DA P\u00c1GINA&#8221; _builder_version=&#8221;4.27.6&#8243; _module_preset=&#8221;default&#8221; global_colors_info=&#8221;{}&#8221;]<\/p>\n<h1 class=\"et_pb_module_header\" style=\"text-align: center;\">Plano de Conting\u00eancia EFAN<\/h1>\n<p>[\/et_pb_text][\/et_pb_column][\/et_pb_row][\/et_pb_section][et_pb_section fb_built=&#8221;1&#8243; _builder_version=&#8221;4.27.6&#8243; _module_preset=&#8221;default&#8221; background_color=&#8221;RGBA(255,255,255,0)&#8221; background_enable_mask_style=&#8221;on&#8221; background_mask_style=&#8221;chevrons&#8221; background_mask_color=&#8221;RGBA(255,255,255,0)&#8221; background_mask_aspect_ratio=&#8221;square&#8221; custom_padding=&#8221;53px||100px|||&#8221; global_colors_info=&#8221;{}&#8221;][et_pb_row column_structure=&#8221;1_3,2_3&#8243; _builder_version=&#8221;4.24.3&#8243; _module_preset=&#8221;default&#8221; width=&#8221;90%&#8221; max_width=&#8221;1280px&#8221; global_colors_info=&#8221;{}&#8221;][et_pb_column type=&#8221;1_3&#8243; _builder_version=&#8221;4.24.2&#8243; _module_preset=&#8221;default&#8221; global_colors_info=&#8221;{}&#8221;][et_pb_image src=&#8221;https:\/\/www.efan.com.br\/universidade\/wp-content\/uploads\/2024\/05\/efan-contingencia.jpg&#8221; title_text=&#8221;efan-contingencia&#8221; _builder_version=&#8221;4.25.0&#8243; _module_preset=&#8221;default&#8221; box_shadow_style=&#8221;preset3&#8243; box_shadow_color=&#8221;rgba(0,0,0,0.64)&#8221; global_colors_info=&#8221;{}&#8221;][\/et_pb_image][\/et_pb_column][et_pb_column type=&#8221;2_3&#8243; _builder_version=&#8221;4.24.2&#8243; _module_preset=&#8221;default&#8221; global_colors_info=&#8221;{}&#8221;][et_pb_blurb title=&#8221;Anexos do PDI \u2013 EFAN&#8221; url=&#8221;https:\/\/www.efan.com.br\/universidade\/wp-content\/uploads\/2024\/04\/ANEXOS-DO-PDI-EFAN.pdf&#8221; url_new_window=&#8221;on&#8221; use_icon=&#8221;on&#8221; font_icon=&#8221;&#xe04a;||divi||400&#8243; icon_color=&#8221;gcid-b4e5221b-725e-41b2-9f22-9b0a184c0015&#8243; icon_placement=&#8221;left&#8221; image_icon_width=&#8221;22px&#8221; content_max_width=&#8221;100%&#8221; _builder_version=&#8221;4.27.6&#8243; _module_preset=&#8221;default&#8221; header_font=&#8221;|600|||||||&#8221; header_text_color=&#8221;gcid-b4e5221b-725e-41b2-9f22-9b0a184c0015&#8243; header_font_size=&#8221;15px&#8221; header_line_height=&#8221;1.5em&#8221; width=&#8221;90%&#8221; module_alignment=&#8221;left&#8221; custom_margin=&#8221;0px|0px|0px|0px|false|false&#8221; custom_padding=&#8221;0px|0px|15px|0px|false|false&#8221; link_option_url_new_window=&#8221;on&#8221; hover_enabled=&#8221;0&#8243; border_color_top_image=&#8221;#FCAC00&#8243; global_colors_info=&#8221;{%22gcid-b4e5221b-725e-41b2-9f22-9b0a184c0015%22:%91%22header_text_color%22,%22icon_color%22%93,%22gcid-15a64b5a-5c56-46f3-99c0-666a66a3e92c%22:%91%22header_text_color__hover%22%93}&#8221; header_text_color__hover_enabled=&#8221;on|hover&#8221; header_text_color__hover=&#8221;gcid-15a64b5a-5c56-46f3-99c0-666a66a3e92c&#8221; sticky_enabled=&#8221;0&#8243;][\/et_pb_blurb][et_pb_blurb title=&#8221;BDS \u2013 Plano de conting\u00eancia Saraiva Educa\u00e7\u00e3o&#8221; url=&#8221;https:\/\/www.efan.com.br\/universidade\/wp-content\/uploads\/2024\/04\/BDS-Plano-de-contingencia-Saraiva-Educacao.pdf&#8221; url_new_window=&#8221;on&#8221; use_icon=&#8221;on&#8221; font_icon=&#8221;&#xe04a;||divi||400&#8243; icon_color=&#8221;gcid-b4e5221b-725e-41b2-9f22-9b0a184c0015&#8243; icon_placement=&#8221;left&#8221; image_icon_width=&#8221;22px&#8221; content_max_width=&#8221;100%&#8221; _builder_version=&#8221;4.24.3&#8243; _module_preset=&#8221;default&#8221; header_font=&#8221;|600|||||||&#8221; header_text_color=&#8221;gcid-b4e5221b-725e-41b2-9f22-9b0a184c0015&#8243; header_font_size=&#8221;15px&#8221; header_line_height=&#8221;1.5em&#8221; width=&#8221;90%&#8221; module_alignment=&#8221;left&#8221; custom_margin=&#8221;0px|0px|0px|0px|false|false&#8221; custom_padding=&#8221;0px|0px|15px|0px|false|false&#8221; link_option_url_new_window=&#8221;on&#8221; border_color_top_image=&#8221;#FCAC00&#8243; header_text_color__hover=&#8221;gcid-15a64b5a-5c56-46f3-99c0-666a66a3e92c&#8221; header_text_color__hover_enabled=&#8221;on|hover&#8221; global_colors_info=&#8221;{%22gcid-b4e5221b-725e-41b2-9f22-9b0a184c0015%22:%91%22header_text_color%22,%22icon_color%22,%22header_text_color%22,%22icon_color%22%93,%22gcid-15a64b5a-5c56-46f3-99c0-666a66a3e92c%22:%91%22header_text_color__hover%22%93}&#8221;][\/et_pb_blurb][et_pb_blurb title=&#8221;BDS \u2013 Programa\u00e7\u00e3o de atualiza\u00e7\u00e3o de acervo&#8221; url=&#8221;https:\/\/www.efan.com.br\/universidade\/wp-content\/uploads\/2024\/04\/BDS-Programacao-de-atualizacao-de-acervo.pdf&#8221; url_new_window=&#8221;on&#8221; use_icon=&#8221;on&#8221; font_icon=&#8221;&#xe04a;||divi||400&#8243; icon_color=&#8221;gcid-b4e5221b-725e-41b2-9f22-9b0a184c0015&#8243; icon_placement=&#8221;left&#8221; image_icon_width=&#8221;22px&#8221; content_max_width=&#8221;100%&#8221; _builder_version=&#8221;4.24.3&#8243; _module_preset=&#8221;default&#8221; header_font=&#8221;|600|||||||&#8221; header_text_color=&#8221;gcid-b4e5221b-725e-41b2-9f22-9b0a184c0015&#8243; header_font_size=&#8221;15px&#8221; header_line_height=&#8221;1.5em&#8221; width=&#8221;90%&#8221; module_alignment=&#8221;left&#8221; custom_margin=&#8221;0px|0px|0px|0px|false|false&#8221; custom_padding=&#8221;0px|0px|15px|0px|false|false&#8221; link_option_url_new_window=&#8221;on&#8221; border_color_top_image=&#8221;#FCAC00&#8243; header_text_color__hover=&#8221;gcid-15a64b5a-5c56-46f3-99c0-666a66a3e92c&#8221; header_text_color__hover_enabled=&#8221;on|hover&#8221; global_colors_info=&#8221;{%22gcid-b4e5221b-725e-41b2-9f22-9b0a184c0015%22:%91%22header_text_color%22,%22icon_color%22,%22header_text_color%22,%22icon_color%22%93,%22gcid-15a64b5a-5c56-46f3-99c0-666a66a3e92c%22:%91%22header_text_color__hover%22%93}&#8221;][\/et_pb_blurb][et_pb_blurb title=&#8221;Plano de Atualiza\u00e7\u00e3o do Acervo&#8221; url=&#8221;https:\/\/www.efan.com.br\/universidade\/wp-content\/uploads\/2024\/04\/Plano-de-Atualizacao-do-Acervo.pdf&#8221; url_new_window=&#8221;on&#8221; use_icon=&#8221;on&#8221; font_icon=&#8221;&#xe04a;||divi||400&#8243; icon_color=&#8221;gcid-b4e5221b-725e-41b2-9f22-9b0a184c0015&#8243; icon_placement=&#8221;left&#8221; image_icon_width=&#8221;22px&#8221; content_max_width=&#8221;100%&#8221; _builder_version=&#8221;4.24.3&#8243; _module_preset=&#8221;default&#8221; header_font=&#8221;|600|||||||&#8221; header_text_color=&#8221;gcid-b4e5221b-725e-41b2-9f22-9b0a184c0015&#8243; header_font_size=&#8221;15px&#8221; header_line_height=&#8221;1.5em&#8221; width=&#8221;90%&#8221; module_alignment=&#8221;left&#8221; custom_margin=&#8221;0px|0px|0px|0px|false|false&#8221; custom_padding=&#8221;0px|0px|15px|0px|false|false&#8221; link_option_url_new_window=&#8221;on&#8221; border_color_top_image=&#8221;#FCAC00&#8243; header_text_color__hover=&#8221;gcid-15a64b5a-5c56-46f3-99c0-666a66a3e92c&#8221; header_text_color__hover_enabled=&#8221;on|hover&#8221; global_colors_info=&#8221;{%22gcid-b4e5221b-725e-41b2-9f22-9b0a184c0015%22:%91%22header_text_color%22,%22icon_color%22,%22header_text_color%22,%22icon_color%22%93,%22gcid-15a64b5a-5c56-46f3-99c0-666a66a3e92c%22:%91%22header_text_color__hover%22%93}&#8221;][\/et_pb_blurb][et_pb_blurb title=&#8221;Plano de Conting\u00eancias \u2013 Biblioteca&#8221; url=&#8221;https:\/\/www.efan.com.br\/universidade\/wp-content\/uploads\/2024\/04\/Plano-de-Contigencias-Biblioteca.pdf&#8221; url_new_window=&#8221;on&#8221; use_icon=&#8221;on&#8221; font_icon=&#8221;&#xe04a;||divi||400&#8243; icon_color=&#8221;gcid-b4e5221b-725e-41b2-9f22-9b0a184c0015&#8243; icon_placement=&#8221;left&#8221; image_icon_width=&#8221;22px&#8221; content_max_width=&#8221;100%&#8221; _builder_version=&#8221;4.24.3&#8243; _module_preset=&#8221;default&#8221; header_font=&#8221;|600|||||||&#8221; header_text_color=&#8221;gcid-b4e5221b-725e-41b2-9f22-9b0a184c0015&#8243; header_font_size=&#8221;15px&#8221; header_line_height=&#8221;1.5em&#8221; width=&#8221;90%&#8221; module_alignment=&#8221;left&#8221; custom_margin=&#8221;0px|0px|0px|0px|false|false&#8221; custom_padding=&#8221;0px|0px|15px|0px|false|false&#8221; link_option_url_new_window=&#8221;on&#8221; border_color_top_image=&#8221;#FCAC00&#8243; header_text_color__hover=&#8221;gcid-15a64b5a-5c56-46f3-99c0-666a66a3e92c&#8221; header_text_color__hover_enabled=&#8221;on|hover&#8221; global_colors_info=&#8221;{%22gcid-b4e5221b-725e-41b2-9f22-9b0a184c0015%22:%91%22header_text_color%22,%22icon_color%22,%22header_text_color%22,%22icon_color%22%93,%22gcid-15a64b5a-5c56-46f3-99c0-666a66a3e92c%22:%91%22header_text_color__hover%22%93}&#8221;][\/et_pb_blurb][et_pb_blurb title=&#8221;Regimento da Biblioteca e Plano de Conting\u00eancia EFAN&#8221; url=&#8221;https:\/\/www.efan.com.br\/universidade\/wp-content\/uploads\/2024\/04\/REGIMENTO-DA-BIBLIOTECA-E-PLANO-DE-CONTINGENCIA-EFAN.pdf&#8221; url_new_window=&#8221;on&#8221; use_icon=&#8221;on&#8221; font_icon=&#8221;&#xe04a;||divi||400&#8243; icon_color=&#8221;gcid-b4e5221b-725e-41b2-9f22-9b0a184c0015&#8243; icon_placement=&#8221;left&#8221; image_icon_width=&#8221;22px&#8221; content_max_width=&#8221;100%&#8221; _builder_version=&#8221;4.24.3&#8243; _module_preset=&#8221;default&#8221; header_font=&#8221;|600|||||||&#8221; header_text_color=&#8221;gcid-b4e5221b-725e-41b2-9f22-9b0a184c0015&#8243; header_font_size=&#8221;15px&#8221; header_line_height=&#8221;1.5em&#8221; width=&#8221;90%&#8221; module_alignment=&#8221;left&#8221; custom_margin=&#8221;0px|0px|0px|0px|false|false&#8221; custom_padding=&#8221;0px|0px|15px|0px|false|false&#8221; link_option_url_new_window=&#8221;on&#8221; border_color_top_image=&#8221;#FCAC00&#8243; header_text_color__hover=&#8221;gcid-15a64b5a-5c56-46f3-99c0-666a66a3e92c&#8221; header_text_color__hover_enabled=&#8221;on|hover&#8221; global_colors_info=&#8221;{%22gcid-b4e5221b-725e-41b2-9f22-9b0a184c0015%22:%91%22header_text_color%22,%22icon_color%22,%22header_text_color%22,%22icon_color%22%93,%22gcid-15a64b5a-5c56-46f3-99c0-666a66a3e92c%22:%91%22header_text_color__hover%22%93}&#8221;][\/et_pb_blurb][\/et_pb_column][\/et_pb_row][\/et_pb_section]<\/p>\n","protected":false},"excerpt":{"rendered":"<p>Plano de Conting\u00eancia EFAN<\/p>\n","protected":false},"author":1,"featured_media":0,"parent":370248,"menu_order":0,"comment_status":"closed","ping_status":"closed","template":"","meta":{"_et_pb_use_builder":"on","_et_pb_old_content":"","_et_gb_content_width":"","ngg_post_thumbnail":0,"_joinchat":[],"footnotes":"","_links_to":"","_links_to_target":""},"class_list":["post-370260","page","type-page","status-publish","hentry"],"_links":{"self":[{"href":"https:\/\/www.efan.com.br\/universidade\/wp-json\/wp\/v2\/pages\/370260","targetHints":{"allow":["GET"]}}],"collection":[{"href":"https:\/\/www.efan.com.br\/universidade\/wp-json\/wp\/v2\/pages"}],"about":[{"href":"https:\/\/www.efan.com.br\/universidade\/wp-json\/wp\/v2\/types\/page"}],"author":[{"embeddable":true,"href":"https:\/\/www.efan.com.br\/universidade\/wp-json\/wp\/v2\/users\/1"}],"replies":[{"embeddable":true,"href":"https:\/\/www.efan.com.br\/universidade\/wp-json\/wp\/v2\/comments?post=370260"}],"version-history":[{"count":0,"href":"https:\/\/www.efan.com.br\/universidade\/wp-json\/wp\/v2\/pages\/370260\/revisions"}],"up":[{"embeddable":true,"href":"https:\/\/www.efan.com.br\/universidade\/wp-json\/wp\/v2\/pages\/370248"}],"wp:attachment":[{"href":"https:\/\/www.efan.com.br\/universidade\/wp-json\/wp\/v2\/media?parent=370260"}],"curies":[{"name":"wp","href":"https:\/\/api.w.org\/{rel}","templated":true}]}}