{"id":370256,"date":"2024-02-29T08:47:14","date_gmt":"2024-02-29T11:47:14","guid":{"rendered":"https:\/\/www.efan.com.br\/universidade\/?page_id=370256"},"modified":"2026-03-19T10:57:03","modified_gmt":"2026-03-19T13:57:03","slug":"politica-de-privacidade","status":"publish","type":"page","link":"https:\/\/www.efan.com.br\/universidade\/a-faculdade\/sobre\/politica-de-privacidade\/","title":{"rendered":"Pol\u00edtica de privacidade"},"content":{"rendered":"<p>[et_pb_section fb_built=&#8221;1&#8243; theme_builder_area=&#8221;post_content&#8221; _builder_version=&#8221;4.27.6&#8243; _module_preset=&#8221;default&#8221; global_colors_info=&#8221;{%22gcid-15a64b5a-5c56-46f3-99c0-666a66a3e92c%22:%91%22background_color%22%93}&#8221; background_color=&#8221;gcid-15a64b5a-5c56-46f3-99c0-666a66a3e92c&#8221; hover_enabled=&#8221;0&#8243; sticky_enabled=&#8221;0&#8243; custom_padding=&#8221;||14px|||&#8221;][et_pb_row _builder_version=&#8221;4.27.6&#8243; _module_preset=&#8221;default&#8221; theme_builder_area=&#8221;post_content&#8221; custom_margin=&#8221;-47px|auto||auto||&#8221;][et_pb_column _builder_version=&#8221;4.27.6&#8243; _module_preset=&#8221;default&#8221; type=&#8221;4_4&#8243; theme_builder_area=&#8221;post_content&#8221;][et_pb_text _builder_version=&#8221;4.27.6&#8243; _module_preset=&#8221;default&#8221; theme_builder_area=&#8221;post_content&#8221; hover_enabled=&#8221;0&#8243; sticky_enabled=&#8221;0&#8243; admin_label=&#8221;T\u00cdTULO DA P\u00c1GINA&#8221;]<\/p>\n<h1 class=\"et_pb_module_header\" style=\"text-align: center;\">Pol\u00edtica de privacidade<\/h1>\n<p>[\/et_pb_text][\/et_pb_column][\/et_pb_row][\/et_pb_section][et_pb_section fb_built=&#8221;1&#8243; _builder_version=&#8221;4.27.6&#8243; _module_preset=&#8221;default&#8221; background_color=&#8221;RGBA(255,255,255,0)&#8221; hover_enabled=&#8221;0&#8243; global_colors_info=&#8221;{}&#8221; custom_padding=&#8221;33px|||||&#8221; sticky_enabled=&#8221;0&#8243;][et_pb_row _builder_version=&#8221;4.24.3&#8243; _module_preset=&#8221;default&#8221; width=&#8221;90%&#8221; max_width=&#8221;1280px&#8221; global_colors_info=&#8221;{}&#8221; custom_padding=&#8221;3px|||||&#8221;][et_pb_column type=&#8221;4_4&#8243; _builder_version=&#8221;4.24.2&#8243; _module_preset=&#8221;default&#8221; global_colors_info=&#8221;{}&#8221;][et_pb_text _builder_version=&#8221;4.27.6&#8243; _module_preset=&#8221;default&#8221; text_text_color=&#8221;#000000&#8243; header_text_color=&#8221;gcid-b4e5221b-725e-41b2-9f22-9b0a184c0015&#8243; header_4_text_color=&#8221;#FCAC00&#8243; custom_padding=&#8221;1px|||||&#8221; hover_enabled=&#8221;0&#8243; global_colors_info=&#8221;{%22gcid-b4e5221b-725e-41b2-9f22-9b0a184c0015%22:%91%22header_text_color%22%93}&#8221; header_text_align=&#8221;center&#8221; sticky_enabled=&#8221;0&#8243;]<\/p>\n<p>A Faculdade EFAN valoriza profundamente a privacidade e a integridade dos dados de seus usu\u00e1rios. Nosso compromisso \u00e9 respeitar sua privacidade e proteger qualquer informa\u00e7\u00e3o pessoal coletada atrav\u00e9s de nosso site e outros canais digitais que operamos.<\/p>\n<p><strong>Coleta de Informa\u00e7\u00f5es<\/strong><\/p>\n<p>Coletamos informa\u00e7\u00f5es pessoais apenas quando estritamente necess\u00e1rio e sempre com o seu consentimento expl\u00edcito e informado. Nosso objetivo \u00e9 fornecer servi\u00e7os de qualidade, e a coleta de dados ocorre de maneira justa e legal, com transpar\u00eancia sobre como essas informa\u00e7\u00f5es ser\u00e3o utilizadas.<\/p>\n<p><strong>Armazenamento e Prote\u00e7\u00e3o de Dados<\/strong><\/p>\n<p>Retemos as informa\u00e7\u00f5es coletadas pelo tempo estritamente necess\u00e1rio para cumprir os servi\u00e7os solicitados. Utilizamos medidas de seguran\u00e7a tecnicamente adequadas para proteger os dados contra perda, roubo, acesso n\u00e3o autorizado e divulga\u00e7\u00e3o indevida.<\/p>\n<p><strong>Compartilhamento de Informa\u00e7\u00f5es<\/strong><\/p>\n<p>N\u00e3o divulgamos informa\u00e7\u00f5es pessoais publicamente ou a terceiros, exceto quando requerido por lei. Nosso site pode conter links para sites externos, operados por terceiros, sobre os quais n\u00e3o temos controle. N\u00e3o nos responsabilizamos pelas pr\u00e1ticas de privacidade desses outros sites.<\/p>\n<p><strong>Direitos do Usu\u00e1rio<\/strong><\/p>\n<p>Voc\u00ea tem o direito de recusar o fornecimento de suas informa\u00e7\u00f5es pessoais, entendendo que isso pode limitar os servi\u00e7os que podemos oferecer. Encorajamos a continuidade do uso de nosso site como uma aceita\u00e7\u00e3o de nossas pr\u00e1ticas de privacidade.<\/p>\n<p><strong>Contato<\/strong><\/p>\n<p>Se tiver d\u00favidas sobre como gerenciamos dados do usu\u00e1rio e informa\u00e7\u00f5es pessoais, n\u00e3o hesite em entrar em contato conosco.<\/p>\n<p><strong>Pol\u00edtica de Cookies<\/strong><\/p>\n<p><strong>O que s\u00e3o cookies?<\/strong><\/p>\n<p>Cookies s\u00e3o pequenos arquivos de texto que s\u00e3o colocados no seu dispositivo para ajudar o site a proporcionar uma melhor experi\u00eancia ao usu\u00e1rio. Eles s\u00e3o utilizados para manter a funcionalidade do site e melhorar a navega\u00e7\u00e3o.<\/p>\n<p><strong>Uso de Cookies<\/strong><\/p>\n<p>Utilizamos cookies pelos seguintes motivos:<\/p>\n<p>&#8211; Cookies de sess\u00e3o: Para gerenciar o processo de inscri\u00e7\u00e3o e administra\u00e7\u00e3o geral.<\/p>\n<p>&#8211; Cookies de login:** Para lembrar suas sess\u00f5es ativas, evitando a necessidade de login repetido.<\/p>\n<p>&#8211; Cookies de funcionalidade: Para lembrar suas prefer\u00eancias e configura\u00e7\u00f5es.<\/p>\n<p>&#8211; Cookies de an\u00e1lise: Para entender como voc\u00ea usa nosso site, visando melhorar continuamente o conte\u00fado e a experi\u00eancia do usu\u00e1rio.<\/p>\n<p><strong>Gerenciamento de Cookies<\/strong><\/p>\n<p>Voc\u00ea pode controlar e\/ou excluir cookies como desejar &#8211; para detalhes, consulte aboutcookies.org. Voc\u00ea pode deletar todos os cookies que j\u00e1 est\u00e3o no seu computador e configurar a maioria dos navegadores para impedir que sejam colocados.<\/p>\n<p><strong>**Cookies de Terceiros**<\/strong><\/p>\n<p>Em alguns casos, tamb\u00e9m usamos cookies de terceiros confi\u00e1veis para estat\u00edsticas de uso e an\u00e1lises de marketing.<\/p>\n<p>Compromisso do Usu\u00e1rio<\/p>\n<p>Ao utilizar nosso site, voc\u00ea se compromete a n\u00e3o engajar em atividades prejudiciais ou ilegais, e a n\u00e3o disseminar conte\u00fado nocivo ou malicioso.<\/p>\n<p><strong>Maiores Informa\u00e7\u00f5es<\/strong><\/p>\n<p>Esperamos que esta pol\u00edtica tenha esclarecido o uso de cookies e pr\u00e1ticas de privacidade. Se voc\u00ea tiver d\u00favidas, \u00e9 recomend\u00e1vel manter os cookies ativados para garantir o funcionamento de todos os recursos do nosso site.<\/p>\n<p>&nbsp;<\/p>\n<p>Esta pol\u00edtica entra em vigor a partir de Janeiro\/2024.<\/p>\n<p>&nbsp;<\/p>\n<p>[\/et_pb_text][\/et_pb_column][\/et_pb_row][\/et_pb_section]<\/p>\n","protected":false},"excerpt":{"rendered":"<p>Pol\u00edtica de privacidadeA Faculdade EFAN valoriza profundamente a privacidade e a integridade dos dados de seus usu\u00e1rios. Nosso compromisso \u00e9 respeitar sua privacidade e proteger qualquer informa\u00e7\u00e3o pessoal coletada atrav\u00e9s de nosso site e outros canais digitais que operamos. Coleta de Informa\u00e7\u00f5es Coletamos informa\u00e7\u00f5es pessoais apenas quando estritamente necess\u00e1rio e sempre com o seu consentimento [&hellip;]<\/p>\n","protected":false},"author":1,"featured_media":0,"parent":370248,"menu_order":0,"comment_status":"closed","ping_status":"closed","template":"","meta":{"_et_pb_use_builder":"on","_et_pb_old_content":"","_et_gb_content_width":"","ngg_post_thumbnail":0,"_joinchat":[],"footnotes":"","_links_to":"","_links_to_target":""},"class_list":["post-370256","page","type-page","status-publish","hentry"],"_links":{"self":[{"href":"https:\/\/www.efan.com.br\/universidade\/wp-json\/wp\/v2\/pages\/370256","targetHints":{"allow":["GET"]}}],"collection":[{"href":"https:\/\/www.efan.com.br\/universidade\/wp-json\/wp\/v2\/pages"}],"about":[{"href":"https:\/\/www.efan.com.br\/universidade\/wp-json\/wp\/v2\/types\/page"}],"author":[{"embeddable":true,"href":"https:\/\/www.efan.com.br\/universidade\/wp-json\/wp\/v2\/users\/1"}],"replies":[{"embeddable":true,"href":"https:\/\/www.efan.com.br\/universidade\/wp-json\/wp\/v2\/comments?post=370256"}],"version-history":[{"count":0,"href":"https:\/\/www.efan.com.br\/universidade\/wp-json\/wp\/v2\/pages\/370256\/revisions"}],"up":[{"embeddable":true,"href":"https:\/\/www.efan.com.br\/universidade\/wp-json\/wp\/v2\/pages\/370248"}],"wp:attachment":[{"href":"https:\/\/www.efan.com.br\/universidade\/wp-json\/wp\/v2\/media?parent=370256"}],"curies":[{"name":"wp","href":"https:\/\/api.w.org\/{rel}","templated":true}]}}